{"id":11,"date":"2022-10-08T01:23:42","date_gmt":"2022-10-08T01:23:42","guid":{"rendered":"http:\/\/highleveleducation.com\/old\/?page_id=11"},"modified":"2022-10-29T23:16:03","modified_gmt":"2022-10-29T23:16:03","slug":"inicio","status":"publish","type":"page","link":"https:\/\/highleveleducation.com\/old\/","title":{"rendered":"High Level"},"content":{"rendered":"<p>[et_pb_section fb_built=\u00bb1&#8243; fullwidth=\u00bbon\u00bb _builder_version=\u00bb4.18.0&#8243; _module_preset=\u00bbdefault\u00bb background_color=\u00bb#128C26&#8243; use_background_color_gradient=\u00bbon\u00bb global_colors_info=\u00bb{}\u00bb][et_pb_fullwidth_slider _builder_version=\u00bb4.18.0&#8243; _module_preset=\u00bbdefault\u00bb custom_padding=\u00bb61px||78px|||\u00bb auto=\u00bbon\u00bb auto_speed=\u00bb9000&#8243; hover_enabled=\u00bb0&#8243; global_colors_info=\u00bb{}\u00bb sticky_enabled=\u00bb0&#8243;][et_pb_slide heading=\u00bbCursos sujetos a la Legislaci\u00f3n (Obligatorios para las empresas)  \u00bb _builder_version=\u00bb4.18.0&#8243; _module_preset=\u00bbdefault\u00bb header_font=\u00bb|700|||||||\u00bb header_font_size=\u00bb35px\u00bb header_line_height=\u00bb1.5em\u00bb body_font=\u00bb|700|||||||\u00bb body_font_size=\u00bb17px\u00bb background_enable_color=\u00bboff\u00bb use_background_color_gradient=\u00bbon\u00bb background_color_gradient_direction=\u00bb178deg\u00bb background_color_gradient_stops=\u00bb#128c26 0%|#128c26 31%|#125400 68%\u00bb background_enable_image=\u00bboff\u00bb custom_button=\u00bbon\u00bb button_text_color=\u00bb#000000&#8243; button_bg_color=\u00bb#7CDA24&#8243; button_border_width=\u00bb0px\u00bb button_icon=\u00bb&#x39;||divi||400&#8243; hover_enabled=\u00bb0&#8243; body_text_shadow_style=\u00bbpreset5&#8243; button_text_shadow_style=\u00bbpreset1&#8243; global_colors_info=\u00bb{}\u00bb sticky_transition=\u00bbon\u00bb sticky_enabled=\u00bb0&#8243;]<\/p>\n<h1><strong>Cumple con las normativas y Forma a tus trabajadores<\/strong><\/h1>\n<p><strong><\/strong><\/p>\n<div style=\"padding: 10px; float: left; width: 45%; text-align: justify;\">\n<ul>\n<li style=\"text-align: left;\">Higiene Alimentaria: Manipulador alimentos<\/li>\n<li style=\"text-align: left;\">Higiene Alimentaria: Plan de Higiene<\/li>\n<li style=\"text-align: left;\">Higiene Alimentaria: APPCC<\/li>\n<li style=\"text-align: left;\">Higiene Alimentaria: Alergenos Alimentarios<\/li>\n<li style=\"text-align: left;\">Prevenci\u00f3n de Riesgos Laborales (FORMACI\u00d3N CONTINUA)<\/li>\n<li style=\"text-align: left;\">Prevenci\u00f3n de Blanqueo de Capitales<\/li>\n<\/ul>\n<\/div>\n<div style=\"padding: 10px; float: right; width: 45%; text-align: justify;\">\n<ul>\n<li style=\"text-align: left;\">Reglamento General de Protecci\u00f3n de Datos: RGPD-GDD<\/li>\n<li style=\"text-align: left;\">Blanqueo Capitales<\/li>\n<li style=\"text-align: left;\">Prevenci\u00f3n de Acoso<\/li>\n<li style=\"text-align: left;\">Protocolo de Acoso<\/li>\n<li style=\"text-align: left;\">T\u00e9cnico en igualdad<\/li>\n<li style=\"text-align: left;\">Primeros Auxilios<\/li>\n<li style=\"text-align: left;\">COVID 19 en empresas<\/li>\n<\/ul>\n<\/div>\n<p>[\/et_pb_slide][et_pb_slide heading=\u00bb\u00daltima reforma Laboral \u00bb _builder_version=\u00bb4.18.0&#8243; _module_preset=\u00bbdefault\u00bb header_font=\u00bb|700|||||||\u00bb header_font_size=\u00bb35px\u00bb header_line_height=\u00bb1.5em\u00bb body_font=\u00bb|700|||||||\u00bb body_font_size=\u00bb17px\u00bb background_enable_color=\u00bboff\u00bb use_background_color_gradient=\u00bbon\u00bb background_color_gradient_direction=\u00bb178deg\u00bb background_color_gradient_stops=\u00bb#128c26 0%|#128c26 31%|#125400 68%\u00bb background_enable_image=\u00bboff\u00bb custom_button=\u00bbon\u00bb button_text_color=\u00bb#000000&#8243; button_bg_color=\u00bb#7CDA24&#8243; button_border_width=\u00bb0px\u00bb button_icon=\u00bb&#x39;||divi||400&#8243; hover_enabled=\u00bb0&#8243; body_text_shadow_style=\u00bbpreset5&#8243; button_text_shadow_style=\u00bbpreset1&#8243; global_colors_info=\u00bb{}\u00bb sticky_transition=\u00bbon\u00bb sticky_enabled=\u00bb0&#8243;]<\/p>\n<h1><strong> El Contrato de Formaci\u00f3n en Alternancia<\/strong><\/h1>\n<p>&nbsp;<\/p>\n<div style=\"padding: 10px; float: left; width: 45%; text-align: justify;\">\n<ul>\n<li>\u00danico Contrato Bonificado<\/li>\n<li>On-line, con tutorizaciones presenciales<\/li>\n<\/ul>\n<\/div>\n<div style=\"padding: 10px; float: right; width: 45%; text-align: justify;\">\n<ul>\n<li>Estudio y Tramitaci\u00f3n atenci\u00f3n en l\u00ednea<\/li>\n<\/ul>\n<\/div>\n<p>[\/et_pb_slide][et_pb_slide heading=\u00bbPrevenci\u00f3n de acoso en el trabajo \u00bb _builder_version=\u00bb4.18.0&#8243; _module_preset=\u00bbdefault\u00bb header_font=\u00bb|700|||||||\u00bb header_font_size=\u00bb35px\u00bb header_line_height=\u00bb1.5em\u00bb body_font=\u00bb|700|||||||\u00bb body_font_size=\u00bb17px\u00bb background_enable_color=\u00bboff\u00bb use_background_color_gradient=\u00bbon\u00bb background_color_gradient_direction=\u00bb178deg\u00bb background_color_gradient_stops=\u00bb#128c26 0%|#128c26 31%|#125400 68%\u00bb background_enable_image=\u00bboff\u00bb custom_button=\u00bbon\u00bb button_text_color=\u00bb#000000&#8243; button_bg_color=\u00bb#7CDA24&#8243; button_border_width=\u00bb0px\u00bb button_icon=\u00bb&#x39;||divi||400&#8243; hover_enabled=\u00bb0&#8243; body_text_shadow_style=\u00bbpreset5&#8243; button_text_shadow_style=\u00bbpreset1&#8243; global_colors_info=\u00bb{}\u00bb sticky_transition=\u00bbon\u00bb sticky_enabled=\u00bb0&#8243;]<\/p>\n<h1><strong>Para crear un entorno laboral libre y seguro para los empleados sin:<\/strong><strong><\/strong><\/h1>\n<div style=\"padding: 10px; float: left; width: 45%; text-align: justify;\">\n<ul>\n<li>Acoso f\u00edsico<\/li>\n<li>Discriminaci\u00f3n<\/li>\n<li>Acoso sexual<\/li>\n<li>Abuso de poder<\/li>\n<\/ul>\n<\/div>\n<div style=\"padding: 10px; float: right; width: 45%; text-align: justify;\">\n<ul>\n<li>Acoso psicol\u00f3gico<\/li>\n<li>Represalias<\/li>\n<li>Ciberacoso<\/li>\n<\/ul>\n<\/div>\n<p>[\/et_pb_slide][\/et_pb_fullwidth_slider][\/et_pb_section][et_pb_section fb_built=\u00bb1&#8243; _builder_version=\u00bb4.16&#8243; _module_preset=\u00bbdefault\u00bb global_colors_info=\u00bb{}\u00bb][et_pb_row column_structure=\u00bb1_4,1_4,1_4,1_4&#8243; _builder_version=\u00bb4.16&#8243; _module_preset=\u00bbdefault\u00bb global_colors_info=\u00bb{}\u00bb][et_pb_column type=\u00bb1_4&#8243; _builder_version=\u00bb4.16&#8243; _module_preset=\u00bbdefault\u00bb use_background_color_gradient=\u00bbon\u00bb background_image=\u00bbhttp:\/\/highleveleducation.com\/old\/wp-content\/uploads\/2022\/10\/oferta-de-trabajo.jpg\u00bb box_shadow_style=\u00bbpreset1&#8243; global_colors_info=\u00bb{}\u00bb][et_pb_text _builder_version=\u00bb4.16&#8243; _module_preset=\u00bbdefault\u00bb header_3_text_color=\u00bb#FFFFFF\u00bb header_3_line_height=\u00bb1.2em\u00bb custom_margin=\u00bb20px||91px||false|false\u00bb custom_padding=\u00bb10px||10px||false|false\u00bb header_3_text_shadow_style=\u00bbpreset4&#8243; global_colors_info=\u00bb{}\u00bb]<\/p>\n<h3 style=\"text-align: center;\"><strong>CONSIGUE TU TRABAJO SO\u00d1ADO<\/strong><\/h3>\n<p>[\/et_pb_text][et_pb_text _builder_version=\u00bb4.16&#8243; _module_preset=\u00bbdefault\u00bb header_font=\u00bb|||on|||||\u00bb header_text_color=\u00bb#000000&#8243; header_line_height=\u00bb1.2em\u00bb custom_margin=\u00bb10px|10px|10px|10px|false|false\u00bb custom_padding=\u00bb25px||20px||false|false\u00bb header_text_shadow_style=\u00bbpreset1&#8243; header_text_shadow_color=\u00bb#7CDA24&#8243; global_colors_info=\u00bb{}\u00bb]<\/p>\n<h1 style=\"text-align: left;\"><strong>Servicio de ofertas de empleo<\/strong><\/h1>\n<p>[\/et_pb_text][\/et_pb_column][et_pb_column type=\u00bb1_4&#8243; _builder_version=\u00bb4.16&#8243; _module_preset=\u00bbdefault\u00bb background_image=\u00bbhttp:\/\/highleveleducation.com\/old\/wp-content\/uploads\/2022\/10\/contrato-de-formacion.jpg\u00bb box_shadow_style=\u00bbpreset1&#8243; global_colors_info=\u00bb{}\u00bb][et_pb_text _builder_version=\u00bb4.16&#8243; _module_preset=\u00bbdefault\u00bb header_3_text_color=\u00bb#FFFFFF\u00bb header_3_line_height=\u00bb1.2em\u00bb custom_margin=\u00bb20px||91px||false|false\u00bb custom_padding=\u00bb10px||10px||false|false\u00bb header_3_text_shadow_style=\u00bbpreset4&#8243; locked=\u00bboff\u00bb global_colors_info=\u00bb{}\u00bb]<\/p>\n<h3 style=\"text-align: center;\"><strong>NUEVO CONTRATO DE FORMACI\u00d3N<\/strong><\/h3>\n<p>[\/et_pb_text][et_pb_text _builder_version=\u00bb4.16&#8243; _module_preset=\u00bbdefault\u00bb header_font=\u00bb|||on|||||\u00bb header_text_color=\u00bb#000000&#8243; header_line_height=\u00bb1.2em\u00bb custom_margin=\u00bb10px|10px|10px|10px|false|false\u00bb custom_padding=\u00bb25px||20px||false|false\u00bb header_text_shadow_style=\u00bbpreset1&#8243; header_text_shadow_color=\u00bb#7CDA24&#8243; locked=\u00bboff\u00bb global_colors_info=\u00bb{}\u00bb]<\/p>\n<h1 style=\"text-align: left;\"><strong>CONTRATO DE FORMACI\u00d3N EN ALTERNANCIA<\/strong><\/h1>\n<p>[\/et_pb_text][\/et_pb_column][et_pb_column type=\u00bb1_4&#8243; _builder_version=\u00bb4.16&#8243; _module_preset=\u00bbdefault\u00bb background_image=\u00bbhttp:\/\/highleveleducation.com\/old\/wp-content\/uploads\/2022\/10\/formacion-programada.jpg\u00bb box_shadow_style=\u00bbpreset1&#8243; global_colors_info=\u00bb{}\u00bb][et_pb_text _builder_version=\u00bb4.16&#8243; _module_preset=\u00bbdefault\u00bb header_3_text_color=\u00bb#FFFFFF\u00bb header_3_line_height=\u00bb1.2em\u00bb custom_margin=\u00bb20px||61px||false|false\u00bb custom_padding=\u00bb10px||10px||false|false\u00bb header_3_text_shadow_style=\u00bbpreset4&#8243; locked=\u00bboff\u00bb global_colors_info=\u00bb{}\u00bb]<\/p>\n<h3 style=\"text-align: center;\"><strong>FORMACI\u00d3N PROGRAMADA<\/strong><\/h3>\n<p>[\/et_pb_text][et_pb_text _builder_version=\u00bb4.16&#8243; _module_preset=\u00bbdefault\u00bb header_font=\u00bb|||on|||||\u00bb header_text_color=\u00bb#000000&#8243; header_line_height=\u00bb1.2em\u00bb custom_margin=\u00bb10px|10px|10px|10px|false|false\u00bb custom_padding=\u00bb25px||20px||false|false\u00bb header_text_shadow_style=\u00bbpreset1&#8243; header_text_shadow_color=\u00bb#7CDA24&#8243; locked=\u00bboff\u00bb global_colors_info=\u00bb{}\u00bb]<\/p>\n<h1 style=\"text-align: left;\"><strong>FORMACI\u00d3N PROGRAMADA 100% BONIFICABLE<\/strong><\/h1>\n<p>[\/et_pb_text][\/et_pb_column][et_pb_column type=\u00bb1_4&#8243; _builder_version=\u00bb4.16&#8243; _module_preset=\u00bbdefault\u00bb background_image=\u00bbhttp:\/\/highleveleducation.com\/old\/wp-content\/uploads\/2022\/10\/formacion-privada.jpg\u00bb box_shadow_style=\u00bbpreset1&#8243; global_colors_info=\u00bb{}\u00bb][et_pb_text _builder_version=\u00bb4.16&#8243; _module_preset=\u00bbdefault\u00bb header_3_text_color=\u00bb#FFFFFF\u00bb header_3_line_height=\u00bb1.2em\u00bb custom_margin=\u00bb20px||91px||false|false\u00bb custom_padding=\u00bb10px||10px||false|false\u00bb header_3_text_shadow_style=\u00bbpreset4&#8243; locked=\u00bboff\u00bb global_colors_info=\u00bb{}\u00bb]<\/p>\n<h3 style=\"text-align: center;\"><strong>CONSIGUE TU TRABAJO SO\u00d1ADO<\/strong><\/h3>\n<p>[\/et_pb_text][et_pb_text _builder_version=\u00bb4.16&#8243; _module_preset=\u00bbdefault\u00bb header_font=\u00bb|||on|||||\u00bb header_text_color=\u00bb#000000&#8243; header_line_height=\u00bb1.2em\u00bb custom_margin=\u00bb10px|10px|10px|10px|false|false\u00bb custom_padding=\u00bb25px||20px||false|false\u00bb header_text_shadow_style=\u00bbpreset1&#8243; header_text_shadow_color=\u00bb#7CDA24&#8243; locked=\u00bboff\u00bb global_colors_info=\u00bb{}\u00bb]<\/p>\n<h1 style=\"text-align: left;\"><strong>Servicio de ofertas de empleo<\/strong><\/h1>\n<p>[\/et_pb_text][\/et_pb_column][\/et_pb_row][\/et_pb_section][et_pb_section fb_built=\u00bb1&#8243; specialty=\u00bbon\u00bb admin_label=\u00bbAll Courses\u00bb _builder_version=\u00bb4.16&#8243; background_color=\u00bb#eaeaea\u00bb custom_padding=\u00bb100px|0px|100px|0px\u00bb global_colors_info=\u00bb{}\u00bb][et_pb_column type=\u00bb1_3&#8243; _builder_version=\u00bb4.16&#8243; custom_padding=\u00bb|||\u00bb global_colors_info=\u00bb{}\u00bb parallax__hover=\u00bboff\u00bb parallax_method__hover=\u00bbon\u00bb custom_padding__hover=\u00bb|||\u00bb][et_pb_text _builder_version=\u00bb4.16&#8243; header_font=\u00bb||||||||\u00bb header_2_font=\u00bb|700|||||||\u00bb header_2_text_color=\u00bb#7CDA24&#8243; header_2_font_size=\u00bb36px\u00bb header_2_line_height=\u00bb1.3em\u00bb custom_margin=\u00bb||20px|\u00bb animation_style=\u00bbslide\u00bb animation_direction=\u00bbbottom\u00bb animation_intensity_slide=\u00bb10%\u00bb header_2_text_shadow_style=\u00bbpreset4&#8243; locked=\u00bboff\u00bb global_colors_info=\u00bb{}\u00bb header_font_size__hover=\u00bb30px\u00bb header_font_size__hover_enabled=\u00bb30px\u00bb header_letter_spacing__hover=\u00bb0px\u00bb header_letter_spacing__hover_enabled=\u00bb0px\u00bb header_text_shadow_style__hover=\u00bbnone\u00bb header_text_shadow_style__hover_enabled=\u00bbnone\u00bb header_text_shadow_color__hover=\u00bbrgba(0,0,0,0.4)\u00bb header_text_shadow_color__hover_enabled=\u00bbrgba(0,0,0,0.4)\u00bb]<\/p>\n<h2 style=\"text-align: center;\">ACCESOS R\u00c1PIDOS<\/h2>\n<p>[\/et_pb_text][et_pb_divider color=\u00bb#09e1c0&#8243; divider_weight=\u00bb4px\u00bb disabled_on=\u00bbon|on|off\u00bb _builder_version=\u00bb4.16&#8243; background_size=\u00bbinitial\u00bb background_position=\u00bbtop_left\u00bb background_repeat=\u00bbrepeat\u00bb max_width=\u00bb40px\u00bb module_alignment=\u00bbleft\u00bb custom_margin=\u00bb||10px|\u00bb animation_style=\u00bbzoom\u00bb animation_direction=\u00bbleft\u00bb saved_tabs=\u00bball\u00bb locked=\u00bboff\u00bb global_colors_info=\u00bb{}\u00bb][\/et_pb_divider][et_pb_button button_url=\u00bb#\u00bb button_text=\u00bbVER TODOS LOS CURSOS\u00bb button_alignment=\u00bbleft\u00bb _builder_version=\u00bb4.16&#8243; custom_button=\u00bbon\u00bb button_text_size=\u00bb16px\u00bb button_text_color=\u00bb#FFFFFF\u00bb button_bg_color=\u00bb#000000&#8243; button_border_width=\u00bb10px\u00bb button_border_color=\u00bb#000000&#8243; button_border_radius=\u00bb100px\u00bb button_letter_spacing=\u00bb1px\u00bb button_font=\u00bb|on||on|\u00bb button_icon=\u00bb&#x45;||divi||400&#8243; button_on_hover=\u00bboff\u00bb custom_margin=\u00bb20px|||\u00bb animation_style=\u00bbzoom\u00bb animation_delay=\u00bb100ms\u00bb animation_intensity_zoom=\u00bb6%\u00bb box_shadow_style=\u00bbpreset1&#8243; box_shadow_vertical=\u00bb10px\u00bb box_shadow_blur=\u00bb50px\u00bb box_shadow_spread=\u00bb5px\u00bb box_shadow_color=\u00bbrgba(114,114,255,0.4)\u00bb button_letter_spacing_hover=\u00bb2px\u00bb saved_tabs=\u00bball\u00bb locked=\u00bboff\u00bb global_colors_info=\u00bb{}\u00bb button_text_size__hover_enabled=\u00bboff\u00bb button_text_size__hover=\u00bbnull\u00bb button_one_text_size__hover_enabled=\u00bboff\u00bb button_one_text_size__hover=\u00bbnull\u00bb button_two_text_size__hover_enabled=\u00bboff\u00bb button_two_text_size__hover=\u00bbnull\u00bb button_text_color__hover_enabled=\u00bboff\u00bb button_text_color__hover=\u00bbnull\u00bb button_one_text_color__hover_enabled=\u00bboff\u00bb button_one_text_color__hover=\u00bbnull\u00bb button_two_text_color__hover_enabled=\u00bboff\u00bb button_two_text_color__hover=\u00bbnull\u00bb button_border_width__hover_enabled=\u00bboff\u00bb button_border_width__hover=\u00bbnull\u00bb button_one_border_width__hover_enabled=\u00bboff\u00bb button_one_border_width__hover=\u00bbnull\u00bb button_two_border_width__hover_enabled=\u00bboff\u00bb button_two_border_width__hover=\u00bbnull\u00bb button_border_color__hover_enabled=\u00bboff\u00bb button_border_color__hover=\u00bbnull\u00bb button_one_border_color__hover_enabled=\u00bboff\u00bb button_one_border_color__hover=\u00bbnull\u00bb button_two_border_color__hover_enabled=\u00bboff\u00bb button_two_border_color__hover=\u00bbnull\u00bb button_border_radius__hover_enabled=\u00bboff\u00bb button_border_radius__hover=\u00bbnull\u00bb button_one_border_radius__hover_enabled=\u00bboff\u00bb button_one_border_radius__hover=\u00bbnull\u00bb button_two_border_radius__hover_enabled=\u00bboff\u00bb button_two_border_radius__hover=\u00bbnull\u00bb button_letter_spacing__hover_enabled=\u00bbon\u00bb button_letter_spacing__hover=\u00bb2px\u00bb button_one_letter_spacing__hover_enabled=\u00bboff\u00bb button_one_letter_spacing__hover=\u00bbnull\u00bb button_two_letter_spacing__hover_enabled=\u00bboff\u00bb button_two_letter_spacing__hover=\u00bbnull\u00bb button_bg_color__hover_enabled=\u00bboff\u00bb button_bg_color__hover=\u00bbnull\u00bb button_one_bg_color__hover_enabled=\u00bboff\u00bb button_one_bg_color__hover=\u00bbnull\u00bb button_two_bg_color__hover_enabled=\u00bboff\u00bb button_two_bg_color__hover=\u00bbnull\u00bb][\/et_pb_button][\/et_pb_column][et_pb_column type=\u00bb2_3&#8243; specialty_columns=\u00bb2&#8243; _builder_version=\u00bb4.16&#8243; custom_padding=\u00bb|||\u00bb global_colors_info=\u00bb{}\u00bb parallax__hover=\u00bboff\u00bb parallax_method__hover=\u00bbon\u00bb custom_padding__hover=\u00bb|||\u00bb][et_pb_row_inner column_structure=\u00bb1_2,1_2&#8243; use_custom_gutter=\u00bbon\u00bb gutter_width=\u00bb1&#8243; _builder_version=\u00bb4.16&#8243; custom_padding=\u00bb0px|0px|0px|0px\u00bb animation_style=\u00bbzoom\u00bb animation_intensity_zoom=\u00bb6%\u00bb box_shadow_style=\u00bbpreset1&#8243; box_shadow_vertical=\u00bb10px\u00bb box_shadow_blur=\u00bb60px\u00bb box_shadow_color=\u00bbrgba(71,74,182,0.12)\u00bb global_colors_info=\u00bb{}\u00bb][et_pb_column_inner type=\u00bb1_2&#8243; saved_specialty_column_type=\u00bb2_3&#8243; module_class=\u00bbet_pb_column_1_2&#8243; _builder_version=\u00bb4.16&#8243; custom_padding=\u00bb|||\u00bb global_colors_info=\u00bb{}\u00bb parallax__hover=\u00bboff\u00bb parallax_method__hover=\u00bbon\u00bb module_class__hover=\u00bbet_pb_column_1_2&#8243; custom_padding__hover=\u00bb|||\u00bb][et_pb_blurb title=\u00bbSIMULADOR PARA LA CONTRATACI\u00d3N\u00bb url=\u00bb#\u00bb image=\u00bbhttp:\/\/highleveleducation.com\/old\/wp-content\/uploads\/2022\/10\/coding-icon_4.jpg\u00bb icon_placement=\u00bbleft\u00bb image_icon_width=\u00bb64px\u00bb content_max_width=\u00bb1100px\u00bb _builder_version=\u00bb4.16&#8243; header_font=\u00bb|on|||\u00bb header_text_color=\u00bb#2e2545&#8243; header_line_height=\u00bb1.5em\u00bb body_text_color=\u00bb#8585bd\u00bb body_line_height=\u00bb1.9em\u00bb background_color=\u00bb#ffffff\u00bb custom_margin=\u00bb|||\u00bb custom_padding=\u00bb30px|30px|30px|30px\u00bb animation_style=\u00bbzoom\u00bb animation_direction=\u00bbbottom\u00bb animation_intensity_zoom=\u00bb20%\u00bb animation_starting_opacity=\u00bb100%\u00bb box_shadow_style=\u00bbpreset7&#8243; box_shadow_horizontal=\u00bb-1px\u00bb box_shadow_vertical=\u00bb-1px\u00bb box_shadow_color=\u00bbrgba(71,74,182,0.12)\u00bb image_max_width=\u00bb64px\u00bb locked=\u00bboff\u00bb global_colors_info=\u00bb{}\u00bb]<\/p>\n<p style=\"text-align: justify;\"><span>La principal ventaja es que este modelo de contrato es el que supone un&nbsp;<\/span><span class=\"resaltado2\">menor coste salarial<\/span><span>&nbsp;para la empresa, con unas diferencias abismales sobre cualquier otro tipo de modalidad contractual.<\/span><\/p>\n<p>[\/et_pb_blurb][et_pb_blurb title=\u00bbOFERTAS DE EMPLEO\u00bb url=\u00bb#\u00bb image=\u00bbhttp:\/\/highleveleducation.com\/old\/wp-content\/uploads\/2022\/10\/coding-iconArtboard-19-copy-9.jpg\u00bb icon_placement=\u00bbleft\u00bb image_icon_width=\u00bb64px\u00bb content_max_width=\u00bb1100px\u00bb _builder_version=\u00bb4.16&#8243; header_font=\u00bb|on|||\u00bb header_text_color=\u00bb#2e2545&#8243; header_line_height=\u00bb1.5em\u00bb body_text_color=\u00bb#8585bd\u00bb body_line_height=\u00bb1.9em\u00bb background_color=\u00bb#ffffff\u00bb custom_margin=\u00bb|||\u00bb custom_padding=\u00bb30px|30px|28px|30px||\u00bb animation_style=\u00bbzoom\u00bb animation_direction=\u00bbbottom\u00bb animation_intensity_zoom=\u00bb20%\u00bb animation_starting_opacity=\u00bb100%\u00bb box_shadow_style=\u00bbpreset7&#8243; box_shadow_horizontal=\u00bb-1px\u00bb box_shadow_vertical=\u00bb-1px\u00bb box_shadow_color=\u00bbrgba(71,74,182,0.12)\u00bb image_max_width=\u00bb64px\u00bb locked=\u00bboff\u00bb global_colors_info=\u00bb{}\u00bb]&nbsp;<\/p>\n<p>Encuentra las mejores ofertas de empleo para t\u00ed.<\/p>\n<p>&nbsp;[\/et_pb_blurb][\/et_pb_column_inner][et_pb_column_inner type=\u00bb1_2&#8243; saved_specialty_column_type=\u00bb2_3&#8243; module_class=\u00bbet_pb_column_1_2&#8243; _builder_version=\u00bb4.16&#8243; custom_padding=\u00bb|||\u00bb global_colors_info=\u00bb{}\u00bb parallax__hover=\u00bboff\u00bb parallax_method__hover=\u00bbon\u00bb module_class__hover=\u00bbet_pb_column_1_2&#8243; custom_padding__hover=\u00bb|||\u00bb][et_pb_blurb title=\u00bbREGISTRO DE HORARIO\u00bb url=\u00bb#\u00bb image=\u00bbhttp:\/\/highleveleducation.com\/old\/wp-content\/uploads\/2022\/10\/coding-icon_14.jpg\u00bb icon_placement=\u00bbleft\u00bb image_icon_width=\u00bb64px\u00bb content_max_width=\u00bb1100px\u00bb _builder_version=\u00bb4.16&#8243; header_font=\u00bb|on|||\u00bb header_text_color=\u00bb#2e2545&#8243; header_line_height=\u00bb1.5em\u00bb body_text_color=\u00bb#8585bd\u00bb body_line_height=\u00bb1.9em\u00bb background_color=\u00bb#ffffff\u00bb custom_margin=\u00bb|||\u00bb custom_padding=\u00bb30px|30px|30px|30px\u00bb animation_style=\u00bbzoom\u00bb animation_direction=\u00bbbottom\u00bb animation_intensity_zoom=\u00bb20%\u00bb animation_starting_opacity=\u00bb100%\u00bb box_shadow_style=\u00bbpreset7&#8243; box_shadow_horizontal=\u00bb-1px\u00bb box_shadow_vertical=\u00bb-1px\u00bb box_shadow_color=\u00bbrgba(71,74,182,0.12)\u00bb image_max_width=\u00bb64px\u00bb locked=\u00bboff\u00bb global_colors_info=\u00bb{}\u00bb]<\/p>\n<p style=\"text-align: justify;\"><span>las empresas deber\u00e1n asegurar el registro diario de jornada, incluido el horario de inicio y culminaci\u00f3n de la jornada laboral de cada trabajador. E<\/span>st\u00e1 obligada a almacenar los registros de la jornada laboral durante cuatro&nbsp;a\u00f1os.<\/p>\n<p>[\/et_pb_blurb][et_pb_blurb title=\u00bbContrato de Formaci\u00f3n en Alternancia\u00bb url=\u00bb#\u00bb image=\u00bbhttp:\/\/highleveleducation.com\/old\/wp-content\/uploads\/2022\/10\/coding-icon_15.jpg\u00bb icon_placement=\u00bbleft\u00bb image_icon_width=\u00bb64px\u00bb content_max_width=\u00bb1100px\u00bb _builder_version=\u00bb4.16&#8243; header_font=\u00bb|on|||\u00bb header_text_color=\u00bb#2e2545&#8243; header_line_height=\u00bb1.5em\u00bb body_text_color=\u00bb#8585bd\u00bb body_line_height=\u00bb1.9em\u00bb background_color=\u00bb#ffffff\u00bb custom_margin=\u00bb|||\u00bb custom_padding=\u00bb30px|30px|30px|30px\u00bb animation_style=\u00bbzoom\u00bb animation_direction=\u00bbbottom\u00bb animation_intensity_zoom=\u00bb20%\u00bb animation_starting_opacity=\u00bb100%\u00bb box_shadow_style=\u00bbpreset7&#8243; box_shadow_horizontal=\u00bb-1px\u00bb box_shadow_vertical=\u00bb-1px\u00bb box_shadow_color=\u00bbrgba(71,74,182,0.12)\u00bb image_max_width=\u00bb64px\u00bb locked=\u00bboff\u00bb global_colors_info=\u00bb{}\u00bb]<\/p>\n<p style=\"text-align: justify;\"><span>Su finalidad es compatibilizar la actividad laboral retribuida con la formaci\u00f3n<\/span><span>&nbsp;profesional y los estudios universitarios.<\/span><\/p>\n<p>[\/et_pb_blurb][\/et_pb_column_inner][\/et_pb_row_inner][\/et_pb_column][\/et_pb_section]<\/p>\n","protected":false},"excerpt":{"rendered":"<p>Cumple con las normativas y Forma a tus trabajadores Higiene Alimentaria: Manipulador alimentos Higiene Alimentaria: Plan de Higiene Higiene Alimentaria: APPCC Higiene Alimentaria: Alergenos Alimentarios Prevenci\u00f3n de Riesgos Laborales (FORMACI\u00d3N CONTINUA) Prevenci\u00f3n de Blanqueo de Capitales Reglamento General de Protecci\u00f3n de Datos: RGPD-GDD Blanqueo Capitales Prevenci\u00f3n de Acoso Protocolo de Acoso T\u00e9cnico en igualdad Primeros [&hellip;]<\/p>\n","protected":false},"author":1,"featured_media":0,"parent":0,"menu_order":0,"comment_status":"closed","ping_status":"closed","template":"","meta":{"_et_pb_use_builder":"on","_et_pb_old_content":"","_et_gb_content_width":"","footnotes":""},"class_list":["post-11","page","type-page","status-publish","hentry"],"_links":{"self":[{"href":"https:\/\/highleveleducation.com\/old\/wp-json\/wp\/v2\/pages\/11","targetHints":{"allow":["GET"]}}],"collection":[{"href":"https:\/\/highleveleducation.com\/old\/wp-json\/wp\/v2\/pages"}],"about":[{"href":"https:\/\/highleveleducation.com\/old\/wp-json\/wp\/v2\/types\/page"}],"author":[{"embeddable":true,"href":"https:\/\/highleveleducation.com\/old\/wp-json\/wp\/v2\/users\/1"}],"replies":[{"embeddable":true,"href":"https:\/\/highleveleducation.com\/old\/wp-json\/wp\/v2\/comments?post=11"}],"version-history":[{"count":41,"href":"https:\/\/highleveleducation.com\/old\/wp-json\/wp\/v2\/pages\/11\/revisions"}],"predecessor-version":[{"id":686,"href":"https:\/\/highleveleducation.com\/old\/wp-json\/wp\/v2\/pages\/11\/revisions\/686"}],"wp:attachment":[{"href":"https:\/\/highleveleducation.com\/old\/wp-json\/wp\/v2\/media?parent=11"}],"curies":[{"name":"wp","href":"https:\/\/api.w.org\/{rel}","templated":true}]}}