{"id":85,"date":"2022-10-09T02:39:47","date_gmt":"2022-10-09T02:39:47","guid":{"rendered":"http:\/\/highleveleducation.com\/old\/?page_id=85"},"modified":"2022-10-20T03:01:38","modified_gmt":"2022-10-20T03:01:38","slug":"cursos","status":"publish","type":"page","link":"http:\/\/highleveleducation.com\/old\/cursos\/","title":{"rendered":"FORMACI\u00d3N PRIVADA"},"content":{"rendered":"<p>[et_pb_section fb_built=\u00bb1&#8243; admin_label=\u00bbLanding Hero\u00bb _builder_version=\u00bb3.22&#8243; background_enable_color=\u00bboff\u00bb use_background_color_gradient=\u00bbon\u00bb background_color_gradient_start=\u00bb#34ba00&#8243; background_color_gradient_end=\u00bbrgba(158,216,104,0.46)\u00bb background_image=\u00bbhttp:\/\/highleveleducation.com\/old\/wp-content\/uploads\/2022\/10\/coding-background-texture.jpg\u00bb background_blend=\u00bboverlay\u00bb custom_padding=\u00bb52px|0px|39px|0px||\u00bb animation_style=\u00bbslide\u00bb animation_direction=\u00bbtop\u00bb animation_intensity_slide=\u00bb2%\u00bb locked=\u00bboff\u00bb][et_pb_row _builder_version=\u00bb4.9.0&#8243; custom_margin=\u00bb|||\u00bb custom_width_px=\u00bb1280px\u00bb][et_pb_column type=\u00bb4_4&#8243; _builder_version=\u00bb3.25&#8243; custom_padding=\u00bb|||\u00bb custom_padding__hover=\u00bb|||\u00bb][et_pb_text _builder_version=\u00bb4.9.0&#8243; header_font=\u00bb|on|||\u00bb header_font_size=\u00bb42px\u00bb header_line_height=\u00bb1.3em\u00bb background_layout=\u00bbdark\u00bb custom_padding=\u00bb|||\u00bb hover_enabled=\u00bb0&#8243; header_font_size_last_edited=\u00bboff|desktop\u00bb locked=\u00bboff\u00bb header_text_shadow_style=\u00bbpreset5&#8243; sticky_enabled=\u00bb0&#8243;]<\/p>\n<h1 style=\"text-align: center;\">CURSOS<\/h1>\n<p>[\/et_pb_text][et_pb_text _builder_version=\u00bb4.9.0&#8243; text_text_color=\u00bb#FFFFFF\u00bb text_font_size=\u00bb16px\u00bb text_line_height=\u00bb1.9em\u00bb hover_enabled=\u00bb0&#8243; locked=\u00bboff\u00bb text_text_shadow_style=\u00bbpreset1&#8243; sticky_enabled=\u00bb0&#8243;]<\/p>\n<p style=\"text-align: center;\"><strong>Te presentamos los cursos que tenemos para ti.<\/strong><\/p>\n<p>[\/et_pb_text][\/et_pb_column][\/et_pb_row][\/et_pb_section][et_pb_section fb_built=\u00bb1&#8243; admin_label=\u00bbLearn by Doing\u00bb _builder_version=\u00bb3.22&#8243; custom_padding=\u00bb48px|0px|19px|0px||\u00bb][et_pb_row column_structure=\u00bb1_2,1_2&#8243; _builder_version=\u00bb3.25&#8243; custom_padding=\u00bb35px|0px|30px|0px||\u00bb][et_pb_column type=\u00bb1_2&#8243; _builder_version=\u00bb3.25&#8243; custom_padding=\u00bb|||\u00bb custom_padding__hover=\u00bb|||\u00bb][et_pb_text _builder_version=\u00bb4.9.0&#8243; header_font=\u00bb||||||||\u00bb header_2_font=\u00bb|700|||||||\u00bb header_2_text_color=\u00bb#7272ff\u00bb header_2_font_size=\u00bb36px\u00bb header_2_line_height=\u00bb1.3em\u00bb custom_margin=\u00bb||20px|\u00bb animation_style=\u00bbslide\u00bb animation_direction=\u00bbbottom\u00bb animation_intensity_slide=\u00bb10%\u00bb hover_enabled=\u00bb0&#8243; locked=\u00bboff\u00bb header_font_size__hover=\u00bb30px\u00bb header_font_size__hover_enabled=\u00bb30px\u00bb header_letter_spacing__hover=\u00bb0px\u00bb header_letter_spacing__hover_enabled=\u00bb0px\u00bb header_text_shadow_style__hover=\u00bbnone\u00bb header_text_shadow_style__hover_enabled=\u00bbnone\u00bb header_text_shadow_color__hover=\u00bbrgba(0,0,0,0.4)\u00bb header_text_shadow_color__hover_enabled=\u00bbrgba(0,0,0,0.4)\u00bb sticky_enabled=\u00bb0&#8243;]<\/p>\n<h2><span style=\"color: #99cc00;\"><strong>Curso de Aplicador de Productos Fitosanitarios Cualificado<\/strong><\/span><\/h2>\n<p>[\/et_pb_text][et_pb_divider color=\u00bb#09e1c0&#8243; divider_weight=\u00bb4px\u00bb disabled_on=\u00bbon|on|off\u00bb _builder_version=\u00bb3.2&#8243; background_size=\u00bbinitial\u00bb background_position=\u00bbtop_left\u00bb background_repeat=\u00bbrepeat\u00bb max_width=\u00bb40px\u00bb module_alignment=\u00bbleft\u00bb custom_margin=\u00bb||10px|\u00bb animation_style=\u00bbzoom\u00bb animation_direction=\u00bbleft\u00bb saved_tabs=\u00bball\u00bb locked=\u00bboff\u00bb][\/et_pb_divider][et_pb_text _builder_version=\u00bb4.9.0&#8243; text_font=\u00bb||||||||\u00bb text_text_color=\u00bb#8585bd\u00bb text_font_size=\u00bb16px\u00bb text_line_height=\u00bb1.9em\u00bb header_font=\u00bb||||||||\u00bb header_4_font=\u00bb|700|||||||\u00bb header_4_font_size=\u00bb16px\u00bb header_4_line_height=\u00bb1.9em\u00bb animation_style=\u00bbzoom\u00bb animation_intensity_zoom=\u00bb6%\u00bb locked=\u00bboff\u00bb]<\/p>\n<div style=\"text-align: justify;\"><span><strong>\u00bfQu\u00e9 es el curso de fitosanitario?<\/strong><\/span><\/div>\n<div style=\"text-align: justify;\"><span style=\"color: #333333;\">El curso fitosanitario o curso para la obtenci\u00f3n del carn\u00e9 fitosanitarios es una formaci\u00f3n impartida por profesionales que te capacita para poder hacer uso de productos fitosanitarios de forma responsable.<br \/>\nExisten cuatro niveles de capacitaci\u00f3n:&nbsp;<strong>b\u00e1sico, cualificado, fumigador y piloto aplicador.<\/strong><\/span><\/div>\n<p>[\/et_pb_text][\/et_pb_column][et_pb_column type=\u00bb1_2&#8243; _builder_version=\u00bb3.25&#8243; custom_padding=\u00bb|||\u00bb custom_padding__hover=\u00bb|||\u00bb][et_pb_image src=\u00bbhttp:\/\/highleveleducation.com\/old\/wp-content\/uploads\/2022\/10\/PUBLICIDAD-APLICADOR-DE-PRODUCTOS-FITOSANITARIOS.-NIVEL-CUALIFICADO.jpg\u00bb title_text=\u00bbPUBLICIDAD-APLICADOR DE PRODUCTOS FITOSANITARIOS. NIVEL CUALIFICADO\u00bb align_tablet=\u00bbcenter\u00bb align_phone=\u00bb\u00bb align_last_edited=\u00bbon|desktop\u00bb _builder_version=\u00bb4.9.0&#8243; animation_style=\u00bbzoom\u00bb animation_direction=\u00bbleft\u00bb animation_delay=\u00bb100ms\u00bb animation_intensity_zoom=\u00bb20%\u00bb][\/et_pb_image][\/et_pb_column][\/et_pb_row][et_pb_row column_structure=\u00bb1_2,1_2&#8243; _builder_version=\u00bb4.9.0&#8243; _module_preset=\u00bbdefault\u00bb][et_pb_column type=\u00bb1_2&#8243; _builder_version=\u00bb4.9.0&#8243; _module_preset=\u00bbdefault\u00bb][et_pb_text _builder_version=\u00bb4.9.0&#8243; text_font=\u00bb||||||||\u00bb text_text_color=\u00bb#8585bd\u00bb text_font_size=\u00bb16px\u00bb text_line_height=\u00bb1.9em\u00bb header_font=\u00bb||||||||\u00bb header_4_font=\u00bb|700|||||||\u00bb header_4_font_size=\u00bb16px\u00bb header_4_line_height=\u00bb1.9em\u00bb animation_style=\u00bbzoom\u00bb animation_intensity_zoom=\u00bb6%\u00bb locked=\u00bboff\u00bb]<\/p>\n<div style=\"text-align: justify;\">\n<div><span><strong>\u00bfQu\u00e9 es un aplicador fitosanitario?<\/strong><\/span><\/div>\n<div><span style=\"color: #333333;\">Se encargan de la venta de los productos fitosanitarios. Nivel fumigador: aplicadores que trabajen con gases t\u00f3xicos o muy t\u00f3xicos.&nbsp;<strong>Se necesita tener el carnet de nivel b\u00e1sico o cualificado para poder obtener este.<\/strong><\/span><\/div>\n<\/div>\n<p>[\/et_pb_text][\/et_pb_column][et_pb_column type=\u00bb1_2&#8243; _builder_version=\u00bb4.9.0&#8243; _module_preset=\u00bbdefault\u00bb][et_pb_text _builder_version=\u00bb4.9.0&#8243; text_font=\u00bb||||||||\u00bb text_text_color=\u00bb#8585bd\u00bb text_font_size=\u00bb16px\u00bb text_line_height=\u00bb1.9em\u00bb header_font=\u00bb||||||||\u00bb header_4_font=\u00bb|700|||||||\u00bb header_4_font_size=\u00bb16px\u00bb header_4_line_height=\u00bb1.9em\u00bb animation_style=\u00bbzoom\u00bb animation_intensity_zoom=\u00bb6%\u00bb locked=\u00bboff\u00bb]<\/p>\n<div style=\"text-align: justify;\">\n<div><span><strong>\u00bfCu\u00e1nto dura el carnet de fitosanitario?<\/strong><\/span><\/div>\n<div><span style=\"color: #333333;\">El Carnet de Aplicador Fitosanitario tiene una&nbsp;<strong>durabilidad de 10 a\u00f1os<\/strong>.<\/span>&nbsp;<\/div>\n<div><strong><span>\u00bfCu\u00e1nto tarda en llegar el carnet fitosanitario?<\/span><\/strong><\/div>\n<div><span style=\"color: #333333;\">El carnet manipulador de productos fitosanitarios, normalmente,&nbsp;<strong>llegar\u00e1 a los tres meses de haber superado el curso de aplicador de productos fitosanitarios con \u00e9xito.<\/strong><\/span><\/div>\n<\/div>\n<p>[\/et_pb_text][\/et_pb_column][\/et_pb_row][et_pb_row column_structure=\u00bb1_2,1_2&#8243; admin_label=\u00bbBuild Your Portfolio\u00bb _builder_version=\u00bb3.25&#8243; custom_padding=\u00bb90px|0px|47px|0px||\u00bb][et_pb_column type=\u00bb1_2&#8243; _builder_version=\u00bb3.25&#8243; custom_padding=\u00bb|||\u00bb custom_padding__hover=\u00bb|||\u00bb][et_pb_image src=\u00bbhttp:\/\/highleveleducation.com\/old\/wp-content\/uploads\/2022\/10\/PUBLICIDAD-APLICADOR-DE-PRODUCTOS-FITOSANITARIOS.-NIVEL-CUALIFICADO-1.jpg\u00bb title_text=\u00bbPUBLICIDAD-APLICADOR DE PRODUCTOS FITOSANITARIOS. NIVEL CUALIFICADO (1)\u00bb align_tablet=\u00bbcenter\u00bb align_phone=\u00bb\u00bb align_last_edited=\u00bbon|desktop\u00bb _builder_version=\u00bb4.9.0&#8243; max_width=\u00bb90%\u00bb module_alignment=\u00bbcenter\u00bb animation_style=\u00bbzoom\u00bb animation_direction=\u00bbright\u00bb animation_delay=\u00bb100ms\u00bb animation_intensity_zoom=\u00bb20%\u00bb][\/et_pb_image][\/et_pb_column][et_pb_column type=\u00bb1_2&#8243; _builder_version=\u00bb3.25&#8243; custom_padding=\u00bb|||\u00bb custom_padding__hover=\u00bb|||\u00bb][et_pb_text _builder_version=\u00bb4.9.0&#8243; header_font=\u00bb||||||||\u00bb header_2_font=\u00bb|700|||||||\u00bb header_2_text_color=\u00bb#7272ff\u00bb header_2_font_size=\u00bb36px\u00bb header_2_line_height=\u00bb1.3em\u00bb custom_margin=\u00bb||20px|\u00bb animation_style=\u00bbslide\u00bb animation_direction=\u00bbbottom\u00bb animation_intensity_slide=\u00bb10%\u00bb hover_enabled=\u00bb0&#8243; locked=\u00bboff\u00bb header_font_size__hover=\u00bb30px\u00bb header_font_size__hover_enabled=\u00bb30px\u00bb header_letter_spacing__hover=\u00bb0px\u00bb header_letter_spacing__hover_enabled=\u00bb0px\u00bb header_text_shadow_style__hover=\u00bbnone\u00bb header_text_shadow_style__hover_enabled=\u00bbnone\u00bb header_text_shadow_color__hover=\u00bbrgba(0,0,0,0.4)\u00bb header_text_shadow_color__hover_enabled=\u00bbrgba(0,0,0,0.4)\u00bb sticky_enabled=\u00bb0&#8243;]<\/p>\n<h2 style=\"text-align: center;\"><span style=\"color: #99cc00;\"><strong>ANEXO IX<br \/> PROGRAMACI\u00d3N DID\u00c1CTICA DEL CURSO DE NIVEL CUALIFICADO<br \/> (60 HORAS)<\/strong><\/span><\/h2>\n<p>[\/et_pb_text][et_pb_divider color=\u00bb#09e1c0&#8243; divider_weight=\u00bb4px\u00bb disabled_on=\u00bbon|on|off\u00bb _builder_version=\u00bb3.2&#8243; background_size=\u00bbinitial\u00bb background_position=\u00bbtop_left\u00bb background_repeat=\u00bbrepeat\u00bb max_width=\u00bb40px\u00bb module_alignment=\u00bbleft\u00bb custom_margin=\u00bb||10px|\u00bb animation_style=\u00bbzoom\u00bb animation_direction=\u00bbleft\u00bb saved_tabs=\u00bball\u00bb locked=\u00bboff\u00bb][\/et_pb_divider][et_pb_text _builder_version=\u00bb4.9.0&#8243; text_font=\u00bb||||||||\u00bb text_text_color=\u00bb#8585bd\u00bb text_font_size=\u00bb16px\u00bb text_line_height=\u00bb1.9em\u00bb header_font=\u00bb||||||||\u00bb header_4_font=\u00bb|700|||||||\u00bb header_4_font_size=\u00bb16px\u00bb header_4_line_height=\u00bb1.9em\u00bb animation_style=\u00bbzoom\u00bb animation_intensity_zoom=\u00bb6%\u00bb locked=\u00bboff\u00bb]<\/p>\n<h4 style=\"text-align: center;\"><strong><em>Contenido Did\u00e1ctico:<span>&nbsp;<\/span><\/em><\/strong><span>21<\/span><br \/>\n<strong><em>Horas Te\u00f3ricas:<\/em><\/strong><span>&nbsp;45 h<\/span><br \/>\n<strong><em>Horas Pr\u00e1cticas:<\/em><\/strong><span>&nbsp;5 h<\/span><br \/>\n<strong><em>N\u00famero de pr\u00e1cticas:<\/em><\/strong><span>&nbsp;6<\/span><br \/>\n<em><strong>Lugar de impartici\u00f3n:<\/strong><\/em><span>&nbsp;Seg\u00fan Grupos y Disponibilidad.<\/span><\/h4>\n<p>[\/et_pb_text][\/et_pb_column][\/et_pb_row][et_pb_row column_structure=\u00bb1_5,3_5,1_5&#8243; _builder_version=\u00bb4.9.0&#8243; _module_preset=\u00bbdefault\u00bb custom_padding=\u00bb39px|||||\u00bb][et_pb_column type=\u00bb1_5&#8243; _builder_version=\u00bb4.9.0&#8243; _module_preset=\u00bbdefault\u00bb][\/et_pb_column][et_pb_column type=\u00bb3_5&#8243; _builder_version=\u00bb4.9.0&#8243; _module_preset=\u00bbdefault\u00bb][et_pb_text _builder_version=\u00bb4.9.0&#8243; text_font=\u00bb||||||||\u00bb text_text_color=\u00bb#8585bd\u00bb text_font_size=\u00bb16px\u00bb text_line_height=\u00bb1.9em\u00bb header_font=\u00bb||||||||\u00bb header_4_font=\u00bb|700|||||||\u00bb header_4_font_size=\u00bb16px\u00bb header_4_line_height=\u00bb1.9em\u00bb animation_style=\u00bbzoom\u00bb animation_intensity_zoom=\u00bb6%\u00bb locked=\u00bboff\u00bb]<\/p>\n<div style=\"text-align: justify;\">\n<ol>\n<li><span style=\"color: #333333;\">Los enemigos de los cultivos. da\u00f1os que producen.<\/span><\/li>\n<li><span style=\"color: #333333;\">M\u00e9todos de control de plagas.<\/span><\/li>\n<li><span style=\"color: #333333;\">Estrategias y t\u00e9cnicas para la gesti\u00f3n integrada de plagas. (practica 1: 2horas)<\/span><\/li>\n<li><span style=\"color: #333333;\">Producci\u00f3n integrada y producci\u00f3n ecol\u00f3gica<\/span><\/li>\n<li><span style=\"color: #333333;\">Productos fitosanitarios. etiquetas y fichas de datos de seguridad. (practica 2: 2horas)<\/span><\/li>\n<li><span style=\"color: #333333;\">Riesgos para el medio ambiente derivados del uso de productos fitosanitarios. buenas pr\u00e1cticas ambientales.<\/span><\/li>\n<li><span style=\"color: #333333;\">Peligrosidad de los productos fitosanitarios y de sus residuos. (practica 3: 4 horas)<\/span><\/li>\n<li><span style=\"color: #333333;\">Medidas para reducir los riesgos de los productos fitosanitarios sobre la salud. (practica 4: 2horas)<\/span><\/li>\n<li><span style=\"color: #333333;\">Transporte, almacenamiento y manipulaci\u00f3n de productos fitosanitarios.<\/span><\/li>\n<li><span style=\"color: #333333;\">Tratamientos fitosanitarios: preparaci\u00f3n, mezcla y aplicaci\u00f3n.<\/span><\/li>\n<li><span style=\"color: #333333;\">M\u00e9todos de aplicaci\u00f3n de productos fitosanitarios. dosificaci\u00f3n y vol\u00famenes de aplicaci\u00f3n. (practica 5: 2horas)<\/span><\/li>\n<li><span style=\"color: #333333;\">Equipos de aplicaci\u00f3n: descripci\u00f3n y funcionamiento.<\/span><\/li>\n<li><span style=\"color: #333333;\">Limpieza, regulaci\u00f3n y calibraci\u00f3n de los equipos de aplicaci\u00f3n<\/span><\/li>\n<li><span style=\"color: #333333;\">Mantenimiento, revisiones e inspecciones peri\u00f3dicas de los equipos de tratamiento.<\/span><\/li>\n<li><span style=\"color: #333333;\">Pr\u00e1cticas de revisi\u00f3n y calibraci\u00f3n de equipos de aplicaci\u00f3n de fitosanitarios. riesgos relacionados con el uso de estos equipos. (practica 6: 3 horas)<\/span><\/li>\n<li><span style=\"color: #333333;\">Eliminaci\u00f3n de envases vac\u00edos. sistemas de gesti\u00f3n.<\/span><\/li>\n<li><span style=\"color: #333333;\">Principios de la trazabilidad. registro de plagas y de tratamientos en las explotaciones agrarias.<\/span><\/li>\n<li><span style=\"color: #333333;\">Relaci\u00f3n trabajo-salud: normativa sobre prevenci\u00f3n de riesgos laborales.<\/span><\/li>\n<li><span style=\"color: #333333;\">Seguridad social.<\/span><\/li>\n<li><span style=\"color: #333333;\">Normativa que afecta a la utilizaci\u00f3n de productos fitosanitarios. autorizaci\u00f3n y registro de productos fitosanitarios.<\/span><\/li>\n<li><span style=\"color: #333333;\">Productos fitosanitarios ilegales: identificaci\u00f3n y riesgos asociados a su uso.<\/span><\/li>\n<\/ol>\n<\/div>\n<p>[\/et_pb_text][\/et_pb_column][et_pb_column type=\u00bb1_5&#8243; _builder_version=\u00bb4.9.0&#8243; _module_preset=\u00bbdefault\u00bb][\/et_pb_column][\/et_pb_row][et_pb_row _builder_version=\u00bb4.9.0&#8243; _module_preset=\u00bbdefault\u00bb][et_pb_column type=\u00bb4_4&#8243; _builder_version=\u00bb4.9.0&#8243; _module_preset=\u00bbdefault\u00bb][et_pb_text _builder_version=\u00bb4.9.0&#8243; text_font=\u00bb||||||||\u00bb text_text_color=\u00bb#8585bd\u00bb text_font_size=\u00bb16px\u00bb text_line_height=\u00bb1.9em\u00bb header_font=\u00bb||||||||\u00bb header_4_font=\u00bb|700|||||||\u00bb header_4_font_size=\u00bb16px\u00bb header_4_line_height=\u00bb1.9em\u00bb animation_style=\u00bbzoom\u00bb animation_intensity_zoom=\u00bb6%\u00bb hover_enabled=\u00bb0&#8243; locked=\u00bboff\u00bb sticky_enabled=\u00bb0&#8243;]<\/p>\n<p style=\"text-align: center;\"><span style=\"color: #008000;\"><strong>Para m\u00e1s informaci\u00f3n, escr\u00edbenos a:<br \/> cursos@highleveleducation.com<br \/> \u00a1Ll\u00e1manos! o Escr\u00edbenos por WSPP<br \/> 610 553 935<\/strong><\/span><br \/><span style=\"color: #008000;\"> <em>Solicitar informaci\u00f3n por\u00a0<strong>WhatsApp<\/strong><\/em><\/span><\/p>\n<p>[\/et_pb_text][\/et_pb_column][\/et_pb_row][\/et_pb_section]<\/p>\n","protected":false},"excerpt":{"rendered":"<p>CURSOSTe presentamos los cursos que tenemos para ti.Curso de Aplicador de Productos Fitosanitarios Cualificado\u00bfQu\u00e9 es el curso de fitosanitario? El curso fitosanitario o curso para la obtenci\u00f3n del carn\u00e9 fitosanitarios es una formaci\u00f3n impartida por profesionales que te capacita para poder hacer uso de productos fitosanitarios de forma responsable. Existen cuatro niveles de capacitaci\u00f3n:&nbsp;b\u00e1sico, cualificado, [&hellip;]<\/p>\n","protected":false},"author":1,"featured_media":0,"parent":0,"menu_order":0,"comment_status":"closed","ping_status":"closed","template":"","meta":{"_et_pb_use_builder":"on","_et_pb_old_content":"","_et_gb_content_width":"","footnotes":""},"class_list":["post-85","page","type-page","status-publish","hentry"],"_links":{"self":[{"href":"http:\/\/highleveleducation.com\/old\/wp-json\/wp\/v2\/pages\/85","targetHints":{"allow":["GET"]}}],"collection":[{"href":"http:\/\/highleveleducation.com\/old\/wp-json\/wp\/v2\/pages"}],"about":[{"href":"http:\/\/highleveleducation.com\/old\/wp-json\/wp\/v2\/types\/page"}],"author":[{"embeddable":true,"href":"http:\/\/highleveleducation.com\/old\/wp-json\/wp\/v2\/users\/1"}],"replies":[{"embeddable":true,"href":"http:\/\/highleveleducation.com\/old\/wp-json\/wp\/v2\/comments?post=85"}],"version-history":[{"count":6,"href":"http:\/\/highleveleducation.com\/old\/wp-json\/wp\/v2\/pages\/85\/revisions"}],"predecessor-version":[{"id":255,"href":"http:\/\/highleveleducation.com\/old\/wp-json\/wp\/v2\/pages\/85\/revisions\/255"}],"wp:attachment":[{"href":"http:\/\/highleveleducation.com\/old\/wp-json\/wp\/v2\/media?parent=85"}],"curies":[{"name":"wp","href":"https:\/\/api.w.org\/{rel}","templated":true}]}}