{"id":70,"date":"2022-10-09T01:46:27","date_gmt":"2022-10-09T01:46:27","guid":{"rendered":"http:\/\/highleveleducation.com\/old\/?page_id=70"},"modified":"2022-10-20T19:50:10","modified_gmt":"2022-10-20T19:50:10","slug":"aviso-legal","status":"publish","type":"page","link":"http:\/\/highleveleducation.com\/old\/aviso-legal\/","title":{"rendered":"Aviso Legal"},"content":{"rendered":"<p>[et_pb_section fb_built=\u00bb1&#8243; admin_label=\u00bbMarketing Hero\u00bb _builder_version=\u00bb3.22&#8243; custom_padding=\u00bb52px|0px|39px|0px||\u00bb background_enable_color=\u00bboff\u00bb use_background_color_gradient=\u00bbon\u00bb background_color_gradient_start=\u00bb#34ba00&#8243; background_color_gradient_end=\u00bbrgba(158,216,104,0.46)\u00bb background_image=\u00bbhttp:\/\/highleveleducation.com\/old\/wp-content\/uploads\/2022\/10\/coding-background-texture.jpg\u00bb background_blend=\u00bboverlay\u00bb animation_style=\u00bbslide\u00bb animation_direction=\u00bbtop\u00bb animation_intensity_slide=\u00bb2%\u00bb][et_pb_row _builder_version=\u00bb3.25&#8243; background_size=\u00bbinitial\u00bb background_position=\u00bbtop_left\u00bb background_repeat=\u00bbrepeat\u00bb animation_style=\u00bbzoom\u00bb animation_direction=\u00bbbottom\u00bb animation_intensity_zoom=\u00bb6%\u00bb][et_pb_column type=\u00bb4_4&#8243; _builder_version=\u00bb3.25&#8243; custom_padding=\u00bb|||\u00bb custom_padding__hover=\u00bb|||\u00bb][et_pb_text _builder_version=\u00bb4.9.0&#8243; header_font=\u00bb|on|||\u00bb header_font_size=\u00bb40px\u00bb header_line_height=\u00bb1.3em\u00bb background_size=\u00bbinitial\u00bb background_position=\u00bbtop_left\u00bb background_repeat=\u00bbrepeat\u00bb background_layout=\u00bbdark\u00bb custom_margin=\u00bb||20px|\u00bb animation_style=\u00bbslide\u00bb animation_direction=\u00bbbottom\u00bb animation_intensity_slide=\u00bb10%\u00bb hover_enabled=\u00bb0&#8243; locked=\u00bboff\u00bb header_text_shadow_style=\u00bbpreset4&#8243; sticky_enabled=\u00bb0&#8243;]<\/p>\n<h1 style=\"text-align: center;\">Aviso Legal<\/h1>\n<p>[\/et_pb_text][\/et_pb_column][\/et_pb_row][\/et_pb_section][et_pb_section fb_built=\u00bb1&#8243; admin_label=\u00bbFeatures\u00bb _builder_version=\u00bb3.22&#8243; custom_margin=\u00bb|||\u00bb custom_padding=\u00bb59px|0px|100px|0px||\u00bb][et_pb_row _builder_version=\u00bb3.25&#8243; background_size=\u00bbinitial\u00bb background_position=\u00bbtop_left\u00bb background_repeat=\u00bbrepeat\u00bb custom_padding=\u00bb27px|0px|24px|0px\u00bb][et_pb_column type=\u00bb4_4&#8243; _builder_version=\u00bb3.25&#8243; custom_padding=\u00bb|||\u00bb custom_padding__hover=\u00bb|||\u00bb][et_pb_text _builder_version=\u00bb4.9.0&#8243; _module_preset=\u00bbdefault\u00bb]<\/p>\n<p><strong>0. OBJETO Y ACEPTACI\u00d3N<\/strong><\/p>\n<p align=\"justify\">El presente aviso legal regula el uso del sitio web http:\/\/highleveleducation.com\/old\/\u00a0(en adelante, LA WEB), del que es titular High Level Education (en adelante, EL PROPIETARIO DE LA WEB).<br \/> La navegaci\u00f3n por el sitio web de EL PROPIETARIO DE LA WEB atribuye la condici\u00f3n de usuario del mismo e implica la aceptaci\u00f3n plena y sin reservas de todas y cada una de las disposiciones incluidas en este Aviso Legal, que pueden sufrir modificaciones.<br \/> El usuario se obliga a hacer un uso correcto del sitio web de conformidad con las leyes, la buena fe, el orden p\u00fablico, los usos del tr\u00e1fico y el presente Aviso Legal. El usuario responder\u00e1 frente a EL PROPIETARIO DE LA WEB o frente a terceros, de cualesquiera da\u00f1os y perjuicios que pudieran causarse como consecuencia del incumplimiento de dicha obligaci\u00f3n.<\/p>\n<p align=\"justify\"><strong>1. IDENTIFICACI\u00d3N Y COMUNICACIONES EL PROPIETARIO DE LA WEB<\/strong>, en cumplimiento de la Ley 34\/2002, de 11 de julio, de servicios de la sociedad de la informaci\u00f3n y de comercio electr\u00f3nico, le informa de que:<\/p>\n<p align=\"justify\">Su denominaci\u00f3n social es: HIGH LEVEL EDUCATION. Su CIF\/NIF\/NIE es: 30.978079-T. Licenciada en derecho colegio profesional de m\u00e1laga n\u00ba de colegiada 9125. Su domicilio social est\u00e1 en: Avd, Gregorio prieto,27 Esc,3 2\u00ba 4-29010-M\u00e1laga. Para comunicarse con nosotros, ponemos a su disposici\u00f3n diferentes medios de contacto que detallamos a continuaci\u00f3n: Tel\u00e9fono: 606389369. Email:\u00a0<a href=\"mailto:info@highleveleducation.com.\u00a0\">info@highleveleducation.com<\/a><\/p>\n<p align=\"justify\">Todas las notificaciones y comunicaciones entre los usuarios y EL PROPIETARIO DE LA WEB se considerar\u00e1n eficaces, a todos los efectos, cuando se realicen a trav\u00e9s de correo postal o cualquier otro medio de los detallados anteriormente.<\/p>\n<p align=\"justify\"><strong>2. CONDICIONES DE ACCESO Y UTILIZACI\u00d3N<\/strong><span>\u00a0<\/span>El sitio web y sus servicios son de acceso libre y gratuito, no obstante, EL PROPIETARIO DE LA WEB condiciona la utilizaci\u00f3n de algunos de los servicios ofrecidos en su web a la previa cumplimentaci\u00f3n del correspondiente formulario.<\/p>\n<p align=\"justify\">El usuario garantiza la autenticidad y actualidad de todos aquellos datos que comunique a EL PROPIETARIO DE LA WEB y ser\u00e1 el \u00fanico responsable de las manifestaciones falsas o inexactas que realice.<br \/> El usuario se compromete expresamente a hacer un uso adecuado de los contenidos y servicios de EL PROPIETARIO DE LA WEB y a no emplearlos para, entre otros:<\/p>\n<p align=\"justify\">a) Difundir contenidos delictivos, violentos, pornogr\u00e1ficos, racistas, xen\u00f3fobo, ofensivos, de apolog\u00eda del terrorismo o, en general, contrarios a la ley o al orden p\u00fablico.<br \/> b) Introducir en la red virus inform\u00e1ticos o realizar actuaciones susceptibles de alterar, estropear, interrumpir o generar errores o da\u00f1os en los documentos electr\u00f3nicos, datos o sistemas f\u00edsicos y l\u00f3gicos de EL PROPIETARIO DE LA WEB o de terceras personas; as\u00ed como obstaculizar el acceso de otros usuarios al sitio web y a sus servicios mediante el consumo masivo de los recursos inform\u00e1ticos a trav\u00e9s de los cuales EL PROPIETARIO DE LA WEB presta sus servicios.<br \/> c) Intentar acceder a las cuentas de correo electr\u00f3nico de otros usuarios o a \u00e1reas restringidas de los sistemas inform\u00e1ticos de EL PROPIETARIO DE LA WEB o de terceros y, en su caso, extraer informaci\u00f3n.<br \/> d) Vulnerar los derechos de propiedad intelectual o industrial, as\u00ed como violar la confidencialidad de la informaci\u00f3n de EL PROPIETARIO DE LA WEB o de terceros. e) Suplantar la identidad de otro usuario, de las administraciones p\u00fablicas o de un tercero.<br \/> f) Reproducir, copiar, distribuir, poner a disposici\u00f3n de, o cualquier otra forma de comunicaci\u00f3n p\u00fablica, transformar o modificar los contenidos, a menos que se cuente con la autorizaci\u00f3n del titular de los correspondientes derechos o ello resulte legalmente permitido.<br \/> g) Recabar datos con finalidad publicitaria y de remitir publicidad de cualquier clase y comunicaciones con fines de venta u otras de naturaleza comercial sin que medie su previa solicitud o consentimiento.<br \/> Todos los contenidos del sitio web, como textos, fotograf\u00edas, gr\u00e1ficos, im\u00e1genes, iconos, tecnolog\u00eda, software, as\u00ed como su dise\u00f1o gr\u00e1fico y c\u00f3digos fuente, constituyen una obra cuya propiedad pertenece a EL PROPIETARIO DE LA WEB, sin que puedan entenderse cedidos al usuario ninguno de los derechos de explotaci\u00f3n sobre los mismos m\u00e1s all\u00e1 de lo estrictamente necesario para el correcto uso de la web.<\/p>\n<p align=\"justify\">En definitiva, los usuarios que accedan a este sitio web pueden visualizar los contenidos y efectuar, en su caso, copias privadas autorizadas siempre que los elementos reproducidos no sean cedidos posteriormente a terceros, ni se instalen a servidores conectados a redes, ni sean objeto de ning\u00fan tipo de explotaci\u00f3n.<br \/> Asimismo, todas las marcas, nombres comerciales o signos distintivos de cualquier clase que aparecen en el sitio web son propiedad de EL PROPIETARIO DE LA WEB, sin que pueda entenderse que el uso o acceso al mismo atribuya al usuario derecho alguno sobre los mismos.<br \/> La distribuci\u00f3n, modificaci\u00f3n, cesi\u00f3n o comunicaci\u00f3n p\u00fablica de los contenidos y cualquier otro acto que no haya sido expresamente autorizado por el titular de los derechos de explotaci\u00f3n quedan prohibidos.<br \/> El establecimiento de un hiperenlace no implica en ning\u00fan caso la existencia de relaciones entre EL PROPIETARIO DE LA WEB y el propietario del sitio web en la que se establezca, ni la aceptaci\u00f3n y aprobaci\u00f3n por parte de EL PROPIETARIO DE LA WEB de sus contenidos o servicios. Aquellas personas que se propongan establecer un hiperenlace previamente deber\u00e1n solicitar autorizaci\u00f3n por escrito a EL PROPIETARIO DE LA WEB. En todo caso, el hiperenlace \u00fanicamente permitir\u00e1 el acceso a la home-page o p\u00e1gina de inicio de nuestro sitio web, asimismo deber\u00e1 abstenerse de realizar manifestaciones o indicaciones falsas, inexactas o incorrectas sobre EL PROPIETARIO DE LA WEB, o incluir contenidos il\u00edcitos, contrarios a las buenas costumbres y al orden p\u00fablico.<br \/> EL PROPIETARIO DE LA WEB no se responsabiliza del uso que cada usuario le d\u00e9 a los materiales puestos a disposici\u00f3n en este sitio web ni de las actuaciones que realice en base a los mismos.<\/p>\n<p align=\"justify\"><strong>3. EXCLUSI\u00d3N DE GARANT\u00cdAS Y DE RESPONSABILIDAD<\/strong><span>\u00a0<\/span>El contenido del presente sitio web es de car\u00e1cter general y tiene una finalidad meramente informativa, sin que se garantice plenamente el acceso a todos los contenidos, ni su exhaustividad, correcci\u00f3n, vigencia o actualidad, ni su idoneidad o utilidad para un objetivo espec\u00edfico.<\/p>\n<p align=\"justify\">EL PROPIETARIO DE LA WEB excluye, hasta donde permite el ordenamiento jur\u00eddico, cualquier responsabilidad por los da\u00f1os y perjuicios de toda naturaleza derivados de:<\/p>\n<p align=\"justify\">a) La imposibilidad de acceso al sitio web o la falta de veracidad, exactitud, exhaustividad y\/o actualidad de los contenidos, as\u00ed como la existencia de vicios y defectos de toda clase de los contenidos transmitidos, difundidos, almacenados, puestos a disposici\u00f3n, a los que se haya accedido a trav\u00e9s del sitio web o de los servicios que se ofrecen.<br \/> b) La presencia de virus o de otros elementos en los contenidos que puedan producir alteraciones en los sistemas inform\u00e1ticos, documentos electr\u00f3nicos o datos de los usuarios.<br \/> c) El incumplimiento de las leyes, la buena fe, el orden p\u00fablico, los usos del tr\u00e1fico y el presente aviso legal como consecuencia del uso incorrecto del sitio web. En particular, y a modo ejemplificativo, EL PROPIETARIO DE LA WEB no se hace responsable de las actuaciones de terceros que vulneren derechos de propiedad intelectual e industrial, secretos empresariales, derechos al honor, a la intimidad personal y familiar y a la propia imagen, as\u00ed como la normativa en materia de competencia desleal y publicidad il\u00edcita. Asimismo,<br \/> EL PROPIETARIO DE LA WEB declina cualquier responsabilidad respecto a la informaci\u00f3n que se halle fuera de esta web y no sea gestionada directamente por nuestro webmaster. La funci\u00f3n de los links que aparecen en esta web es exclusivamente la de informar al usuario sobre la existencia de otras fuentes susceptibles de ampliar los contenidos que ofrece este sitio web. EL PROPIETARIO DE LA WEB no garantiza ni se responsabiliza del funcionamiento o accesibilidad de los sitios enlazados; ni sugiere, invita o recomienda la visita a los mismos, por lo que tampoco ser\u00e1 responsable del resultado obtenido. EL PROPIETARIO DE LA WEB no se responsabiliza del establecimiento de hiperv\u00ednculos por parte de terceros.<\/p>\n<p align=\"justify\"><strong>4. POL\u00cdTICA DE PRIVACIDAD<\/strong><span>\u00a0<\/span>Cuando precisemos obtener informaci\u00f3n por su parte, siempre le solicitaremos que nos la proporcione voluntariamente de forma expresa. Los datos recabados a trav\u00e9s de los formularios de recogida de datos del sitio web u otras v\u00edas ser\u00e1n incorporados a un fichero de datos de car\u00e1cter personal debidamente inscrito en el Registro General de Protecci\u00f3n de Datos de la Agencia Espa\u00f1ola de Protecci\u00f3n de Datos, del cual es responsable EL PROPIETARIO DE LA WEB. Esta entidad tratar\u00e1 los datos de forma confidencial y exclusivamente con la finalidad de ofrecer los servicios solicitados, con todas las garant\u00edas legales y de seguridad que impone la Ley Org\u00e1nica 15\/1999, de 13 de diciembre, de Protecci\u00f3n de Datos de Car\u00e1cter Personal, el Real Decreto 1720\/2007, de 21 de diciembre y la Ley 34\/2002, de 11 de julio, de Servicios de la Sociedad de la Informaci\u00f3n y Comercio Electr\u00f3nico.<br \/> EL PROPIETARIO DE LA WEB se compromete a no ceder, vender, ni compartir los datos con terceros sin su aprobaci\u00f3n expresa.<br \/> Asimismo, HIGH LEVEL EDUCATION cancelar\u00e1 o rectificar\u00e1 los datos cuando resulten inexactos, incompletos o hayan dejado de ser necesarios o pertinentes para su finalidad, de conformidad con lo previsto en la Ley Org\u00e1nica 15\/1999, de 13 de diciembre, de Protecci\u00f3n de Datos de Car\u00e1cter Personal.<br \/> El usuario podr\u00e1 revocar el consentimiento prestado y ejercer los derechos de acceso, rectificaci\u00f3n, cancelaci\u00f3n y oposici\u00f3n dirigi\u00e9ndose a tal efecto al domicilio social de HIGH LEVEL EDUCATION, sito Avd Gregorio Prieto 27 Esc 3 2\u00ba 4-29010-M\u00e1laga- , identific\u00e1ndose debidamente e indicando de forma visible el concreto derecho que se ejerce.<br \/> EL PROPIETARIO DE LA WEB adopta los niveles de seguridad correspondientes requeridos por la citada Ley Org\u00e1nica 15\/1999 y dem\u00e1s normativa aplicable. No obstante, no asume ninguna responsabilidad por los da\u00f1os y perjuicios derivados de alteraciones que terceros pueden causar en los sistemas inform\u00e1ticos, documentos electr\u00f3nicos o ficheros del usuario.<br \/> EL PROPIETARIO DE LA WEB podr\u00e1 utilizar cookies durante la prestaci\u00f3n de servicios del sitio web. Las cookies son ficheros f\u00edsicos de informaci\u00f3n personal alojados en el propio terminal del usuario. El usuario tiene la posibilidad de configurar su programa navegador de manera que se impida la creaci\u00f3n de archivos cookie o se advierta de la misma.<br \/> Si opta por abandonar nuestro sitio web a trav\u00e9s de enlaces a sitios web no pertenecientes a nuestra entidad, EL PROPIETARIO DE LA WEB no se har\u00e1 responsable de las pol\u00edticas de privacidad de dichos sitios web ni de las cookies que \u00e9stos puedan almacenar en el ordenador del usuario.<br \/> Nuestra pol\u00edtica con respecto al correo electr\u00f3nico se centra en remitir \u00fanicamente comunicaciones que usted haya solicitado recibir.<br \/> Si prefiere no recibir estos mensajes por correo electr\u00f3nico le ofreceremos a trav\u00e9s de los mismos la posibilidad de ejercer su derecho de cancelaci\u00f3n y renuncia a la recepci\u00f3n de estos mensajes, en conformidad con lo dispuesto en el T\u00edtulo III, art\u00edculo 22 de la Ley 34\/2002 de Servicios para la Sociedad de la Informaci\u00f3n y de Comercio Electr\u00f3nico.<\/p>\n<p align=\"justify\"><strong>5. PROCEDIMIENTO EN CASO DE REALIZACI\u00d3N DE ACTIVIDADES DE CAR\u00c1CTER IL\u00cdCITO<\/strong><span>\u00a0<\/span>En el caso de que cualquier usuario o un tercero considere que existen hechos o circunstancias que revelen el car\u00e1cter il\u00edcito de la utilizaci\u00f3n de cualquier contenido y\/o de la realizaci\u00f3n de cualquier actividad en las p\u00e1ginas web incluidas o accesibles a trav\u00e9s del sitio web, deber\u00e1 enviar una notificaci\u00f3n a EL PROPIETARIO DE LA WEB identific\u00e1ndose debidamente, especificando las supuestas infracciones y declarando expresamente y bajo su responsabilidad que la informaci\u00f3n proporcionada en la notificaci\u00f3n es exacta.<br \/> Para toda cuesti\u00f3n litigiosa que incumba al sitio web de EL PROPIETARIO DE LA WEB, ser\u00e1 de aplicaci\u00f3n la legislaci\u00f3n espa\u00f1ola.<\/p>\n<p align=\"justify\"><strong>6. PUBLICACIONES<\/strong><span>\u00a0<\/span>La informaci\u00f3n administrativa facilitada a trav\u00e9s del sitio web no sustituye la publicidad legal de las leyes, normativas, planes, disposiciones generales y actos que tengan que ser publicados formalmente a los diarios oficiales de las administraciones p\u00fablicas, que constituyen el \u00fanico instrumento que da fe de su autenticidad y contenido. La informaci\u00f3n disponible en este sitio web debe entenderse como una gu\u00eda sin prop\u00f3sito de validez legal.<\/p>\n<p align=\"justify\"><strong>FORMULARIOS DE CONTACTO<\/strong><span>\u00a0<\/span>Para cumplir la LOPD plenamente en los formularios de contacto donde se recojan datos personales, y seg\u00fan informe jur\u00eddico de la AEPD en este aspecto, en cada formulario de contacto donde el cliente introduzca sus datos, hay que a\u00f1adir una casilla tipo \u201ccheck\u201d que no est\u00e9 marcada previamente y antes del bot\u00f3n de Env\u00edo, con un link a la Pol\u00edtica de Privacidad. Ejemplo:<br \/> [ ] Acepto la Pol\u00edtica de Privacidad No se debe poder enviar el formulario si no est\u00e1 dicha casilla marcada.<br \/> <strong>POL\u00cdTICA DE PRIVACIDAD Y PROTECCI\u00d3N DE DATOS<\/strong><span>\u00a0<\/span>De acuerdo con lo establecido por la Ley Org\u00e1nica 15\/1999, de 13 de diciembre, de Protecci\u00f3n de Datos de Car\u00e1cter Personal (LOPD), el cliente\/usuario queda informado y presta su consentimiento a la incorporaci\u00f3n de sus datos a un fichero del que es responsable HIGH LEVEL EDUCATION que ha sido debidamente inscrito en la Agencia Espa\u00f1ola de Protecci\u00f3n de Datos con la finalidad de informarle sobre los productos y servicios solicitados, as\u00ed como el env\u00edo de comunicaciones comerciales sobre los mismos. Le informamos tambi\u00e9n sobre sus derechos de acceso, rectificaci\u00f3n, cancelaci\u00f3n y oposici\u00f3n, que podr\u00e1 ejercer en el domicilio social de HIGH LEVEL EDUCATION sito en Avd, Gregorio Prieto 27 Esc 3 2\u00ba 4 29010 M\u00e1laga.<\/p>\n<p>[\/et_pb_text][\/et_pb_column][\/et_pb_row][\/et_pb_section]<\/p>\n","protected":false},"excerpt":{"rendered":"<p>Aviso Legal0. OBJETO Y ACEPTACI\u00d3N El presente aviso legal regula el uso del sitio web http:\/\/highleveleducation.com\/old\/\u00a0(en adelante, LA WEB), del que es titular High Level Education (en adelante, EL PROPIETARIO DE LA WEB). La navegaci\u00f3n por el sitio web de EL PROPIETARIO DE LA WEB atribuye la condici\u00f3n de usuario del mismo e implica la [&hellip;]<\/p>\n","protected":false},"author":1,"featured_media":0,"parent":0,"menu_order":0,"comment_status":"closed","ping_status":"closed","template":"","meta":{"_et_pb_use_builder":"on","_et_pb_old_content":"","_et_gb_content_width":"","footnotes":""},"class_list":["post-70","page","type-page","status-publish","hentry"],"_links":{"self":[{"href":"http:\/\/highleveleducation.com\/old\/wp-json\/wp\/v2\/pages\/70","targetHints":{"allow":["GET"]}}],"collection":[{"href":"http:\/\/highleveleducation.com\/old\/wp-json\/wp\/v2\/pages"}],"about":[{"href":"http:\/\/highleveleducation.com\/old\/wp-json\/wp\/v2\/types\/page"}],"author":[{"embeddable":true,"href":"http:\/\/highleveleducation.com\/old\/wp-json\/wp\/v2\/users\/1"}],"replies":[{"embeddable":true,"href":"http:\/\/highleveleducation.com\/old\/wp-json\/wp\/v2\/comments?post=70"}],"version-history":[{"count":4,"href":"http:\/\/highleveleducation.com\/old\/wp-json\/wp\/v2\/pages\/70\/revisions"}],"predecessor-version":[{"id":273,"href":"http:\/\/highleveleducation.com\/old\/wp-json\/wp\/v2\/pages\/70\/revisions\/273"}],"wp:attachment":[{"href":"http:\/\/highleveleducation.com\/old\/wp-json\/wp\/v2\/media?parent=70"}],"curies":[{"name":"wp","href":"https:\/\/api.w.org\/{rel}","templated":true}]}}