{"id":528,"date":"2022-10-22T05:02:50","date_gmt":"2022-10-22T05:02:50","guid":{"rendered":"http:\/\/highleveleducation.com\/old\/?page_id=528"},"modified":"2022-10-22T23:01:35","modified_gmt":"2022-10-22T23:01:35","slug":"trabaja-con-nosotros","status":"publish","type":"page","link":"http:\/\/highleveleducation.com\/old\/trabaja-con-nosotros\/","title":{"rendered":"Trabaja con Nosotros"},"content":{"rendered":"<p>[et_pb_section fb_built=\u00bb1&#8243; admin_label=\u00bbMarketing Hero\u00bb _builder_version=\u00bb4.16&#8243; background_enable_color=\u00bboff\u00bb use_background_color_gradient=\u00bbon\u00bb background_color_gradient_stops=\u00bb#34ba00 0%|rgba(158,216,104,0.46) 100%\u00bb background_color_gradient_start=\u00bb#34ba00&#8243; background_color_gradient_end=\u00bbrgba(158,216,104,0.46)\u00bb background_image=\u00bbhttp:\/\/highleveleducation.com\/old\/wp-content\/uploads\/2022\/10\/coding-background-texture.jpg\u00bb background_blend=\u00bboverlay\u00bb custom_padding=\u00bb52px|0px|39px|0px||\u00bb animation_style=\u00bbslide\u00bb animation_direction=\u00bbtop\u00bb animation_intensity_slide=\u00bb2%\u00bb global_colors_info=\u00bb{}\u00bb][et_pb_row _builder_version=\u00bb4.16&#8243; background_size=\u00bbinitial\u00bb background_position=\u00bbtop_left\u00bb background_repeat=\u00bbrepeat\u00bb animation_style=\u00bbzoom\u00bb animation_direction=\u00bbbottom\u00bb animation_intensity_zoom=\u00bb6%\u00bb global_colors_info=\u00bb{}\u00bb][et_pb_column type=\u00bb4_4&#8243; _builder_version=\u00bb4.16&#8243; custom_padding=\u00bb|||\u00bb global_colors_info=\u00bb{}\u00bb custom_padding__hover=\u00bb|||\u00bb][et_pb_text _builder_version=\u00bb4.18.0&#8243; header_font=\u00bb|on|||\u00bb header_font_size=\u00bb45px\u00bb header_line_height=\u00bb1.3em\u00bb background_size=\u00bbinitial\u00bb background_position=\u00bbtop_left\u00bb background_repeat=\u00bbrepeat\u00bb background_layout=\u00bbdark\u00bb custom_margin=\u00bb||20px|\u00bb animation_style=\u00bbslide\u00bb animation_direction=\u00bbbottom\u00bb animation_intensity_slide=\u00bb10%\u00bb header_text_shadow_style=\u00bbpreset4&#8243; locked=\u00bboff\u00bb global_colors_info=\u00bb{}\u00bb]<\/p>\n<h1 style=\"text-align: center;\"><span>Trabaja con Nosotros<\/span><\/h1>\n<p>[\/et_pb_text][et_pb_divider color=\u00bb#09e1c0&#8243; divider_weight=\u00bb4px\u00bb disabled_on=\u00bboff|off|off\u00bb _builder_version=\u00bb4.16&#8243; background_size=\u00bbinitial\u00bb background_position=\u00bbtop_left\u00bb background_repeat=\u00bbrepeat\u00bb max_width=\u00bb40px\u00bb module_alignment=\u00bbleft\u00bb custom_margin=\u00bb||10px|\u00bb animation_style=\u00bbzoom\u00bb animation_direction=\u00bbleft\u00bb saved_tabs=\u00bball\u00bb locked=\u00bboff\u00bb global_colors_info=\u00bb{}\u00bb][\/et_pb_divider][\/et_pb_column][\/et_pb_row][\/et_pb_section][et_pb_section fb_built=\u00bb1&#8243; specialty=\u00bbon\u00bb _builder_version=\u00bb4.16&#8243; _module_preset=\u00bbdefault\u00bb global_colors_info=\u00bb{}\u00bb][et_pb_column type=\u00bb3_4&#8243; specialty_columns=\u00bb3&#8243; _builder_version=\u00bb4.16&#8243; custom_padding=\u00bb|||\u00bb global_colors_info=\u00bb{}\u00bb custom_padding__hover=\u00bb|||\u00bb][et_pb_row_inner _builder_version=\u00bb4.18.0&#8243; _module_preset=\u00bbdefault\u00bb global_colors_info=\u00bb{}\u00bb][et_pb_column_inner saved_specialty_column_type=\u00bb3_4&#8243; _builder_version=\u00bb4.18.0&#8243; _module_preset=\u00bbdefault\u00bb global_colors_info=\u00bb{}\u00bb][et_pb_text _builder_version=\u00bb4.18.0&#8243; _module_preset=\u00bbdefault\u00bb global_colors_info=\u00bb{}\u00bb]<\/p>\n<p style=\"text-align: justify;\"><span>TAG Formaci\u00f3n necesita permanentemente cubrir puestos de profesorado-especialista, administrativos, comerciales, etc.. en todo el territorio espa\u00f1ol y en latinoam\u00e9rica.<\/span><\/p>\n<p style=\"text-align: justify;\"><span>Si estas interesado en trabajar dentro de nuestra organizaci\u00f3n, o como futuro Empresario te interesar\u00eda abrir un centro TAG Formaci\u00f3n en tu provincia o lugar de Residencia, escr\u00edbenos adjuntando tu curr\u00edculum v\u00edtae.<\/span><br \/> <span>Nosotros estudiaremos cada demanda e iniciaremos los procesos de selecci\u00f3n a medida que se vayan produciendo las vacantes.<\/span><\/p>\n<p style=\"text-align: justify;\"><span>En caso de que tu opci\u00f3n sea iniciar una empresa como franquiciado, o bien como asociado en cualquier lugar donde no se disponga de delegaci\u00f3n propia, deber\u00e1s adjuntar junto con el curr\u00edculum, una declaraci\u00f3n de intenciones (motivo, proyecto, fines, &#8230;.) e inmediatamente contactaremos para evaluar dicha posibilidad.<\/span><\/p>\n<p style=\"text-align: justify;\"><span>Manda tus solicitudes a\u00a0<\/span><a href=\"mailto:tagformacion@tagformacion.es\">tagformacion@tagformacion.es<\/a><span><\/span><\/p>\n<p style=\"text-align: justify;\"><u>Puedes utilizar el siguiente formulario para hacernos llegar tu C.V.:<\/u><\/p>\n<p>[\/et_pb_text][et_pb_contact_form captcha=\u00bboff\u00bb _builder_version=\u00bb4.18.0&#8243; _module_preset=\u00bbdefault\u00bb _unique_id=\u00bbfec720eb-5d74-4911-a3fd-4df578ff4452&#8243; global_colors_info=\u00bb{}\u00bb][et_pb_contact_field field_id=\u00bbName\u00bb field_title=\u00bbNombre\u00bb _builder_version=\u00bb4.16&#8243; global_colors_info=\u00bb{}\u00bb button_text_size__hover_enabled=\u00bboff\u00bb button_one_text_size__hover_enabled=\u00bboff\u00bb button_two_text_size__hover_enabled=\u00bboff\u00bb button_text_color__hover_enabled=\u00bboff\u00bb button_one_text_color__hover_enabled=\u00bboff\u00bb button_two_text_color__hover_enabled=\u00bboff\u00bb button_border_width__hover_enabled=\u00bboff\u00bb button_one_border_width__hover_enabled=\u00bboff\u00bb button_two_border_width__hover_enabled=\u00bboff\u00bb button_border_color__hover_enabled=\u00bboff\u00bb button_one_border_color__hover_enabled=\u00bboff\u00bb button_two_border_color__hover_enabled=\u00bboff\u00bb button_border_radius__hover_enabled=\u00bboff\u00bb button_one_border_radius__hover_enabled=\u00bboff\u00bb button_two_border_radius__hover_enabled=\u00bboff\u00bb button_letter_spacing__hover_enabled=\u00bboff\u00bb button_one_letter_spacing__hover_enabled=\u00bboff\u00bb button_two_letter_spacing__hover_enabled=\u00bboff\u00bb button_bg_color__hover_enabled=\u00bboff\u00bb button_one_bg_color__hover_enabled=\u00bboff\u00bb button_two_bg_color__hover_enabled=\u00bboff\u00bb][\/et_pb_contact_field][et_pb_contact_field field_id=\u00bbphone\u00bb field_title=\u00bbTel\u00e9fono\u00bb _builder_version=\u00bb4.18.0&#8243; global_colors_info=\u00bb{}\u00bb button_text_size__hover_enabled=\u00bboff\u00bb button_one_text_size__hover_enabled=\u00bboff\u00bb button_two_text_size__hover_enabled=\u00bboff\u00bb button_text_color__hover_enabled=\u00bboff\u00bb button_one_text_color__hover_enabled=\u00bboff\u00bb button_two_text_color__hover_enabled=\u00bboff\u00bb button_border_width__hover_enabled=\u00bboff\u00bb button_one_border_width__hover_enabled=\u00bboff\u00bb button_two_border_width__hover_enabled=\u00bboff\u00bb button_border_color__hover_enabled=\u00bboff\u00bb button_one_border_color__hover_enabled=\u00bboff\u00bb button_two_border_color__hover_enabled=\u00bboff\u00bb button_border_radius__hover_enabled=\u00bboff\u00bb button_one_border_radius__hover_enabled=\u00bboff\u00bb button_two_border_radius__hover_enabled=\u00bboff\u00bb button_letter_spacing__hover_enabled=\u00bboff\u00bb button_one_letter_spacing__hover_enabled=\u00bboff\u00bb button_two_letter_spacing__hover_enabled=\u00bboff\u00bb button_bg_color__hover_enabled=\u00bboff\u00bb button_one_bg_color__hover_enabled=\u00bboff\u00bb button_two_bg_color__hover_enabled=\u00bboff\u00bb][\/et_pb_contact_field][et_pb_contact_field field_id=\u00bbEmail\u00bb field_title=\u00bbDirecci\u00f3n de correo electr\u00f3nico\u00bb field_type=\u00bbemail\u00bb _builder_version=\u00bb4.16&#8243; global_colors_info=\u00bb{}\u00bb button_text_size__hover_enabled=\u00bboff\u00bb button_one_text_size__hover_enabled=\u00bboff\u00bb button_two_text_size__hover_enabled=\u00bboff\u00bb button_text_color__hover_enabled=\u00bboff\u00bb button_one_text_color__hover_enabled=\u00bboff\u00bb button_two_text_color__hover_enabled=\u00bboff\u00bb button_border_width__hover_enabled=\u00bboff\u00bb button_one_border_width__hover_enabled=\u00bboff\u00bb button_two_border_width__hover_enabled=\u00bboff\u00bb button_border_color__hover_enabled=\u00bboff\u00bb button_one_border_color__hover_enabled=\u00bboff\u00bb button_two_border_color__hover_enabled=\u00bboff\u00bb button_border_radius__hover_enabled=\u00bboff\u00bb button_one_border_radius__hover_enabled=\u00bboff\u00bb button_two_border_radius__hover_enabled=\u00bboff\u00bb button_letter_spacing__hover_enabled=\u00bboff\u00bb button_one_letter_spacing__hover_enabled=\u00bboff\u00bb button_two_letter_spacing__hover_enabled=\u00bboff\u00bb button_bg_color__hover_enabled=\u00bboff\u00bb button_one_bg_color__hover_enabled=\u00bboff\u00bb button_two_bg_color__hover_enabled=\u00bboff\u00bb][\/et_pb_contact_field][et_pb_contact_field field_id=\u00bbPuesto_Solicitado\u00bb field_title=\u00bbPuesto Solicitado\u00bb _builder_version=\u00bb4.18.0&#8243; global_colors_info=\u00bb{}\u00bb button_text_size__hover_enabled=\u00bboff\u00bb button_one_text_size__hover_enabled=\u00bboff\u00bb button_two_text_size__hover_enabled=\u00bboff\u00bb button_text_color__hover_enabled=\u00bboff\u00bb button_one_text_color__hover_enabled=\u00bboff\u00bb button_two_text_color__hover_enabled=\u00bboff\u00bb button_border_width__hover_enabled=\u00bboff\u00bb button_one_border_width__hover_enabled=\u00bboff\u00bb button_two_border_width__hover_enabled=\u00bboff\u00bb button_border_color__hover_enabled=\u00bboff\u00bb button_one_border_color__hover_enabled=\u00bboff\u00bb button_two_border_color__hover_enabled=\u00bboff\u00bb button_border_radius__hover_enabled=\u00bboff\u00bb button_one_border_radius__hover_enabled=\u00bboff\u00bb button_two_border_radius__hover_enabled=\u00bboff\u00bb button_letter_spacing__hover_enabled=\u00bboff\u00bb button_one_letter_spacing__hover_enabled=\u00bboff\u00bb button_two_letter_spacing__hover_enabled=\u00bboff\u00bb button_bg_color__hover_enabled=\u00bboff\u00bb button_one_bg_color__hover_enabled=\u00bboff\u00bb button_two_bg_color__hover_enabled=\u00bboff\u00bb][\/et_pb_contact_field][\/et_pb_contact_form][\/et_pb_column_inner][\/et_pb_row_inner][\/et_pb_column][et_pb_column type=\u00bb1_4&#8243; _builder_version=\u00bb4.16&#8243; custom_padding=\u00bb|||\u00bb global_colors_info=\u00bb{}\u00bb custom_padding__hover=\u00bb|||\u00bb][et_pb_blurb title=\u00bbCURSOS EN FORMACI\u00d3N\u00bb image=\u00bbhttp:\/\/highleveleducation.com\/old\/wp-content\/uploads\/2022\/10\/coding-icon_15.jpg\u00bb _builder_version=\u00bb4.16&#8243; _module_preset=\u00bbdefault\u00bb header_font=\u00bb|700|||||||\u00bb header_text_align=\u00bbcenter\u00bb global_colors_info=\u00bb{}\u00bb][\/et_pb_blurb][et_pb_toggle title=\u00bbINTRODUCCI\u00d3N\u00bb _builder_version=\u00bb4.16&#8243; _module_preset=\u00bbdefault\u00bb title_font=\u00bb|700|||||||\u00bb title_font_size=\u00bb14px\u00bb custom_margin=\u00bb||0px|||\u00bb link_option_url=\u00bb#\u00bb global_colors_info=\u00bb{}\u00bb][\/et_pb_toggle][et_pb_toggle title=\u00bbINFORMACI\u00d3N EN F. PROGRAMADA\u00bb _builder_version=\u00bb4.18.0&#8243; _module_preset=\u00bbdefault\u00bb title_font=\u00bb|700|||||||\u00bb title_font_size=\u00bb14px\u00bb title_line_height=\u00bb1.2em\u00bb custom_margin=\u00bb||-1px|||\u00bb link_option_url=\u00bbhttp:\/\/highleveleducation.com\/old\/formacion-programada-por-las-empresas\/\u00bb global_colors_info=\u00bb{}\u00bb][\/et_pb_toggle][et_pb_toggle title=\u00bbCURSOS DE F. PROGRAMADA\u00bb _builder_version=\u00bb4.16&#8243; _module_preset=\u00bbdefault\u00bb title_font=\u00bb|700|||||||\u00bb title_font_size=\u00bb14px\u00bb title_line_height=\u00bb1.2em\u00bb link_option_url=\u00bb#\u00bb global_colors_info=\u00bb{}\u00bb][\/et_pb_toggle][et_pb_toggle title=\u00bbC\u00d3MO TRAMITAR UN CURSO\u00bb _builder_version=\u00bb4.18.0&#8243; _module_preset=\u00bbdefault\u00bb title_font=\u00bb|700|||||||\u00bb title_font_size=\u00bb14px\u00bb title_line_height=\u00bb1.2em\u00bb custom_margin=\u00bb-34px|||||\u00bb link_option_url=\u00bbhttp:\/\/highleveleducation.com\/old\/como-solicitar-un-curso-formacion-programada\/\u00bb global_colors_info=\u00bb{}\u00bb][\/et_pb_toggle][et_pb_toggle title=\u00bbBONIFICACI\u00d3N Y CONTABILIZACI\u00d3N\u00bb _builder_version=\u00bb4.16&#8243; _module_preset=\u00bbdefault\u00bb title_font=\u00bb|700|||||||\u00bb title_font_size=\u00bb14px\u00bb title_line_height=\u00bb1.2em\u00bb custom_margin=\u00bb-34px|||||\u00bb link_option_url=\u00bb#\u00bb global_colors_info=\u00bb{}\u00bb][\/et_pb_toggle][et_pb_toggle title=\u00bbNORMATIVA Y DOCUMENTACI\u00d3N\u00bb _builder_version=\u00bb4.18.0&#8243; _module_preset=\u00bbdefault\u00bb title_font=\u00bb|700|||||||\u00bb title_font_size=\u00bb14px\u00bb title_line_height=\u00bb1.2em\u00bb custom_margin=\u00bb-34px|||||\u00bb link_option_url=\u00bbhttp:\/\/highleveleducation.com\/old\/normativa-y-documentacion\/\u00bb global_colors_info=\u00bb{}\u00bb][\/et_pb_toggle][et_pb_toggle title=\u00bbCALCULE SU CR\u00c9DITO\u00bb _builder_version=\u00bb4.16&#8243; _module_preset=\u00bbdefault\u00bb title_font=\u00bb|700|||||||\u00bb title_font_size=\u00bb14px\u00bb title_line_height=\u00bb1.2em\u00bb custom_margin=\u00bb-34px|||||\u00bb link_option_url=\u00bb#\u00bb global_colors_info=\u00bb{}\u00bb][\/et_pb_toggle][et_pb_toggle title=\u00bbPREGUNTAS FRECUENTES\u00bb _builder_version=\u00bb4.16&#8243; _module_preset=\u00bbdefault\u00bb title_font=\u00bb|700|||||||\u00bb title_font_size=\u00bb14px\u00bb title_line_height=\u00bb1.2em\u00bb custom_margin=\u00bb-34px||-1px|||\u00bb link_option_url=\u00bb#\u00bb global_colors_info=\u00bb{}\u00bb][\/et_pb_toggle][et_pb_text _builder_version=\u00bb4.16&#8243; _module_preset=\u00bbdefault\u00bb text_font=\u00bb|700|||||||\u00bb text_text_color=\u00bb#FFFFFF\u00bb background_color=\u00bb#7CDA24&#8243; text_orientation=\u00bbcenter\u00bb text_text_shadow_style=\u00bbpreset2&#8243; global_colors_info=\u00bb{}\u00bb]<\/p>\n<p>PRIVADA<\/p>\n<p>[\/et_pb_text][et_pb_toggle title=\u00bbCURSOS DE AUT\u00d3NOMOS Y PARTICULARES\u00bb _builder_version=\u00bb4.16&#8243; _module_preset=\u00bbdefault\u00bb title_font=\u00bb|700|||||||\u00bb title_font_size=\u00bb14px\u00bb title_line_height=\u00bb1.2em\u00bb custom_margin=\u00bb-34px||-1px|||\u00bb link_option_url=\u00bb#\u00bb locked=\u00bboff\u00bb global_colors_info=\u00bb{}\u00bb][\/et_pb_toggle][et_pb_text _builder_version=\u00bb4.16&#8243; _module_preset=\u00bbdefault\u00bb text_font=\u00bb|700|||||||\u00bb text_text_color=\u00bb#FFFFFF\u00bb background_color=\u00bb#7CDA24&#8243; text_orientation=\u00bbcenter\u00bb text_text_shadow_style=\u00bbpreset2&#8243; locked=\u00bboff\u00bb global_colors_info=\u00bb{}\u00bb]<\/p>\n<p>OTROS<\/p>\n<p>[\/et_pb_text][et_pb_toggle title=\u00bbREGISTRO DE HORARIO\u00bb _builder_version=\u00bb4.16&#8243; _module_preset=\u00bbdefault\u00bb title_font=\u00bb|700|||||||\u00bb title_font_size=\u00bb14px\u00bb title_line_height=\u00bb1.2em\u00bb custom_margin=\u00bb-34px||-1px|||\u00bb link_option_url=\u00bb#\u00bb locked=\u00bboff\u00bb global_colors_info=\u00bb{}\u00bb][\/et_pb_toggle][et_pb_text _builder_version=\u00bb4.16&#8243; _module_preset=\u00bbdefault\u00bb text_font=\u00bb|700|||||||\u00bb text_text_color=\u00bb#FFFFFF\u00bb background_color=\u00bb#7CDA24&#8243; text_orientation=\u00bbcenter\u00bb text_text_shadow_style=\u00bbpreset2&#8243; locked=\u00bboff\u00bb global_colors_info=\u00bb{}\u00bb]<\/p>\n<p>GENERAL<\/p>\n<p>[\/et_pb_text][et_pb_toggle title=\u00bbZONA PRIVADA PARA EMPRESAS Y ASESOR\u00cdAS\u00bb _builder_version=\u00bb4.18.0&#8243; _module_preset=\u00bbdefault\u00bb title_font=\u00bb|700|||||||\u00bb title_font_size=\u00bb14px\u00bb title_line_height=\u00bb1.2em\u00bb custom_margin=\u00bb-34px||-1px|||\u00bb link_option_url=\u00bbhttp:\/\/highleveleducation.com\/old\/zona-privada\/\u00bb locked=\u00bboff\u00bb global_colors_info=\u00bb{}\u00bb][\/et_pb_toggle][\/et_pb_column][\/et_pb_section]<\/p>\n","protected":false},"excerpt":{"rendered":"<p>Trabaja con NosotrosTAG Formaci\u00f3n necesita permanentemente cubrir puestos de profesorado-especialista, administrativos, comerciales, etc.. en todo el territorio espa\u00f1ol y en latinoam\u00e9rica. Si estas interesado en trabajar dentro de nuestra organizaci\u00f3n, o como futuro Empresario te interesar\u00eda abrir un centro TAG Formaci\u00f3n en tu provincia o lugar de Residencia, escr\u00edbenos adjuntando tu curr\u00edculum v\u00edtae. Nosotros estudiaremos [&hellip;]<\/p>\n","protected":false},"author":1,"featured_media":0,"parent":0,"menu_order":0,"comment_status":"closed","ping_status":"closed","template":"","meta":{"_et_pb_use_builder":"on","_et_pb_old_content":"<!-- wp:divi\/placeholder \/-->","_et_gb_content_width":"","footnotes":""},"class_list":["post-528","page","type-page","status-publish","hentry"],"_links":{"self":[{"href":"http:\/\/highleveleducation.com\/old\/wp-json\/wp\/v2\/pages\/528","targetHints":{"allow":["GET"]}}],"collection":[{"href":"http:\/\/highleveleducation.com\/old\/wp-json\/wp\/v2\/pages"}],"about":[{"href":"http:\/\/highleveleducation.com\/old\/wp-json\/wp\/v2\/types\/page"}],"author":[{"embeddable":true,"href":"http:\/\/highleveleducation.com\/old\/wp-json\/wp\/v2\/users\/1"}],"replies":[{"embeddable":true,"href":"http:\/\/highleveleducation.com\/old\/wp-json\/wp\/v2\/comments?post=528"}],"version-history":[{"count":5,"href":"http:\/\/highleveleducation.com\/old\/wp-json\/wp\/v2\/pages\/528\/revisions"}],"predecessor-version":[{"id":562,"href":"http:\/\/highleveleducation.com\/old\/wp-json\/wp\/v2\/pages\/528\/revisions\/562"}],"wp:attachment":[{"href":"http:\/\/highleveleducation.com\/old\/wp-json\/wp\/v2\/media?parent=528"}],"curies":[{"name":"wp","href":"https:\/\/api.w.org\/{rel}","templated":true}]}}