{"id":315,"date":"2022-10-20T22:07:16","date_gmt":"2022-10-20T22:07:16","guid":{"rendered":"http:\/\/highleveleducation.com\/old\/?page_id=315"},"modified":"2022-10-20T22:15:22","modified_gmt":"2022-10-20T22:15:22","slug":"normativa","status":"publish","type":"page","link":"http:\/\/highleveleducation.com\/old\/normativa\/","title":{"rendered":"Normativa"},"content":{"rendered":"<p>[et_pb_section fb_built=\u00bb1&#8243; admin_label=\u00bbMarketing Hero\u00bb _builder_version=\u00bb3.22&#8243; background_enable_color=\u00bboff\u00bb use_background_color_gradient=\u00bbon\u00bb background_color_gradient_start=\u00bb#34ba00&#8243; background_color_gradient_end=\u00bbrgba(158,216,104,0.46)\u00bb background_image=\u00bbhttp:\/\/highleveleducation.com\/old\/wp-content\/uploads\/2022\/10\/coding-background-texture.jpg\u00bb background_blend=\u00bboverlay\u00bb custom_padding=\u00bb52px|0px|39px|0px||\u00bb animation_style=\u00bbslide\u00bb animation_direction=\u00bbtop\u00bb animation_intensity_slide=\u00bb2%\u00bb][et_pb_row _builder_version=\u00bb3.25&#8243; background_size=\u00bbinitial\u00bb background_position=\u00bbtop_left\u00bb background_repeat=\u00bbrepeat\u00bb animation_style=\u00bbzoom\u00bb animation_direction=\u00bbbottom\u00bb animation_intensity_zoom=\u00bb6%\u00bb][et_pb_column type=\u00bb4_4&#8243; _builder_version=\u00bb3.25&#8243; custom_padding=\u00bb|||\u00bb custom_padding__hover=\u00bb|||\u00bb][et_pb_text _builder_version=\u00bb4.9.0&#8243; header_font=\u00bb|on|||\u00bb header_font_size=\u00bb45px\u00bb header_line_height=\u00bb1.3em\u00bb background_size=\u00bbinitial\u00bb background_position=\u00bbtop_left\u00bb background_repeat=\u00bbrepeat\u00bb background_layout=\u00bbdark\u00bb custom_margin=\u00bb||20px|\u00bb animation_style=\u00bbslide\u00bb animation_direction=\u00bbbottom\u00bb animation_intensity_slide=\u00bb10%\u00bb hover_enabled=\u00bb0&#8243; header_text_shadow_style=\u00bbpreset4&#8243; locked=\u00bboff\u00bb sticky_enabled=\u00bb0&#8243;]<\/p>\n<h1 style=\"text-align: center;\">Normativa<\/h1>\n<p>[\/et_pb_text][et_pb_divider color=\u00bb#09e1c0&#8243; divider_weight=\u00bb4px\u00bb disabled_on=\u00bboff|off|off\u00bb _builder_version=\u00bb3.2&#8243; background_size=\u00bbinitial\u00bb background_position=\u00bbtop_left\u00bb background_repeat=\u00bbrepeat\u00bb max_width=\u00bb40px\u00bb module_alignment=\u00bbleft\u00bb custom_margin=\u00bb||10px|\u00bb animation_style=\u00bbzoom\u00bb animation_direction=\u00bbleft\u00bb saved_tabs=\u00bball\u00bb locked=\u00bboff\u00bb][\/et_pb_divider][\/et_pb_column][\/et_pb_row][\/et_pb_section][et_pb_section fb_built=\u00bb1&#8243; specialty=\u00bbon\u00bb _builder_version=\u00bb4.9.0&#8243; _module_preset=\u00bbdefault\u00bb][et_pb_column type=\u00bb3_4&#8243; specialty_columns=\u00bb3&#8243; _builder_version=\u00bb3.25&#8243; custom_padding=\u00bb|||\u00bb custom_padding__hover=\u00bb|||\u00bb][et_pb_row_inner _builder_version=\u00bb4.9.0&#8243; _module_preset=\u00bbdefault\u00bb custom_padding=\u00bb||39px|||\u00bb][et_pb_column_inner saved_specialty_column_type=\u00bb3_4&#8243; _builder_version=\u00bb4.9.0&#8243; _module_preset=\u00bbdefault\u00bb][et_pb_text _builder_version=\u00bb4.9.0&#8243; header_font=\u00bb||||||||\u00bb header_2_font=\u00bb|700|||||||\u00bb header_2_text_color=\u00bb#7272ff\u00bb header_2_font_size=\u00bb36px\u00bb header_2_line_height=\u00bb1.3em\u00bb background_size=\u00bbinitial\u00bb background_position=\u00bbtop_left\u00bb background_repeat=\u00bbrepeat\u00bb text_orientation=\u00bbcenter\u00bb module_alignment=\u00bbcenter\u00bb custom_margin=\u00bb||20px|\u00bb animation_style=\u00bbslide\u00bb animation_direction=\u00bbbottom\u00bb animation_intensity_slide=\u00bb10%\u00bb hover_enabled=\u00bb0&#8243; locked=\u00bboff\u00bb header_font_size__hover=\u00bb30px\u00bb header_font_size__hover_enabled=\u00bb30px\u00bb header_letter_spacing__hover=\u00bb0px\u00bb header_letter_spacing__hover_enabled=\u00bb0px\u00bb header_text_shadow_style__hover=\u00bbnone\u00bb header_text_shadow_style__hover_enabled=\u00bbnone\u00bb header_text_shadow_color__hover=\u00bbrgba(0,0,0,0.4)\u00bb header_text_shadow_color__hover_enabled=\u00bbrgba(0,0,0,0.4)\u00bb sticky_enabled=\u00bb0&#8243;]<\/p>\n<h2><span style=\"color: #99cc00;\">NORMATIVA<\/span><\/h2>\n<p>[\/et_pb_text][et_pb_divider color=\u00bb#09e1c0&#8243; divider_weight=\u00bb4px\u00bb disabled_on=\u00bboff|off|off\u00bb _builder_version=\u00bb3.19.3&#8243; background_size=\u00bbinitial\u00bb background_position=\u00bbtop_left\u00bb background_repeat=\u00bbrepeat\u00bb max_width=\u00bb40px\u00bb module_alignment=\u00bbcenter\u00bb custom_margin=\u00bb||10px|\u00bb animation_style=\u00bbzoom\u00bb animation_direction=\u00bbleft\u00bb saved_tabs=\u00bball\u00bb locked=\u00bboff\u00bb][\/et_pb_divider][et_pb_text _builder_version=\u00bb4.9.0&#8243; _module_preset=\u00bbdefault\u00bb hover_enabled=\u00bb0&#8243; sticky_enabled=\u00bb0&#8243;]<\/p>\n<ul>\n<li style=\"text-align: justify;\"><a href=\"https:\/\/www.tagformacion.es\/v5\/contratosFormacion.php?seccion=NOR#\" onclick=\"window.open('http:\/\/www.boe.es\/boe\/dias\/2018\/07\/04\/pdfs\/BOE-A-2018-9268.pdf#page=234');\"><b>Ley 6\/2018, de 3 de julio,<\/b><\/a><span>\u00a0<\/span>de Presupuestos Generales del estado para 2018 (<b>ayudas para j\u00f3venes en Contrato de Formaci\u00f3n<\/b>).<\/li>\n<li style=\"text-align: justify;\"><a href=\"https:\/\/www.tagformacion.es\/v5\/contratosFormacion.php?seccion=NOR#\" onclick=\"window.open('http:\/\/www.boe.es\/buscar\/act.php?id=BOE-A-1995-7730');\"><b>Real Decreto Legislativo 1\/1995, de 24 de marzo,<\/b><\/a><span>\u00a0<\/span>por el que se aprueba el texto refundido de la Ley del Estatuto de los Trabajadores.<\/li>\n<li style=\"text-align: justify;\"><a href=\"https:\/\/www.tagformacion.es\/v5\/contratosFormacion.php?seccion=NOR#\" onclick=\"window.open('pdf\/contratosFormacion\/normativa\/RD-488-1998.pdf');\"><b>Real Decreto 488\/1998, de 27 de marzo,<\/b><\/a><span>\u00a0<\/span>por el que se desarrolla el art\u00edculo 11 del Estatuto de los Trabajadores en materia de contratos formativos.<\/li>\n<li style=\"text-align: justify;\"><a href=\"https:\/\/www.tagformacion.es\/v5\/contratosFormacion.php?seccion=NOR#\" onclick=\"window.open('pdf\/contratosFormacion\/normativa\/BOE-A-2012-9110.pdf');\"><b>Ley 3\/2012, de 6 de julio,<\/b><\/a><span>\u00a0<\/span>de medidas urgentes para la reforma del mercado laboral.<\/li>\n<li style=\"text-align: justify;\"><a href=\"https:\/\/www.tagformacion.es\/v5\/contratosFormacion.php?seccion=NOR#\" onclick=\"window.open('pdf\/contratosFormacion\/normativa\/BOE-A-2012-13846.pdf');\"><b>Real Decreto 1529\/2012, de 8 de noviembre,<\/b><\/a><span>\u00a0<\/span>por el que se desarrolla el contrato para la formaci\u00f3n y el aprendizaje y se establecen las bases de la formaci\u00f3n profesional dual.<\/li>\n<li style=\"text-align: justify;\"><a href=\"https:\/\/www.tagformacion.es\/v5\/contratosFormacion.php?seccion=NOR#\" onclick=\"window.open('pdf\/contratosFormacion\/normativa\/BOE-A-2014-317.pdf');\"><b>Orden ESS\/2518\/2013, de 26 de diciembre,<\/b><\/a><span>\u00a0<\/span>por la que se regulan los aspectos formativos del contrato para la formaci\u00f3n y el aprendizaje en desarrollo del Real Decreto 1529\/2012, de 8 de noviembre, por el que se desarrolla el contrato para la formaci\u00f3n y el aprendizaje y se establecen las bases de la formaci\u00f3n profesional dual.<\/li>\n<li style=\"text-align: justify;\"><a href=\"https:\/\/www.tagformacion.es\/v5\/contratosFormacion.php?seccion=NOR#\" onclick=\"window.open('pdf\/contratosFormacion\/normativa\/BOE-A-2015-599.pdf');\"><b>Orden ESS\/41\/2015, de 12 de enero,<\/b><\/a><span>\u00a0<\/span>por la que se modifica la Orden ESS\/2518\/2013, de 26 de diciembre, por la que se regulan los aspectos formativos del contrato para la formaci\u00f3n y el aprendizaje, en desarrollo del Real Decreto 1529\/2012, de 8 de noviembre, por el que se desarrolla el contrato para la formaci\u00f3n y el aprendizaje y se establecen las bases de la formaci\u00f3n profesional dual y la Orden TAS\/718\/2008, de 7 de marzo, por la que se desarrolla el Real Decreto 395\/2007, de 23 de marzo, por el que se regula el subsistema de formaci\u00f3n profesional para el empleo, en materia de formaci\u00f3n de oferta y se establecen las bases reguladoras para la concesi\u00f3n de subvenciones p\u00fablicas destinadas a su financiaci\u00f3n.<\/li>\n<li style=\"text-align: justify;\"><a href=\"https:\/\/www.tagformacion.es\/v5\/contratosFormacion.php?seccion=NOR#\" onclick=\"window.open('pdf\/contratosFormacion\/normativa\/BOE-A-2021-21788.pdf');\"><b>R.D.L. 32\/2021, de 28 de diciembre<\/b><\/a>, de medidas urgentes para la reforma laboral, la garant\u00eda de la estabilidad en el empleo y la transformaci\u00f3n del mercado de trabajo.<\/li>\n<li style=\"text-align: justify;\"><a href=\"https:\/\/www.tagformacion.es\/v5\/contratosFormacion.php?seccion=NOR#\" onclick=\"window.open('pdf\/contratosFormacion\/normativa\/Nota_Informativa_RDL-32-2021.pdf');\"><b>Nota informativa<\/b><\/a><span>\u00a0<\/span>sobre el R.D.L. 32\/2021, de 28 de diciembre.<\/li>\n<\/ul>\n<p>[\/et_pb_text][\/et_pb_column_inner][\/et_pb_row_inner][\/et_pb_column][et_pb_column type=\u00bb1_4&#8243; _builder_version=\u00bb3.25&#8243; custom_padding=\u00bb|||\u00bb custom_padding__hover=\u00bb|||\u00bb][et_pb_blurb title=\u00bbCURSOS EN FORMACI\u00d3N\u00bb image=\u00bbhttp:\/\/highleveleducation.com\/old\/wp-content\/uploads\/2022\/10\/coding-icon_15.jpg\u00bb _builder_version=\u00bb4.9.0&#8243; _module_preset=\u00bbdefault\u00bb header_font=\u00bb|700|||||||\u00bb header_text_align=\u00bbcenter\u00bb][\/et_pb_blurb][et_pb_toggle title=\u00bbINTRODUCCI\u00d3N\u00bb _builder_version=\u00bb4.9.0&#8243; _module_preset=\u00bbdefault\u00bb title_font=\u00bb|700|||||||\u00bb title_font_size=\u00bb14px\u00bb custom_margin=\u00bb||0px|||\u00bb link_option_url=\u00bb#\u00bb][\/et_pb_toggle][et_pb_text _builder_version=\u00bb4.9.0&#8243; _module_preset=\u00bbdefault\u00bb text_font=\u00bb|700|||||||\u00bb text_text_color=\u00bb#FFFFFF\u00bb background_color=\u00bb#7CDA24&#8243; text_orientation=\u00bbcenter\u00bb custom_margin=\u00bb||0px|||\u00bb text_text_shadow_style=\u00bbpreset2&#8243; locked=\u00bboff\u00bb]<\/p>\n<p>TELEFORMACI\u00d3N<\/p>\n<p>[\/et_pb_text][et_pb_toggle title=\u00bbC\u00d3MO TRAMITAR UN CONTRATO\u00bb _builder_version=\u00bb4.9.0&#8243; _module_preset=\u00bbdefault\u00bb title_font=\u00bb|700|||||||\u00bb title_font_size=\u00bb14px\u00bb title_line_height=\u00bb1.2em\u00bb custom_margin=\u00bb||-1px|||\u00bb link_option_url=\u00bbhttp:\/\/highleveleducation.com\/old\/como-tramitar-el-nuevo-contrato-de-formacion-en-alternancia\/\u00bb][\/et_pb_toggle][et_pb_toggle title=\u00bbOCUPACIONES (ESPECIALIDADES FORMATIVAS)\u00bb _builder_version=\u00bb4.9.0&#8243; _module_preset=\u00bbdefault\u00bb title_font=\u00bb|700|||||||\u00bb title_font_size=\u00bb14px\u00bb title_line_height=\u00bb1.2em\u00bb link_option_url=\u00bbhttp:\/\/highleveleducation.com\/old\/wp-content\/uploads\/2022\/10\/especialidades_profesionalidad.pdf\u00bb][\/et_pb_toggle][et_pb_toggle title=\u00bbOCUPACIONES-CERTIFICADOS DE PROFESIONALIDAD\u00bb _builder_version=\u00bb4.9.0&#8243; _module_preset=\u00bbdefault\u00bb title_font=\u00bb|700|||||||\u00bb title_font_size=\u00bb14px\u00bb title_line_height=\u00bb1.2em\u00bb custom_margin=\u00bb-34px|||||\u00bb link_option_url=\u00bbhttp:\/\/highleveleducation.com\/old\/wp-content\/uploads\/2022\/10\/especialidades_teleformacion.pdf\u00bb][\/et_pb_toggle][et_pb_toggle title=\u00bbCARACTER\u00cdSTICAS DEL CONTRATO\u00bb _builder_version=\u00bb4.9.0&#8243; _module_preset=\u00bbdefault\u00bb title_font=\u00bb|700|||||||\u00bb title_font_size=\u00bb14px\u00bb title_line_height=\u00bb1.2em\u00bb custom_margin=\u00bb-34px|||||\u00bb link_option_url=\u00bbhttp:\/\/highleveleducation.com\/old\/caracteristicas-del-contrato\/\u00bb][\/et_pb_toggle][et_pb_toggle title=\u00bbC\u00d3MO BONIFICAR EL CONTRATO\u00bb _builder_version=\u00bb4.9.0&#8243; _module_preset=\u00bbdefault\u00bb title_font=\u00bb|700|||||||\u00bb title_font_size=\u00bb14px\u00bb title_line_height=\u00bb1.2em\u00bb custom_margin=\u00bb-34px||-4px|||\u00bb link_option_url=\u00bb#\u00bb][\/et_pb_toggle][et_pb_text _builder_version=\u00bb4.9.0&#8243; _module_preset=\u00bbdefault\u00bb text_font=\u00bb|700|||||||\u00bb text_text_color=\u00bb#FFFFFF\u00bb background_color=\u00bb#7CDA24&#8243; text_orientation=\u00bbcenter\u00bb custom_margin=\u00bb||34px|||\u00bb text_text_shadow_style=\u00bbpreset2&#8243;]<\/p>\n<p>GENERAL<\/p>\n<p>[\/et_pb_text][et_pb_toggle title=\u00bbNORMATIVA\u00bb _builder_version=\u00bb4.9.0&#8243; _module_preset=\u00bbdefault\u00bb title_font=\u00bb|700|||||||\u00bb title_font_size=\u00bb14px\u00bb title_line_height=\u00bb1.2em\u00bb custom_margin=\u00bb-34px||-1px|||\u00bb link_option_url=\u00bbhttp:\/\/highleveleducation.com\/old\/normativa\/\u00bb hover_enabled=\u00bb0&#8243; locked=\u00bboff\u00bb sticky_enabled=\u00bb0&#8243;][\/et_pb_toggle][et_pb_toggle title=\u00bbDOCUMENTACI\u00d3N\u00bb _builder_version=\u00bb4.9.0&#8243; _module_preset=\u00bbdefault\u00bb title_font=\u00bb|700|||||||\u00bb title_font_size=\u00bb14px\u00bb title_line_height=\u00bb1.2em\u00bb custom_margin=\u00bb-2px||-1px|||\u00bb link_option_url=\u00bb#\u00bb locked=\u00bboff\u00bb][\/et_pb_toggle][et_pb_toggle title=\u00bbZONA PRIVADA PARA EMPRESAS Y ASESOR\u00cdAS\u00bb _builder_version=\u00bb4.9.0&#8243; _module_preset=\u00bbdefault\u00bb title_font=\u00bb|700|||||||\u00bb title_font_size=\u00bb14px\u00bb title_line_height=\u00bb1.2em\u00bb custom_margin=\u00bb-3px||-1px|||\u00bb link_option_url=\u00bb#\u00bb locked=\u00bboff\u00bb][\/et_pb_toggle][\/et_pb_column][\/et_pb_section]<\/p>\n","protected":false},"excerpt":{"rendered":"<p>NormativaNORMATIVA Ley 6\/2018, de 3 de julio,\u00a0de Presupuestos Generales del estado para 2018 (ayudas para j\u00f3venes en Contrato de Formaci\u00f3n). Real Decreto Legislativo 1\/1995, de 24 de marzo,\u00a0por el que se aprueba el texto refundido de la Ley del Estatuto de los Trabajadores. Real Decreto 488\/1998, de 27 de marzo,\u00a0por el que se desarrolla el [&hellip;]<\/p>\n","protected":false},"author":1,"featured_media":0,"parent":0,"menu_order":0,"comment_status":"closed","ping_status":"closed","template":"","meta":{"_et_pb_use_builder":"on","_et_pb_old_content":"","_et_gb_content_width":"","footnotes":""},"class_list":["post-315","page","type-page","status-publish","hentry"],"_links":{"self":[{"href":"http:\/\/highleveleducation.com\/old\/wp-json\/wp\/v2\/pages\/315","targetHints":{"allow":["GET"]}}],"collection":[{"href":"http:\/\/highleveleducation.com\/old\/wp-json\/wp\/v2\/pages"}],"about":[{"href":"http:\/\/highleveleducation.com\/old\/wp-json\/wp\/v2\/types\/page"}],"author":[{"embeddable":true,"href":"http:\/\/highleveleducation.com\/old\/wp-json\/wp\/v2\/users\/1"}],"replies":[{"embeddable":true,"href":"http:\/\/highleveleducation.com\/old\/wp-json\/wp\/v2\/comments?post=315"}],"version-history":[{"count":5,"href":"http:\/\/highleveleducation.com\/old\/wp-json\/wp\/v2\/pages\/315\/revisions"}],"predecessor-version":[{"id":323,"href":"http:\/\/highleveleducation.com\/old\/wp-json\/wp\/v2\/pages\/315\/revisions\/323"}],"wp:attachment":[{"href":"http:\/\/highleveleducation.com\/old\/wp-json\/wp\/v2\/media?parent=315"}],"curies":[{"name":"wp","href":"https:\/\/api.w.org\/{rel}","templated":true}]}}