{"id":301,"date":"2022-10-20T21:28:19","date_gmt":"2022-10-20T21:28:19","guid":{"rendered":"http:\/\/highleveleducation.com\/old\/?page_id=301"},"modified":"2022-10-20T22:26:00","modified_gmt":"2022-10-20T22:26:00","slug":"como-bonificar-un-contrato","status":"publish","type":"page","link":"http:\/\/highleveleducation.com\/old\/como-bonificar-un-contrato\/","title":{"rendered":"C\u00f3mo bonificar un contrato"},"content":{"rendered":"<p>[et_pb_section fb_built=\u00bb1&#8243; admin_label=\u00bbMarketing Hero\u00bb _builder_version=\u00bb3.22&#8243; background_enable_color=\u00bboff\u00bb use_background_color_gradient=\u00bbon\u00bb background_color_gradient_start=\u00bb#34ba00&#8243; background_color_gradient_end=\u00bbrgba(158,216,104,0.46)\u00bb background_image=\u00bbhttp:\/\/highleveleducation.com\/old\/wp-content\/uploads\/2022\/10\/coding-background-texture.jpg\u00bb background_blend=\u00bboverlay\u00bb custom_padding=\u00bb52px|0px|39px|0px||\u00bb animation_style=\u00bbslide\u00bb animation_direction=\u00bbtop\u00bb animation_intensity_slide=\u00bb2%\u00bb][et_pb_row _builder_version=\u00bb3.25&#8243; background_size=\u00bbinitial\u00bb background_position=\u00bbtop_left\u00bb background_repeat=\u00bbrepeat\u00bb animation_style=\u00bbzoom\u00bb animation_direction=\u00bbbottom\u00bb animation_intensity_zoom=\u00bb6%\u00bb][et_pb_column type=\u00bb4_4&#8243; _builder_version=\u00bb3.25&#8243; custom_padding=\u00bb|||\u00bb custom_padding__hover=\u00bb|||\u00bb][et_pb_text _builder_version=\u00bb4.9.0&#8243; header_font=\u00bb|on|||\u00bb header_font_size=\u00bb45px\u00bb header_line_height=\u00bb1.3em\u00bb background_size=\u00bbinitial\u00bb background_position=\u00bbtop_left\u00bb background_repeat=\u00bbrepeat\u00bb background_layout=\u00bbdark\u00bb custom_margin=\u00bb||20px|\u00bb animation_style=\u00bbslide\u00bb animation_direction=\u00bbbottom\u00bb animation_intensity_slide=\u00bb10%\u00bb header_text_shadow_style=\u00bbpreset4&#8243; locked=\u00bboff\u00bb]<\/p>\n<h1 style=\"text-align: center;\">C\u00f3mo bonificar un Contrato de Formaci\u00f3n en Alternancia<\/h1>\n<p>[\/et_pb_text][et_pb_divider color=\u00bb#09e1c0&#8243; divider_weight=\u00bb4px\u00bb disabled_on=\u00bboff|off|off\u00bb _builder_version=\u00bb3.2&#8243; background_size=\u00bbinitial\u00bb background_position=\u00bbtop_left\u00bb background_repeat=\u00bbrepeat\u00bb max_width=\u00bb40px\u00bb module_alignment=\u00bbleft\u00bb custom_margin=\u00bb||10px|\u00bb animation_style=\u00bbzoom\u00bb animation_direction=\u00bbleft\u00bb saved_tabs=\u00bball\u00bb locked=\u00bboff\u00bb][\/et_pb_divider][\/et_pb_column][\/et_pb_row][\/et_pb_section][et_pb_section fb_built=\u00bb1&#8243; specialty=\u00bbon\u00bb _builder_version=\u00bb4.9.0&#8243; _module_preset=\u00bbdefault\u00bb][et_pb_column type=\u00bb3_4&#8243; specialty_columns=\u00bb3&#8243; _builder_version=\u00bb3.25&#8243; custom_padding=\u00bb|||\u00bb custom_padding__hover=\u00bb|||\u00bb][et_pb_row_inner _builder_version=\u00bb4.9.0&#8243; _module_preset=\u00bbdefault\u00bb custom_padding=\u00bb||39px|||\u00bb][et_pb_column_inner saved_specialty_column_type=\u00bb3_4&#8243; _builder_version=\u00bb4.9.0&#8243; _module_preset=\u00bbdefault\u00bb][et_pb_text _builder_version=\u00bb4.9.0&#8243; header_font=\u00bb||||||||\u00bb header_2_font=\u00bb|700|||||||\u00bb header_2_text_color=\u00bb#7272ff\u00bb header_2_font_size=\u00bb36px\u00bb header_2_line_height=\u00bb1.3em\u00bb background_size=\u00bbinitial\u00bb background_position=\u00bbtop_left\u00bb background_repeat=\u00bbrepeat\u00bb text_orientation=\u00bbcenter\u00bb module_alignment=\u00bbcenter\u00bb custom_margin=\u00bb||20px|\u00bb animation_style=\u00bbslide\u00bb animation_direction=\u00bbbottom\u00bb animation_intensity_slide=\u00bb10%\u00bb locked=\u00bboff\u00bb header_font_size__hover=\u00bb30px\u00bb header_font_size__hover_enabled=\u00bb30px\u00bb header_letter_spacing__hover=\u00bb0px\u00bb header_letter_spacing__hover_enabled=\u00bb0px\u00bb header_text_shadow_style__hover=\u00bbnone\u00bb header_text_shadow_style__hover_enabled=\u00bbnone\u00bb header_text_shadow_color__hover=\u00bbrgba(0,0,0,0.4)\u00bb header_text_shadow_color__hover_enabled=\u00bbrgba(0,0,0,0.4)\u00bb]<\/p>\n<h2><span style=\"color: #99cc00;\">C\u00d3MO BONIFICAR UN CONTRATO DE FORMACI\u00d3N EN ALTERNANCIA<\/span><\/h2>\n<p>[\/et_pb_text][et_pb_divider color=\u00bb#09e1c0&#8243; divider_weight=\u00bb4px\u00bb disabled_on=\u00bboff|off|off\u00bb _builder_version=\u00bb3.19.3&#8243; background_size=\u00bbinitial\u00bb background_position=\u00bbtop_left\u00bb background_repeat=\u00bbrepeat\u00bb max_width=\u00bb40px\u00bb module_alignment=\u00bbcenter\u00bb custom_margin=\u00bb||10px|\u00bb animation_style=\u00bbzoom\u00bb animation_direction=\u00bbleft\u00bb saved_tabs=\u00bball\u00bb locked=\u00bboff\u00bb][\/et_pb_divider][et_pb_blurb use_icon=\u00bbon\u00bb font_icon=\u00bb%%175%%\u00bb icon_color=\u00bb#7CDA24&#8243; icon_placement=\u00bbleft\u00bb content_max_width=\u00bb1100px\u00bb _builder_version=\u00bb4.9.0&#8243; _module_preset=\u00bbdefault\u00bb locked=\u00bboff\u00bb]<\/p>\n<h4 style=\"text-align: justify;\"><span style=\"color: #008000;\"><b>BONIFICACI\u00d3N DEL CONTRATO DE FORMACI\u00d3N (TELEFORMACI\u00d3N)<\/b><\/span><\/h4>\n<p style=\"text-align: justify;\">El contrato ofrece un<span>\u00a0<\/span><b>beneficio doble<\/b>. Por un lado, cada mes la empresa podr\u00e1 bonificarse el coste de la formaci\u00f3n que recibe el trabajador, y por otro podr\u00e1 reducir sus cuotas a la Seguridad Social hasta en un 100%.<\/p>\n<p style=\"text-align: justify;\">En el nuevo escenario que se abre para el contrato, se mantienen las bonificaciones para sufragar los costes de la tutorizaci\u00f3n en la empresa<\/p>\n<p>[\/et_pb_blurb][et_pb_blurb use_icon=\u00bbon\u00bb font_icon=\u00bb%%175%%\u00bb icon_color=\u00bb#7CDA24&#8243; icon_placement=\u00bbleft\u00bb content_max_width=\u00bb1100px\u00bb _builder_version=\u00bb4.9.0&#8243; _module_preset=\u00bbdefault\u00bb locked=\u00bboff\u00bb]<\/p>\n<h4 style=\"text-align: justify;\"><span style=\"color: #008000;\"><b>REDUCCIONES EN LAS CUOTAS A LA SEGURIDAD SOCIAL<\/b><\/span><\/h4>\n<p style=\"text-align: justify;\">La cotizaci\u00f3n del contrato de formaci\u00f3n en 2022 sigue siendo fija y reducida, y asciende a 149,05 euros mensuales. Esta cantidad puede<span>\u00a0<\/span><b>reducirse al 100%<\/b><span>\u00a0<\/span>si la empresa tiene menos de 250 trabajadores (75% si tiene 250 o m\u00e1s), se encuentra al d\u00eda con Hacienda y la Seguridad Social y el trabajador est\u00e1 inscrito como demandante de empleo al firmar el contrato, entre otros requisitos.<\/p>\n<p style=\"text-align: justify;\">Las empresas que no tengan derecho a reducci\u00f3n aplicar\u00e1n la cuota reducida de 149,05 euros mensuales.<\/p>\n<p>[\/et_pb_blurb][et_pb_text _builder_version=\u00bb4.9.0&#8243; header_font=\u00bb||||||||\u00bb header_2_font=\u00bb|700|||||||\u00bb header_2_text_color=\u00bb#7272ff\u00bb header_2_font_size=\u00bb36px\u00bb header_2_line_height=\u00bb1.3em\u00bb background_size=\u00bbinitial\u00bb background_position=\u00bbtop_left\u00bb background_repeat=\u00bbrepeat\u00bb text_orientation=\u00bbcenter\u00bb module_alignment=\u00bbcenter\u00bb custom_margin=\u00bb||20px|\u00bb animation_style=\u00bbslide\u00bb animation_direction=\u00bbbottom\u00bb animation_intensity_slide=\u00bb10%\u00bb locked=\u00bboff\u00bb header_font_size__hover=\u00bb30px\u00bb header_font_size__hover_enabled=\u00bb30px\u00bb header_letter_spacing__hover=\u00bb0px\u00bb header_letter_spacing__hover_enabled=\u00bb0px\u00bb header_text_shadow_style__hover=\u00bbnone\u00bb header_text_shadow_style__hover_enabled=\u00bbnone\u00bb header_text_shadow_color__hover=\u00bbrgba(0,0,0,0.4)\u00bb header_text_shadow_color__hover_enabled=\u00bbrgba(0,0,0,0.4)\u00bb]<\/p>\n<h2><span style=\"color: #99cc00;\">Cotizaci\u00f3n de contratos para la formaci\u00f3n en alternancia 2022<\/span><\/h2>\n<p>[\/et_pb_text][et_pb_text _builder_version=\u00bb4.9.0&#8243; _module_preset=\u00bbdefault\u00bb]<\/p>\n<table>\n<tbody>\n<tr>\n<td style=\"text-align: center;\"><strong>CONCEPTO<\/strong><\/td>\n<td style=\"text-align: center;\"><strong>EMPRESA<\/strong><\/td>\n<td style=\"text-align: center;\"><strong>TRABAJADOR<\/strong><\/td>\n<td style=\"text-align: center;\"><strong>TOTAL<\/strong><\/td>\n<\/tr>\n<tr>\n<td style=\"text-align: center;\"><span>Contingencias Comunes<\/span><\/td>\n<td style=\"text-align: center;\"><span>47,28\u00a0\u20ac<\/span><\/td>\n<td style=\"text-align: center;\"><span>9,43\u00a0\u20ac<\/span><\/td>\n<td style=\"text-align: center;\"><span>56,71\u00a0\u20ac<\/span><\/td>\n<\/tr>\n<tr>\n<td style=\"text-align: center;\"><span>Contingencias Profesionales IT<\/span><\/td>\n<td style=\"text-align: center;\"><span>3,64\u00a0\u20ac<\/span><\/td>\n<td style=\"text-align: center;\">&#8211;<\/td>\n<td style=\"text-align: center;\"><span>3,64\u00a0\u20ac<\/span><\/td>\n<\/tr>\n<tr>\n<td style=\"text-align: center;\"><span>Contingencias Profesionales IMS<\/span><\/td>\n<td style=\"text-align: center;\"><span>2,87\u00a0\u20ac<\/span><\/td>\n<td style=\"text-align: center;\">&#8211;<\/td>\n<td style=\"text-align: center;\"><span>2,87\u00a0\u20ac<\/span><\/td>\n<\/tr>\n<tr>\n<td style=\"text-align: center;\"><span>Fondo de Garant\u00eda Salarial<\/span><\/td>\n<td style=\"text-align: center;\"><span>3,59\u00a0\u20ac<\/span><\/td>\n<td style=\"text-align: center;\">&#8211;<\/td>\n<td style=\"text-align: center;\"><span>3,59\u00a0\u20ac<\/span><\/td>\n<\/tr>\n<tr>\n<td style=\"text-align: center;\"><span>Desempleo<\/span><\/td>\n<td style=\"text-align: center;\"><span>64,16\u00a0\u20ac<\/span><\/td>\n<td style=\"text-align: center;\"><span>18,08\u00a0\u20ac<\/span><\/td>\n<td style=\"text-align: center;\"><span>82,24\u00a0\u20ac<\/span><\/td>\n<\/tr>\n<tr>\n<td style=\"text-align: center;\"><span>TOTAL MENSUAL<\/span><\/td>\n<td style=\"text-align: center;\"><span>121,54\u00a0\u20ac<\/span><\/td>\n<td style=\"text-align: center;\"><span>27,51\u00a0\u20ac<\/span><\/td>\n<td style=\"text-align: center;\"><span>149,05\u00a0\u20ac<\/span><\/td>\n<\/tr>\n<\/tbody>\n<\/table>\n<p>[\/et_pb_text][et_pb_blurb use_icon=\u00bbon\u00bb font_icon=\u00bb%%175%%\u00bb icon_color=\u00bb#7CDA24&#8243; icon_placement=\u00bbleft\u00bb content_max_width=\u00bb1100px\u00bb _builder_version=\u00bb4.9.0&#8243; _module_preset=\u00bbdefault\u00bb locked=\u00bboff\u00bb]<\/p>\n<h4 style=\"text-align: justify;\"><span style=\"color: #008000;\"><b>FORMACI\u00d3N BONIFICADA<\/b><\/span><\/h4>\n<p style=\"text-align: justify;\">La formaci\u00f3n te\u00f3rica vinculada al contrato est\u00e1 bonificada,<span>\u00a0<\/span><b>los costes de bonificaci\u00f3n se calculan seg\u00fan la jornada m\u00e1xima<\/b><span>\u00a0<\/span>prevista en el convenio colectivo (o, en su defecto, seg\u00fan la jornada m\u00e1xima legal).<\/p>\n<p style=\"text-align: justify;\">Los porcentajes dedicados a trabajo efectivo y formaci\u00f3n ser\u00e1n el 65% y 35% respectivamente durante el primer a\u00f1o de contrato, 85% y 15% el segundo a\u00f1o.<\/p>\n<p style=\"text-align: justify;\">Si tienes<span>\u00a0<\/span><b>dudas sobre el c\u00e1lculo de las bonificaciones para tu empresa<\/b>, s\u00f3lo tienes que llamarnos al 981 264 911 y te facilitaremos toda la informaci\u00f3n adaptada al caso particular de tu empresa.<\/p>\n<p>[\/et_pb_blurb][et_pb_blurb use_icon=\u00bbon\u00bb font_icon=\u00bb%%175%%\u00bb icon_color=\u00bb#7CDA24&#8243; icon_placement=\u00bbleft\u00bb content_max_width=\u00bb1100px\u00bb _builder_version=\u00bb4.9.0&#8243; _module_preset=\u00bbdefault\u00bb locked=\u00bboff\u00bb]<\/p>\n<h4 style=\"text-align: justify;\"><span style=\"color: #333333;\"><strong>Bonificaci\u00f3n por tutorizaci\u00f3n<\/strong><\/span><\/h4>\n<p style=\"text-align: justify;\"><b>Cada trabajador tiene asignados dos tutores<\/b>: uno dentro de la empresa y otro en el centro de formaci\u00f3n, que deber\u00e1n coordinar la actividad formativa y realizar su seguimiento.<\/p>\n<p style=\"text-align: justify;\">Con el objetivo de incentivar el trabajo del tutor asignado dentro de la empresa se recibir\u00e1 una<span>\u00a0<\/span><b>bonificaci\u00f3n adicional de entre 1,5 y 2 euros la hora<\/b>, seg\u00fan la plantilla de la empresa, y hasta un m\u00e1ximo de 40 horas mensuales.<\/p>\n<p>[\/et_pb_blurb][et_pb_text _builder_version=\u00bb4.9.0&#8243; _module_preset=\u00bbdefault\u00bb background_color=\u00bb#FFFFFF\u00bb]<\/p>\n<h4 style=\"text-align: justify; padding-left: 90px;\"><span><strong>Bonificaci\u00f3n por tutorizaci\u00f3n<\/strong><\/span><\/h4>\n<p style=\"text-align: justify; padding-left: 90px;\"><b>Cada trabajador tiene asignados dos tutores<\/b>: uno dentro de la empresa y otro en el centro de formaci\u00f3n, que deber\u00e1n coordinar la actividad formativa y realizar su seguimiento.<\/p>\n<p style=\"text-align: justify; padding-left: 90px;\">Con el objetivo de incentivar el trabajo del tutor asignado dentro de la empresa se recibir\u00e1 una<span>\u00a0<\/span><b>bonificaci\u00f3n adicional de entre 1,5 y 2 euros la hora<\/b>, seg\u00fan la plantilla de la empresa, y hasta un m\u00e1ximo de 40 horas mensuales.<\/p>\n<p>[\/et_pb_text][et_pb_text _builder_version=\u00bb4.9.0&#8243; _module_preset=\u00bbdefault\u00bb locked=\u00bboff\u00bb]<\/p>\n<table>\n<tbody>\n<tr>\n<td style=\"text-align: center;\"><strong>Plantilla de empresa<\/strong><br \/><strong>(n\u00ba trabajadores)<\/strong><\/td>\n<td style=\"text-align: center;\"><strong>M\u00e1x. horas financiables<\/strong><\/td>\n<td style=\"text-align: center;\"><strong>Financiaci\u00f3n<\/strong><\/td>\n<td style=\"text-align: center;\"><strong>TOTAL<\/strong><\/td>\n<\/tr>\n<tr>\n<td style=\"text-align: center;\"><span>Menos de 5<\/span><\/td>\n<td style=\"text-align: center;\"><span>40h<\/span><\/td>\n<td style=\"text-align: center;\"><span>2\u20ac\/h<\/span><\/td>\n<td style=\"text-align: center;\"><span>80\u20ac<\/span><\/td>\n<\/tr>\n<tr>\n<td style=\"text-align: center;\"><span>5 o m\u00e1s<\/span><\/td>\n<td style=\"text-align: center;\"><span>40h<\/span><\/td>\n<td style=\"text-align: center;\"><span>1.5\u20ac\/h<\/span><\/td>\n<td style=\"text-align: center;\"><span>60\u20ac<\/span><\/td>\n<\/tr>\n<\/tbody>\n<\/table>\n<p>[\/et_pb_text][et_pb_blurb use_icon=\u00bbon\u00bb font_icon=\u00bb%%175%%\u00bb icon_color=\u00bb#7CDA24&#8243; icon_placement=\u00bbleft\u00bb content_max_width=\u00bb1100px\u00bb _builder_version=\u00bb4.9.0&#8243; _module_preset=\u00bbdefault\u00bb locked=\u00bboff\u00bb]<\/p>\n<h4 style=\"text-align: justify;\"><span style=\"color: #008000;\"><b>\u00bfC\u00d3MO SE APLICAN LAS BONIFICACIONES?<\/b><\/span><\/h4>\n<p style=\"text-align: justify;\">El contrato de formaci\u00f3n en alternancia se tramita a trav\u00e9s del modelo 421. Si la empresa tiene derecho a bonificaciones en la cotizaci\u00f3n a la Seguridad Social<span>\u00a0<\/span><b>deber\u00e1n cumplimentarse las cl\u00e1usulas espec\u00edficas<\/b><span>\u00a0<\/span>seg\u00fan la plantilla y el tipo de reducci\u00f3n aplicable.<\/p>\n<p>[\/et_pb_blurb][et_pb_text _builder_version=\u00bb4.9.0&#8243; _module_preset=\u00bbdefault\u00bb background_color=\u00bb#FFFFFF\u00bb locked=\u00bboff\u00bb]<\/p>\n<h4 style=\"padding-left: 90px; text-align: justify;\"><b>Al dar de alta el contrato<\/b><\/h4>\n<p style=\"padding-left: 90px; text-align: justify;\">Al dar de alta el contrato en el Sistema RED o a trav\u00e9s de Contrat@ tendr\u00e1 que especificarse la condici\u00f3n de desempleado de la persona contratada.<\/p>\n<p>[\/et_pb_text][et_pb_text _builder_version=\u00bb4.9.0&#8243; _module_preset=\u00bbdefault\u00bb background_color=\u00bb#FFFFFF\u00bb locked=\u00bboff\u00bb]<\/p>\n<h4 style=\"padding-left: 90px; text-align: justify;\"><b>Mensualmente<\/b><\/h4>\n<p style=\"padding-left: 90px; text-align: justify;\">Por otra parte,<span>\u00a0<\/span><b>para consignar las bonificaciones mensuales<\/b><span>\u00a0<\/span>por cada trabajador tendr\u00e1 que especificarse que se accede a Bonificaci\u00f3n \/ Reducci\u00f3n en el sistema que se utilice para las n\u00f3minas, aplic\u00e1ndose en cada caso el porcentaje correspondiente seg\u00fan la empresa tenga menos de 250 trabajadores (100% de bonificaci\u00f3n) o m\u00e1s (75%).<\/p>\n<p style=\"padding-left: 90px; text-align: justify;\">La<span>\u00a0<\/span><b>bonificaci\u00f3n para financiar la tutorizaci\u00f3n<\/b><span>\u00a0<\/span>en la empresa tambi\u00e9n se efectuar\u00e1 mensualmente, indicando el n\u00famero de horas a bonificar (hasta un m\u00e1ximo de 40) y el importe total (entre 60 y 80 euros m\u00e1ximo, seg\u00fan el tama\u00f1o de la empresa).<\/p>\n<p style=\"padding-left: 90px; text-align: justify;\">En el<span>\u00a0<\/span><b>Sistema de Liquidaci\u00f3n Directa<\/b><span>\u00a0<\/span>la empresa deber\u00e1 comunicar esta bonificaci\u00f3n en el fichero de Bases, dentro del nodo DatosTramo (c\u00f3digo 06 para las horas, con el n\u00famero de horas de tutor\u00eda realizadas y c\u00f3digo 737 para indicar el concepto de la bonificaci\u00f3n con el importe correspondiente)***.<\/p>\n<p style=\"padding-left: 150px; text-align: justify;\"><i>*** Informaci\u00f3n extra\u00edda del<span>\u00a0<\/span><a href=\"https:\/\/www.seg-social.es\/descarga\/es\/199797\" target=\"_blank\" rel=\"noopener\">Bolet\u00edn RED 04\/2015<\/a>.<\/i><\/p>\n<p>[\/et_pb_text][\/et_pb_column_inner][\/et_pb_row_inner][\/et_pb_column][et_pb_column type=\u00bb1_4&#8243; _builder_version=\u00bb3.25&#8243; custom_padding=\u00bb|||\u00bb custom_padding__hover=\u00bb|||\u00bb][et_pb_blurb title=\u00bbCURSOS EN FORMACI\u00d3N\u00bb image=\u00bbhttp:\/\/highleveleducation.com\/old\/wp-content\/uploads\/2022\/10\/coding-icon_15.jpg\u00bb _builder_version=\u00bb4.9.0&#8243; _module_preset=\u00bbdefault\u00bb header_font=\u00bb|700|||||||\u00bb header_text_align=\u00bbcenter\u00bb][\/et_pb_blurb][et_pb_toggle title=\u00bbINTRODUCCI\u00d3N\u00bb _builder_version=\u00bb4.9.0&#8243; _module_preset=\u00bbdefault\u00bb title_font=\u00bb|700|||||||\u00bb title_font_size=\u00bb14px\u00bb custom_margin=\u00bb||0px|||\u00bb link_option_url=\u00bb#\u00bb][\/et_pb_toggle][et_pb_text _builder_version=\u00bb4.9.0&#8243; _module_preset=\u00bbdefault\u00bb text_font=\u00bb|700|||||||\u00bb text_text_color=\u00bb#FFFFFF\u00bb background_color=\u00bb#7CDA24&#8243; text_orientation=\u00bbcenter\u00bb custom_margin=\u00bb||0px|||\u00bb text_text_shadow_style=\u00bbpreset2&#8243; locked=\u00bboff\u00bb]<\/p>\n<p>TELEFORMACI\u00d3N<\/p>\n<p>[\/et_pb_text][et_pb_toggle title=\u00bbC\u00d3MO TRAMITAR UN CONTRATO\u00bb _builder_version=\u00bb4.9.0&#8243; _module_preset=\u00bbdefault\u00bb title_font=\u00bb|700|||||||\u00bb title_font_size=\u00bb14px\u00bb title_line_height=\u00bb1.2em\u00bb custom_margin=\u00bb||-1px|||\u00bb link_option_url=\u00bbhttp:\/\/highleveleducation.com\/old\/como-tramitar-el-nuevo-contrato-de-formacion-en-alternancia\/\u00bb][\/et_pb_toggle][et_pb_toggle title=\u00bbOCUPACIONES (ESPECIALIDADES FORMATIVAS)\u00bb _builder_version=\u00bb4.9.0&#8243; _module_preset=\u00bbdefault\u00bb title_font=\u00bb|700|||||||\u00bb title_font_size=\u00bb14px\u00bb title_line_height=\u00bb1.2em\u00bb link_option_url=\u00bbhttp:\/\/highleveleducation.com\/old\/wp-content\/uploads\/2022\/10\/especialidades_profesionalidad.pdf\u00bb][\/et_pb_toggle][et_pb_toggle title=\u00bbOCUPACIONES-CERTIFICADOS DE PROFESIONALIDAD\u00bb _builder_version=\u00bb4.9.0&#8243; _module_preset=\u00bbdefault\u00bb title_font=\u00bb|700|||||||\u00bb title_font_size=\u00bb14px\u00bb title_line_height=\u00bb1.2em\u00bb custom_margin=\u00bb-34px|||||\u00bb link_option_url=\u00bbhttp:\/\/highleveleducation.com\/old\/wp-content\/uploads\/2022\/10\/especialidades_teleformacion.pdf\u00bb][\/et_pb_toggle][et_pb_toggle title=\u00bbCARACTER\u00cdSTICAS DEL CONTRATO\u00bb _builder_version=\u00bb4.9.0&#8243; _module_preset=\u00bbdefault\u00bb title_font=\u00bb|700|||||||\u00bb title_font_size=\u00bb14px\u00bb title_line_height=\u00bb1.2em\u00bb custom_margin=\u00bb-34px|||||\u00bb link_option_url=\u00bbhttp:\/\/highleveleducation.com\/old\/caracteristicas-del-contrato\/\u00bb][\/et_pb_toggle][et_pb_toggle title=\u00bbC\u00d3MO BONIFICAR EL CONTRATO\u00bb _builder_version=\u00bb4.9.0&#8243; _module_preset=\u00bbdefault\u00bb title_font=\u00bb|700|||||||\u00bb title_font_size=\u00bb14px\u00bb title_line_height=\u00bb1.2em\u00bb custom_margin=\u00bb-34px||-4px|||\u00bb link_option_url=\u00bb#\u00bb][\/et_pb_toggle][et_pb_text _builder_version=\u00bb4.9.0&#8243; _module_preset=\u00bbdefault\u00bb text_font=\u00bb|700|||||||\u00bb text_text_color=\u00bb#FFFFFF\u00bb background_color=\u00bb#7CDA24&#8243; text_orientation=\u00bbcenter\u00bb custom_margin=\u00bb||34px|||\u00bb text_text_shadow_style=\u00bbpreset2&#8243;]<\/p>\n<p>GENERAL<\/p>\n<p>[\/et_pb_text][et_pb_toggle title=\u00bbNORMATIVA\u00bb _builder_version=\u00bb4.9.0&#8243; _module_preset=\u00bbdefault\u00bb title_font=\u00bb|700|||||||\u00bb title_font_size=\u00bb14px\u00bb title_line_height=\u00bb1.2em\u00bb custom_margin=\u00bb-34px||-1px|||\u00bb link_option_url=\u00bbhttp:\/\/highleveleducation.com\/old\/normativa\/\u00bb hover_enabled=\u00bb0&#8243; locked=\u00bboff\u00bb sticky_enabled=\u00bb0&#8243;][\/et_pb_toggle][et_pb_toggle title=\u00bbDOCUMENTACI\u00d3N\u00bb _builder_version=\u00bb4.9.0&#8243; _module_preset=\u00bbdefault\u00bb title_font=\u00bb|700|||||||\u00bb title_font_size=\u00bb14px\u00bb title_line_height=\u00bb1.2em\u00bb custom_margin=\u00bb-2px||-1px|||\u00bb link_option_url=\u00bbhttp:\/\/highleveleducation.com\/old\/documentacion\/\u00bb hover_enabled=\u00bb0&#8243; locked=\u00bboff\u00bb sticky_enabled=\u00bb0&#8243;][\/et_pb_toggle][et_pb_toggle title=\u00bbZONA PRIVADA PARA EMPRESAS Y ASESOR\u00cdAS\u00bb _builder_version=\u00bb4.9.0&#8243; _module_preset=\u00bbdefault\u00bb title_font=\u00bb|700|||||||\u00bb title_font_size=\u00bb14px\u00bb title_line_height=\u00bb1.2em\u00bb custom_margin=\u00bb-3px||-1px|||\u00bb link_option_url=\u00bb#\u00bb locked=\u00bboff\u00bb][\/et_pb_toggle][\/et_pb_column][\/et_pb_section]<\/p>\n","protected":false},"excerpt":{"rendered":"<p>C\u00f3mo bonificar un Contrato de Formaci\u00f3n en AlternanciaC\u00d3MO BONIFICAR UN CONTRATO DE FORMACI\u00d3N EN ALTERNANCIABONIFICACI\u00d3N DEL CONTRATO DE FORMACI\u00d3N (TELEFORMACI\u00d3N) El contrato ofrece un\u00a0beneficio doble. Por un lado, cada mes la empresa podr\u00e1 bonificarse el coste de la formaci\u00f3n que recibe el trabajador, y por otro podr\u00e1 reducir sus cuotas a la Seguridad Social hasta [&hellip;]<\/p>\n","protected":false},"author":1,"featured_media":0,"parent":0,"menu_order":0,"comment_status":"closed","ping_status":"closed","template":"","meta":{"_et_pb_use_builder":"on","_et_pb_old_content":"","_et_gb_content_width":"","footnotes":""},"class_list":["post-301","page","type-page","status-publish","hentry"],"_links":{"self":[{"href":"http:\/\/highleveleducation.com\/old\/wp-json\/wp\/v2\/pages\/301","targetHints":{"allow":["GET"]}}],"collection":[{"href":"http:\/\/highleveleducation.com\/old\/wp-json\/wp\/v2\/pages"}],"about":[{"href":"http:\/\/highleveleducation.com\/old\/wp-json\/wp\/v2\/types\/page"}],"author":[{"embeddable":true,"href":"http:\/\/highleveleducation.com\/old\/wp-json\/wp\/v2\/users\/1"}],"replies":[{"embeddable":true,"href":"http:\/\/highleveleducation.com\/old\/wp-json\/wp\/v2\/comments?post=301"}],"version-history":[{"count":8,"href":"http:\/\/highleveleducation.com\/old\/wp-json\/wp\/v2\/pages\/301\/revisions"}],"predecessor-version":[{"id":335,"href":"http:\/\/highleveleducation.com\/old\/wp-json\/wp\/v2\/pages\/301\/revisions\/335"}],"wp:attachment":[{"href":"http:\/\/highleveleducation.com\/old\/wp-json\/wp\/v2\/media?parent=301"}],"curies":[{"name":"wp","href":"https:\/\/api.w.org\/{rel}","templated":true}]}}