{"id":212,"date":"2022-10-20T01:32:07","date_gmt":"2022-10-20T01:32:07","guid":{"rendered":"http:\/\/highleveleducation.com\/old\/?page_id=212"},"modified":"2022-10-20T01:48:06","modified_gmt":"2022-10-20T01:48:06","slug":"material-didactico","status":"publish","type":"page","link":"http:\/\/highleveleducation.com\/old\/material-didactico\/","title":{"rendered":"MATERIAL DID\u00c1CTICO"},"content":{"rendered":"<p>[et_pb_section fb_built=\u00bb1&#8243; admin_label=\u00bbLanding Hero\u00bb _builder_version=\u00bb3.22&#8243; background_enable_color=\u00bboff\u00bb use_background_color_gradient=\u00bbon\u00bb background_color_gradient_start=\u00bb#34ba00&#8243; background_color_gradient_end=\u00bbrgba(158,216,104,0.46)\u00bb background_image=\u00bbhttp:\/\/highleveleducation.com\/old\/wp-content\/uploads\/2022\/10\/coding-background-texture.jpg\u00bb background_blend=\u00bboverlay\u00bb custom_padding=\u00bb52px|0px|39px|0px||\u00bb animation_style=\u00bbslide\u00bb animation_direction=\u00bbtop\u00bb animation_intensity_slide=\u00bb2%\u00bb locked=\u00bboff\u00bb][et_pb_row _builder_version=\u00bb4.9.0&#8243; custom_margin=\u00bb|||\u00bb custom_width_px=\u00bb1280px\u00bb][et_pb_column type=\u00bb4_4&#8243; _builder_version=\u00bb3.25&#8243; custom_padding=\u00bb|||\u00bb custom_padding__hover=\u00bb|||\u00bb][et_pb_text _builder_version=\u00bb4.9.0&#8243; header_font=\u00bb|on|||\u00bb header_font_size=\u00bb42px\u00bb header_line_height=\u00bb1.3em\u00bb background_layout=\u00bbdark\u00bb custom_padding=\u00bb|||\u00bb header_font_size_last_edited=\u00bboff|desktop\u00bb header_text_shadow_style=\u00bbpreset4&#8243; locked=\u00bboff\u00bb]<\/p>\n<h1 style=\"text-align: center;\">HIGH LEVEL EDUCATION<\/h1>\n<p>[\/et_pb_text][\/et_pb_column][\/et_pb_row][\/et_pb_section][et_pb_section fb_built=\u00bb1&#8243; specialty=\u00bbon\u00bb _builder_version=\u00bb4.9.0&#8243; _module_preset=\u00bbdefault\u00bb][et_pb_column type=\u00bb3_4&#8243; specialty_columns=\u00bb3&#8243; _builder_version=\u00bb3.25&#8243; custom_padding=\u00bb|||\u00bb custom_padding__hover=\u00bb|||\u00bb][et_pb_row_inner _builder_version=\u00bb3.25&#8243; custom_padding=\u00bb35px|0px|30px|0px||\u00bb locked=\u00bboff\u00bb][et_pb_column_inner saved_specialty_column_type=\u00bb3_4&#8243; _builder_version=\u00bb3.25&#8243; custom_padding=\u00bb|||\u00bb custom_padding__hover=\u00bb|||\u00bb][et_pb_text _builder_version=\u00bb4.9.0&#8243; header_font=\u00bb||||||||\u00bb header_2_font=\u00bb|700|||||||\u00bb header_2_text_color=\u00bb#7272ff\u00bb header_2_font_size=\u00bb36px\u00bb header_2_line_height=\u00bb1.3em\u00bb custom_margin=\u00bb||20px|\u00bb animation_style=\u00bbslide\u00bb animation_direction=\u00bbbottom\u00bb animation_intensity_slide=\u00bb10%\u00bb hover_enabled=\u00bb0&#8243; locked=\u00bboff\u00bb header_font_size__hover=\u00bb30px\u00bb header_font_size__hover_enabled=\u00bb30px\u00bb header_letter_spacing__hover=\u00bb0px\u00bb header_letter_spacing__hover_enabled=\u00bb0px\u00bb header_text_shadow_style__hover=\u00bbnone\u00bb header_text_shadow_style__hover_enabled=\u00bbnone\u00bb header_text_shadow_color__hover=\u00bbrgba(0,0,0,0.4)\u00bb header_text_shadow_color__hover_enabled=\u00bbrgba(0,0,0,0.4)\u00bb sticky_enabled=\u00bb0&#8243;]<\/p>\n<h2 style=\"text-align: center;\"><span style=\"color: #99cc00;\"><strong>Material Did\u00e1ctico<\/strong><\/span><\/h2>\n<p>[\/et_pb_text][et_pb_divider color=\u00bb#09e1c0&#8243; divider_weight=\u00bb4px\u00bb disabled_on=\u00bbon|on|off\u00bb _builder_version=\u00bb3.2&#8243; background_size=\u00bbinitial\u00bb background_position=\u00bbtop_left\u00bb background_repeat=\u00bbrepeat\u00bb max_width=\u00bb40px\u00bb module_alignment=\u00bbleft\u00bb custom_margin=\u00bb||10px|\u00bb animation_style=\u00bbzoom\u00bb animation_direction=\u00bbleft\u00bb saved_tabs=\u00bball\u00bb locked=\u00bboff\u00bb][\/et_pb_divider][et_pb_text _builder_version=\u00bb4.9.0&#8243; text_font=\u00bb||||||||\u00bb text_text_color=\u00bb#8585bd\u00bb text_font_size=\u00bb16px\u00bb text_line_height=\u00bb1.9em\u00bb header_font=\u00bb||||||||\u00bb header_4_font=\u00bb|700|||||||\u00bb header_4_font_size=\u00bb16px\u00bb header_4_line_height=\u00bb1.9em\u00bb animation_style=\u00bbzoom\u00bb animation_intensity_zoom=\u00bb6%\u00bb hover_enabled=\u00bb0&#8243; locked=\u00bboff\u00bb sticky_enabled=\u00bb0&#8243;]<\/p>\n<p style=\"text-align: justify;\"><span style=\"color: #333333;\">La palabra \u00abmaterial\u00bb es el t\u00e9rmino que nos permite designar al ingrediente o componente de algo, y tambi\u00e9n al conjunto imprescindible de cosas que nos facilita la realizaci\u00f3n de una actividad, profesi\u00f3n u obra. Por otro lado, la palabra \u00abdid\u00e1ctico\u00bb se refiere a todo aquello vinculado, propio o que resulta ser adecuado para la ense\u00f1anza y el aprendizaje.<\/span><\/p>\n<p style=\"text-align: justify;\"><span style=\"color: #333333;\">De acuerdo con esto, cuando hablamos de \u00abmaterial did\u00e1ctico\u00bb nos referimos a cualquier dispositivo o elemento que se ha dise\u00f1ado y fabricado con especiales caracter\u00edsticas para hacer m\u00e1s sencillo el proceso de aprendizaje.<\/span><\/p>\n<div class=\"enlace\" style=\"text-align: justify;\"><\/div>\n<p>[\/et_pb_text][et_pb_text _builder_version=\u00bb4.9.0&#8243; _module_preset=\u00bbdefault\u00bb text_text_color=\u00bb#000000&#8243; text_font_size=\u00bb16px\u00bb hover_enabled=\u00bb0&#8243; sticky_enabled=\u00bb0&#8243;]<\/p>\n<p style=\"text-align: justify;\"><span style=\"color: #333333;\"><em><strong>HIGH LEVEL EDUCATION<\/strong><\/em>, en su af\u00e1n de facilitar el proceso de aprendizaje elabora su propio material formativo. Entendemos que dicho material es important\u00edsimo para la correcta comprensi\u00f3n de las distintas materias que se puedan desarrollar en las acciones formativas impartidas por nuestro Centro.<\/span><\/p>\n<p style=\"text-align: justify;\"><span style=\"color: #333333;\">El equipo pedag\u00f3gico de <em><strong>HIGH LEVEL EDUCATION<\/strong><\/em> trabaja constantemente para mantener los manuales actualizados, elaborando programas formativos que se ajustan a las necesidades formativas del mercado laboral en cada momento.<\/span><\/p>\n<p style=\"text-align: justify;\"><span style=\"color: #333333;\">Nuestro Centro tiene un equipo docente y de gesti\u00f3n multidisciplinar, con una amplia experiencia en el sector formativo, adem\u00e1s de una s\u00f3lida cualificaci\u00f3n acad\u00e9mica y profesional. El equipo de ense\u00f1anza se caracteriza por un fuerte componente de servicio al alumno y gran capacidad de orientaci\u00f3n y motivaci\u00f3n para potenciar las ventajas del aprendizaje. Nuestros docentes se apoyan en la elaboraci\u00f3n de los contenidos formativos y realizan la impartici\u00f3n, apoyo y seguimiento del aprendizaje de nuestros alumnos por medio del sistema de tutor\u00edas adaptado a cada acci\u00f3n formativa.<\/span><\/p>\n<p>[\/et_pb_text][et_pb_image src=\u00bbhttp:\/\/highleveleducation.com\/old\/wp-content\/uploads\/2022\/10\/logo-500&#215;500-1-300&#215;300.png\u00bb _builder_version=\u00bb4.9.0&#8243; _module_preset=\u00bbdefault\u00bb title_text=\u00bblogo 500&#215;500&#8243; align=\u00bbcenter\u00bb hover_enabled=\u00bb0&#8243; sticky_enabled=\u00bb0&#8243;][\/et_pb_image][\/et_pb_column_inner][\/et_pb_row_inner][\/et_pb_column][et_pb_column type=\u00bb1_4&#8243; _builder_version=\u00bb3.25&#8243; custom_padding=\u00bb|||\u00bb custom_padding__hover=\u00bb|||\u00bb][et_pb_image src=\u00bbhttp:\/\/highleveleducation.com\/old\/wp-content\/uploads\/2022\/10\/coding-iconArtboard-19-copy-8.jpg\u00bb title_text=\u00bbcoding-iconArtboard-19-copy-8&#8243; align=\u00bbcenter\u00bb _builder_version=\u00bb4.9.0&#8243; _module_preset=\u00bbdefault\u00bb][\/et_pb_image][et_pb_text _builder_version=\u00bb4.9.0&#8243; _module_preset=\u00bbdefault\u00bb]<\/p>\n<h3 style=\"text-align: center;\"><strong>\u00bfQU\u00c9 HACEMOS?<\/strong><\/h3>\n<p>[\/et_pb_text][et_pb_toggle title=\u00bbFORMAMOS\u00bb _builder_version=\u00bb4.9.0&#8243; _module_preset=\u00bbdefault\u00bb title_font=\u00bb|700|||||||\u00bb title_font_size=\u00bb14px\u00bb custom_margin=\u00bb||0px|||\u00bb link_option_url=\u00bbhttp:\/\/highleveleducation.com\/old\/formamos\/\u00bb locked=\u00bboff\u00bb][\/et_pb_toggle][et_pb_toggle title=\u00bbAGENCIA DE COLOCACI\u00d3N\u00bb _builder_version=\u00bb4.9.0&#8243; _module_preset=\u00bbdefault\u00bb title_font=\u00bb|700|||||||\u00bb title_font_size=\u00bb14px\u00bb custom_margin=\u00bb||0px|||\u00bb link_option_url=\u00bbhttp:\/\/highleveleducation.com\/old\/agencia-de-colocacion\/\u00bb locked=\u00bboff\u00bb][\/et_pb_toggle][et_pb_toggle title=\u00bbMATERIAL DID\u00c1CTICO\u00bb _builder_version=\u00bb4.9.0&#8243; _module_preset=\u00bbdefault\u00bb title_font=\u00bb|700|||||||\u00bb title_font_size=\u00bb14px\u00bb custom_margin=\u00bb||0px|||\u00bb link_option_url=\u00bbhttp:\/\/highleveleducation.com\/old\/material-didactico\/\u00bb hover_enabled=\u00bb0&#8243; locked=\u00bboff\u00bb sticky_enabled=\u00bb0&#8243;][\/et_pb_toggle][et_pb_toggle title=\u00bbHLE OFERTAS\u00bb _builder_version=\u00bb4.9.0&#8243; _module_preset=\u00bbdefault\u00bb title_font=\u00bb|700|||||||\u00bb title_font_size=\u00bb14px\u00bb custom_margin=\u00bb||0px|||\u00bb link_option_url=\u00bb#\u00bb locked=\u00bboff\u00bb][\/et_pb_toggle][et_pb_toggle title=\u00bbHLE EDICIONES\u00bb _builder_version=\u00bb4.9.0&#8243; _module_preset=\u00bbdefault\u00bb title_font=\u00bb|700|||||||\u00bb title_font_size=\u00bb14px\u00bb custom_margin=\u00bb||0px|||\u00bb link_option_url=\u00bb#\u00bb locked=\u00bboff\u00bb][\/et_pb_toggle][et_pb_toggle title=\u00bbSERVICIO P\u00daBLICO DE EMPLEO EN GALICIA\u00bb _builder_version=\u00bb4.9.0&#8243; _module_preset=\u00bbdefault\u00bb title_font=\u00bb|700|||||||\u00bb title_font_size=\u00bb14px\u00bb custom_margin=\u00bb||0px|||\u00bb link_option_url=\u00bbhttp:\/\/highleveleducation.com\/old\/servico-publico-de-empleo-de-galicia\/\u00bb hover_enabled=\u00bb0&#8243; locked=\u00bboff\u00bb sticky_enabled=\u00bb0&#8243;][\/et_pb_toggle][et_pb_toggle title=\u00bbTRABAJA CON NOSOTROS\u00bb _builder_version=\u00bb4.9.0&#8243; _module_preset=\u00bbdefault\u00bb title_font=\u00bb|700|||||||\u00bb title_font_size=\u00bb14px\u00bb custom_margin=\u00bb||0px|||\u00bb link_option_url=\u00bb#\u00bb locked=\u00bboff\u00bb][\/et_pb_toggle][\/et_pb_column][\/et_pb_section]<\/p>\n","protected":false},"excerpt":{"rendered":"<p>HIGH LEVEL EDUCATIONMaterial Did\u00e1cticoLa palabra \u00abmaterial\u00bb es el t\u00e9rmino que nos permite designar al ingrediente o componente de algo, y tambi\u00e9n al conjunto imprescindible de cosas que nos facilita la realizaci\u00f3n de una actividad, profesi\u00f3n u obra. Por otro lado, la palabra \u00abdid\u00e1ctico\u00bb se refiere a todo aquello vinculado, propio o que resulta ser adecuado [&hellip;]<\/p>\n","protected":false},"author":1,"featured_media":0,"parent":0,"menu_order":0,"comment_status":"closed","ping_status":"closed","template":"","meta":{"_et_pb_use_builder":"on","_et_pb_old_content":"","_et_gb_content_width":"","footnotes":""},"class_list":["post-212","page","type-page","status-publish","hentry"],"_links":{"self":[{"href":"http:\/\/highleveleducation.com\/old\/wp-json\/wp\/v2\/pages\/212","targetHints":{"allow":["GET"]}}],"collection":[{"href":"http:\/\/highleveleducation.com\/old\/wp-json\/wp\/v2\/pages"}],"about":[{"href":"http:\/\/highleveleducation.com\/old\/wp-json\/wp\/v2\/types\/page"}],"author":[{"embeddable":true,"href":"http:\/\/highleveleducation.com\/old\/wp-json\/wp\/v2\/users\/1"}],"replies":[{"embeddable":true,"href":"http:\/\/highleveleducation.com\/old\/wp-json\/wp\/v2\/comments?post=212"}],"version-history":[{"count":6,"href":"http:\/\/highleveleducation.com\/old\/wp-json\/wp\/v2\/pages\/212\/revisions"}],"predecessor-version":[{"id":227,"href":"http:\/\/highleveleducation.com\/old\/wp-json\/wp\/v2\/pages\/212\/revisions\/227"}],"wp:attachment":[{"href":"http:\/\/highleveleducation.com\/old\/wp-json\/wp\/v2\/media?parent=212"}],"curies":[{"name":"wp","href":"https:\/\/api.w.org\/{rel}","templated":true}]}}