{"id":202,"date":"2022-10-20T01:20:09","date_gmt":"2022-10-20T01:20:09","guid":{"rendered":"http:\/\/highleveleducation.com\/old\/?page_id=202"},"modified":"2022-10-20T01:48:11","modified_gmt":"2022-10-20T01:48:11","slug":"agencia-de-colocacion","status":"publish","type":"page","link":"http:\/\/highleveleducation.com\/old\/agencia-de-colocacion\/","title":{"rendered":"AGENCIA DE COLOCACI\u00d3N"},"content":{"rendered":"<p>[et_pb_section fb_built=\u00bb1&#8243; admin_label=\u00bbLanding Hero\u00bb _builder_version=\u00bb3.22&#8243; background_enable_color=\u00bboff\u00bb use_background_color_gradient=\u00bbon\u00bb background_color_gradient_start=\u00bb#34ba00&#8243; background_color_gradient_end=\u00bbrgba(158,216,104,0.46)\u00bb background_image=\u00bbhttp:\/\/highleveleducation.com\/old\/wp-content\/uploads\/2022\/10\/coding-background-texture.jpg\u00bb background_blend=\u00bboverlay\u00bb custom_padding=\u00bb52px|0px|39px|0px||\u00bb animation_style=\u00bbslide\u00bb animation_direction=\u00bbtop\u00bb animation_intensity_slide=\u00bb2%\u00bb locked=\u00bboff\u00bb][et_pb_row _builder_version=\u00bb4.9.0&#8243; custom_margin=\u00bb|||\u00bb custom_width_px=\u00bb1280px\u00bb][et_pb_column type=\u00bb4_4&#8243; _builder_version=\u00bb3.25&#8243; custom_padding=\u00bb|||\u00bb custom_padding__hover=\u00bb|||\u00bb][et_pb_text _builder_version=\u00bb4.9.0&#8243; header_font=\u00bb|on|||\u00bb header_font_size=\u00bb42px\u00bb header_line_height=\u00bb1.3em\u00bb background_layout=\u00bbdark\u00bb custom_padding=\u00bb|||\u00bb hover_enabled=\u00bb0&#8243; header_font_size_last_edited=\u00bboff|desktop\u00bb header_text_shadow_style=\u00bbpreset4&#8243; locked=\u00bboff\u00bb sticky_enabled=\u00bb0&#8243;]<\/p>\n<h1 style=\"text-align: center;\">HIGH LEVEL EDUCATION<\/h1>\n<p>[\/et_pb_text][\/et_pb_column][\/et_pb_row][\/et_pb_section][et_pb_section fb_built=\u00bb1&#8243; specialty=\u00bbon\u00bb _builder_version=\u00bb4.9.0&#8243; _module_preset=\u00bbdefault\u00bb][et_pb_column type=\u00bb3_4&#8243; specialty_columns=\u00bb3&#8243; _builder_version=\u00bb3.25&#8243; custom_padding=\u00bb|||\u00bb custom_padding__hover=\u00bb|||\u00bb][et_pb_row_inner _builder_version=\u00bb3.25&#8243; custom_padding=\u00bb35px|0px|30px|0px||\u00bb locked=\u00bboff\u00bb][et_pb_column_inner saved_specialty_column_type=\u00bb3_4&#8243; _builder_version=\u00bb3.25&#8243; custom_padding=\u00bb|||\u00bb custom_padding__hover=\u00bb|||\u00bb][et_pb_text _builder_version=\u00bb4.9.0&#8243; header_font=\u00bb||||||||\u00bb header_2_font=\u00bb|700|||||||\u00bb header_2_text_color=\u00bb#7272ff\u00bb header_2_font_size=\u00bb36px\u00bb header_2_line_height=\u00bb1.3em\u00bb custom_margin=\u00bb||20px|\u00bb animation_style=\u00bbslide\u00bb animation_direction=\u00bbbottom\u00bb animation_intensity_slide=\u00bb10%\u00bb hover_enabled=\u00bb0&#8243; locked=\u00bboff\u00bb header_font_size__hover=\u00bb30px\u00bb header_font_size__hover_enabled=\u00bb30px\u00bb header_letter_spacing__hover=\u00bb0px\u00bb header_letter_spacing__hover_enabled=\u00bb0px\u00bb header_text_shadow_style__hover=\u00bbnone\u00bb header_text_shadow_style__hover_enabled=\u00bbnone\u00bb header_text_shadow_color__hover=\u00bbrgba(0,0,0,0.4)\u00bb header_text_shadow_color__hover_enabled=\u00bbrgba(0,0,0,0.4)\u00bb sticky_enabled=\u00bb0&#8243;]<\/p>\n<h2 style=\"text-align: center;\"><span style=\"color: #99cc00;\"><strong>Agencia de Colocaci\u00f3n<\/strong><\/span><\/h2>\n<p>[\/et_pb_text][et_pb_divider color=\u00bb#09e1c0&#8243; divider_weight=\u00bb4px\u00bb disabled_on=\u00bbon|on|off\u00bb _builder_version=\u00bb3.2&#8243; background_size=\u00bbinitial\u00bb background_position=\u00bbtop_left\u00bb background_repeat=\u00bbrepeat\u00bb max_width=\u00bb40px\u00bb module_alignment=\u00bbleft\u00bb custom_margin=\u00bb||10px|\u00bb animation_style=\u00bbzoom\u00bb animation_direction=\u00bbleft\u00bb saved_tabs=\u00bball\u00bb locked=\u00bboff\u00bb][\/et_pb_divider][et_pb_text _builder_version=\u00bb4.9.0&#8243; text_font=\u00bb||||||||\u00bb text_text_color=\u00bb#8585bd\u00bb text_font_size=\u00bb16px\u00bb text_line_height=\u00bb1.9em\u00bb header_font=\u00bb||||||||\u00bb header_4_font=\u00bb|700|||||||\u00bb header_4_font_size=\u00bb16px\u00bb header_4_line_height=\u00bb1.9em\u00bb animation_style=\u00bbzoom\u00bb animation_intensity_zoom=\u00bb6%\u00bb hover_enabled=\u00bb0&#8243; locked=\u00bboff\u00bb sticky_enabled=\u00bb0&#8243;]<\/p>\n<p style=\"text-align: justify;\"><span style=\"color: #333333;\">Las agencias de colocaci\u00f3n, reguladas en el Real Decreto 1796\/2010, de 30 de diciembre, son entidades p\u00fablicas o privadas, que realizan actividades que tienen por finalidad proporcionar un trabajo a las personas desempleadas. Para conseguir este fin valorar\u00e1n perfiles, aptitudes o conocimientos de las personas desempleadas y tambi\u00e9n pueden realizar actuaciones relacionadas con la b\u00fasqueda de empleo, tales como la orientaci\u00f3n, informaci\u00f3n profesional o elecci\u00f3n de personal.<\/span><\/p>\n<div class=\"enlace\" style=\"text-align: justify;\"><\/div>\n<p>[\/et_pb_text][et_pb_text _builder_version=\u00bb4.9.0&#8243; _module_preset=\u00bbdefault\u00bb hover_enabled=\u00bb0&#8243; sticky_enabled=\u00bb0&#8243; text_font_size=\u00bb16px\u00bb text_text_color=\u00bb#000000&#8243;]<\/p>\n<p style=\"text-align: justify;\"><span style=\"color: #333333;\"><i>High Level Education<\/i>, ha sido autorizada como Agencia de Colocaci\u00f3n por el Ministerio de Empleo y Seguridad Social.<\/span><\/p>\n<p>[\/et_pb_text][et_pb_text _builder_version=\u00bb4.9.0&#8243; _module_preset=\u00bbdefault\u00bb hover_enabled=\u00bb0&#8243; sticky_enabled=\u00bb0&#8243; text_font_size=\u00bb16px\u00bb text_text_color=\u00bb#000000&#8243;]<\/p>\n<p style=\"text-align: justify;\"><span style=\"color: #333333;\">En\u00a0<i>High Level Education<\/i>\u00a0tenemos gran experiencia como entidad colaboradora con el Servicio Galego de colocaci\u00f3n: desde septiembre de 1998 hasta el a\u00f1o 2010 <em>High Level Education<\/em> ha sido Centro Colaborador del Servicio P\u00fablico de Empleo de Galicia en Orientaci\u00f3n Profesional para el empleo y asesoramiento para el autoempleo.<\/span><\/p>\n<p><span style=\"color: #333333;\">Tambi\u00e9n tenemos una amplia experiencia en la elaboraci\u00f3n de itinerarios de inserci\u00f3n para j\u00f3venes, mujeres, parados de larga duraci\u00f3n, mayores de 45 a\u00f1os, discapacitados e inmigrantes, ajustados al perfil profesional de estos desempleados y a sus necesidades espec\u00edficas.<\/span><\/p>\n<p><span style=\"color: #333333;\">E incluso en la valoraci\u00f3n de perfiles, aptitudes, conocimientos y cualificaci\u00f3n profesional de las personas demandantes de trabajo y en actuaciones relacionadas con la b\u00fasqueda de empleo, como son orientaci\u00f3n e informaci\u00f3n profesional y con la selecci\u00f3n de personal.<\/span><\/p>\n<p>[\/et_pb_text][\/et_pb_column_inner][\/et_pb_row_inner][\/et_pb_column][et_pb_column type=\u00bb1_4&#8243; _builder_version=\u00bb3.25&#8243; custom_padding=\u00bb|||\u00bb custom_padding__hover=\u00bb|||\u00bb][et_pb_image src=\u00bbhttp:\/\/highleveleducation.com\/old\/wp-content\/uploads\/2022\/10\/coding-iconArtboard-19-copy-8.jpg\u00bb title_text=\u00bbcoding-iconArtboard-19-copy-8&#8243; align=\u00bbcenter\u00bb _builder_version=\u00bb4.9.0&#8243; _module_preset=\u00bbdefault\u00bb][\/et_pb_image][et_pb_text _builder_version=\u00bb4.9.0&#8243; _module_preset=\u00bbdefault\u00bb]<\/p>\n<h3 style=\"text-align: center;\"><strong>\u00bfQU\u00c9 HACEMOS?<\/strong><\/h3>\n<p>[\/et_pb_text][et_pb_toggle title=\u00bbFORMAMOS\u00bb _builder_version=\u00bb4.9.0&#8243; _module_preset=\u00bbdefault\u00bb title_font=\u00bb|700|||||||\u00bb title_font_size=\u00bb14px\u00bb custom_margin=\u00bb||0px|||\u00bb link_option_url=\u00bbhttp:\/\/highleveleducation.com\/old\/formamos\/\u00bb locked=\u00bboff\u00bb][\/et_pb_toggle][et_pb_toggle title=\u00bbAGENCIA DE COLOCACI\u00d3N\u00bb _builder_version=\u00bb4.9.0&#8243; _module_preset=\u00bbdefault\u00bb title_font=\u00bb|700|||||||\u00bb title_font_size=\u00bb14px\u00bb custom_margin=\u00bb||0px|||\u00bb link_option_url=\u00bbhttp:\/\/highleveleducation.com\/old\/agencia-de-colocacion\/\u00bb hover_enabled=\u00bb0&#8243; locked=\u00bboff\u00bb sticky_enabled=\u00bb0&#8243;][\/et_pb_toggle][et_pb_toggle title=\u00bbMATERIAL DID\u00c1CTICO\u00bb _builder_version=\u00bb4.9.0&#8243; _module_preset=\u00bbdefault\u00bb title_font=\u00bb|700|||||||\u00bb title_font_size=\u00bb14px\u00bb custom_margin=\u00bb||0px|||\u00bb link_option_url=\u00bbhttp:\/\/highleveleducation.com\/old\/material-didactico\/\u00bb hover_enabled=\u00bb0&#8243; locked=\u00bboff\u00bb sticky_enabled=\u00bb0&#8243;][\/et_pb_toggle][et_pb_toggle title=\u00bbHLE OFERTAS\u00bb _builder_version=\u00bb4.9.0&#8243; _module_preset=\u00bbdefault\u00bb title_font=\u00bb|700|||||||\u00bb title_font_size=\u00bb14px\u00bb custom_margin=\u00bb||0px|||\u00bb link_option_url=\u00bb#\u00bb locked=\u00bboff\u00bb][\/et_pb_toggle][et_pb_toggle title=\u00bbHLE EDICIONES\u00bb _builder_version=\u00bb4.9.0&#8243; _module_preset=\u00bbdefault\u00bb title_font=\u00bb|700|||||||\u00bb title_font_size=\u00bb14px\u00bb custom_margin=\u00bb||0px|||\u00bb link_option_url=\u00bb#\u00bb locked=\u00bboff\u00bb][\/et_pb_toggle][et_pb_toggle title=\u00bbSERVICIO P\u00daBLICO DE EMPLEO EN GALICIA\u00bb _builder_version=\u00bb4.9.0&#8243; _module_preset=\u00bbdefault\u00bb title_font=\u00bb|700|||||||\u00bb title_font_size=\u00bb14px\u00bb custom_margin=\u00bb||0px|||\u00bb link_option_url=\u00bbhttp:\/\/highleveleducation.com\/old\/servico-publico-de-empleo-de-galicia\/\u00bb hover_enabled=\u00bb0&#8243; locked=\u00bboff\u00bb sticky_enabled=\u00bb0&#8243;][\/et_pb_toggle][et_pb_toggle title=\u00bbTRABAJA CON NOSOTROS\u00bb _builder_version=\u00bb4.9.0&#8243; _module_preset=\u00bbdefault\u00bb title_font=\u00bb|700|||||||\u00bb title_font_size=\u00bb14px\u00bb custom_margin=\u00bb||0px|||\u00bb link_option_url=\u00bb#\u00bb locked=\u00bboff\u00bb][\/et_pb_toggle][\/et_pb_column][\/et_pb_section]<\/p>\n","protected":false},"excerpt":{"rendered":"<p>HIGH LEVEL EDUCATIONAgencia de Colocaci\u00f3nLas agencias de colocaci\u00f3n, reguladas en el Real Decreto 1796\/2010, de 30 de diciembre, son entidades p\u00fablicas o privadas, que realizan actividades que tienen por finalidad proporcionar un trabajo a las personas desempleadas. Para conseguir este fin valorar\u00e1n perfiles, aptitudes o conocimientos de las personas desempleadas y tambi\u00e9n pueden realizar actuaciones [&hellip;]<\/p>\n","protected":false},"author":1,"featured_media":0,"parent":0,"menu_order":0,"comment_status":"closed","ping_status":"closed","template":"","meta":{"_et_pb_use_builder":"on","_et_pb_old_content":"","_et_gb_content_width":"","footnotes":""},"class_list":["post-202","page","type-page","status-publish","hentry"],"_links":{"self":[{"href":"http:\/\/highleveleducation.com\/old\/wp-json\/wp\/v2\/pages\/202","targetHints":{"allow":["GET"]}}],"collection":[{"href":"http:\/\/highleveleducation.com\/old\/wp-json\/wp\/v2\/pages"}],"about":[{"href":"http:\/\/highleveleducation.com\/old\/wp-json\/wp\/v2\/types\/page"}],"author":[{"embeddable":true,"href":"http:\/\/highleveleducation.com\/old\/wp-json\/wp\/v2\/users\/1"}],"replies":[{"embeddable":true,"href":"http:\/\/highleveleducation.com\/old\/wp-json\/wp\/v2\/comments?post=202"}],"version-history":[{"count":8,"href":"http:\/\/highleveleducation.com\/old\/wp-json\/wp\/v2\/pages\/202\/revisions"}],"predecessor-version":[{"id":228,"href":"http:\/\/highleveleducation.com\/old\/wp-json\/wp\/v2\/pages\/202\/revisions\/228"}],"wp:attachment":[{"href":"http:\/\/highleveleducation.com\/old\/wp-json\/wp\/v2\/media?parent=202"}],"curies":[{"name":"wp","href":"https:\/\/api.w.org\/{rel}","templated":true}]}}