{"id":189,"date":"2022-10-20T00:54:07","date_gmt":"2022-10-20T00:54:07","guid":{"rendered":"http:\/\/highleveleducation.com\/old\/?page_id=189"},"modified":"2022-10-20T01:58:07","modified_gmt":"2022-10-20T01:58:07","slug":"formamos","status":"publish","type":"page","link":"http:\/\/highleveleducation.com\/old\/formamos\/","title":{"rendered":"FORMAMOS"},"content":{"rendered":"<p>[et_pb_section fb_built=\u00bb1&#8243; admin_label=\u00bbLanding Hero\u00bb _builder_version=\u00bb3.22&#8243; background_enable_color=\u00bboff\u00bb use_background_color_gradient=\u00bbon\u00bb background_color_gradient_start=\u00bb#34ba00&#8243; background_color_gradient_end=\u00bbrgba(158,216,104,0.46)\u00bb background_image=\u00bbhttp:\/\/highleveleducation.com\/old\/wp-content\/uploads\/2022\/10\/coding-background-texture.jpg\u00bb background_blend=\u00bboverlay\u00bb custom_padding=\u00bb52px|0px|39px|0px||\u00bb animation_style=\u00bbslide\u00bb animation_direction=\u00bbtop\u00bb animation_intensity_slide=\u00bb2%\u00bb locked=\u00bboff\u00bb][et_pb_row _builder_version=\u00bb4.9.0&#8243; custom_margin=\u00bb|||\u00bb custom_width_px=\u00bb1280px\u00bb][et_pb_column type=\u00bb4_4&#8243; _builder_version=\u00bb3.25&#8243; custom_padding=\u00bb|||\u00bb custom_padding__hover=\u00bb|||\u00bb][et_pb_text _builder_version=\u00bb4.9.0&#8243; header_font=\u00bb|on|||\u00bb header_font_size=\u00bb42px\u00bb header_line_height=\u00bb1.3em\u00bb background_layout=\u00bbdark\u00bb custom_padding=\u00bb|||\u00bb header_font_size_last_edited=\u00bboff|desktop\u00bb header_text_shadow_style=\u00bbpreset4&#8243; locked=\u00bboff\u00bb]<\/p>\n<h1 style=\"text-align: center;\">HIGH LEVEL EDUCATION<\/h1>\n<p>[\/et_pb_text][\/et_pb_column][\/et_pb_row][\/et_pb_section][et_pb_section fb_built=\u00bb1&#8243; specialty=\u00bbon\u00bb _builder_version=\u00bb4.9.0&#8243; _module_preset=\u00bbdefault\u00bb][et_pb_column type=\u00bb3_4&#8243; specialty_columns=\u00bb3&#8243; _builder_version=\u00bb3.25&#8243; custom_padding=\u00bb|||\u00bb custom_padding__hover=\u00bb|||\u00bb][et_pb_row_inner _builder_version=\u00bb3.25&#8243; custom_padding=\u00bb35px|0px|30px|0px||\u00bb locked=\u00bboff\u00bb][et_pb_column_inner saved_specialty_column_type=\u00bb3_4&#8243; _builder_version=\u00bb3.25&#8243; custom_padding=\u00bb|||\u00bb custom_padding__hover=\u00bb|||\u00bb][et_pb_text _builder_version=\u00bb4.9.0&#8243; header_font=\u00bb||||||||\u00bb header_2_font=\u00bb|700|||||||\u00bb header_2_text_color=\u00bb#7272ff\u00bb header_2_font_size=\u00bb36px\u00bb header_2_line_height=\u00bb1.3em\u00bb custom_margin=\u00bb||20px|\u00bb animation_style=\u00bbslide\u00bb animation_direction=\u00bbbottom\u00bb animation_intensity_slide=\u00bb10%\u00bb locked=\u00bboff\u00bb header_font_size__hover=\u00bb30px\u00bb header_font_size__hover_enabled=\u00bb30px\u00bb header_letter_spacing__hover=\u00bb0px\u00bb header_letter_spacing__hover_enabled=\u00bb0px\u00bb header_text_shadow_style__hover=\u00bbnone\u00bb header_text_shadow_style__hover_enabled=\u00bbnone\u00bb header_text_shadow_color__hover=\u00bbrgba(0,0,0,0.4)\u00bb header_text_shadow_color__hover_enabled=\u00bbrgba(0,0,0,0.4)\u00bb]<\/p>\n<h2 style=\"text-align: center;\"><span style=\"color: #99cc00;\"><strong>Formamos<\/strong><\/span><\/h2>\n<p>[\/et_pb_text][et_pb_divider color=\u00bb#09e1c0&#8243; divider_weight=\u00bb4px\u00bb disabled_on=\u00bbon|on|off\u00bb _builder_version=\u00bb3.2&#8243; background_size=\u00bbinitial\u00bb background_position=\u00bbtop_left\u00bb background_repeat=\u00bbrepeat\u00bb max_width=\u00bb40px\u00bb module_alignment=\u00bbleft\u00bb custom_margin=\u00bb||10px|\u00bb animation_style=\u00bbzoom\u00bb animation_direction=\u00bbleft\u00bb saved_tabs=\u00bball\u00bb locked=\u00bboff\u00bb][\/et_pb_divider][et_pb_text _builder_version=\u00bb4.9.0&#8243; text_font=\u00bb||||||||\u00bb text_text_color=\u00bb#8585bd\u00bb text_font_size=\u00bb16px\u00bb text_line_height=\u00bb1.9em\u00bb header_font=\u00bb||||||||\u00bb header_4_font=\u00bb|700|||||||\u00bb header_4_font_size=\u00bb16px\u00bb header_4_line_height=\u00bb1.9em\u00bb animation_style=\u00bbzoom\u00bb animation_intensity_zoom=\u00bb6%\u00bb locked=\u00bboff\u00bb]<\/p>\n<div style=\"text-align: justify;\">\n<div><span style=\"color: #333333;\"><strong>HIGH LEVEL EDUCATION<\/strong> dispone de varias modalidades de impartici\u00f3n de la formaci\u00f3n, adapt\u00e1ndonos a las necesidades educativas de los alumnos\/as y a las nuevas tecnolog\u00edas que facilitan el poder formarse en cualquier lugar, a cualquier hora y en cualquier tipos de dispositivo.<\/span><\/div>\n<p>&nbsp;<\/p>\n<p style=\"padding-left: 30px;\"><span style=\"color: #333333;\"><b>Formaci\u00f3n presencial.<\/b><\/span><\/p>\n<p style=\"padding-left: 30px;\"><span style=\"color: #333333;\">Si la necesidad formativa de la empresa lo requiere nuestro centro organizar\u00e1 cursos presenciales.<\/span><\/p>\n<p style=\"padding-left: 30px;\"><span style=\"color: #333333;\"><b>Formaci\u00f3n a distancia.<\/b><\/span><\/p>\n<p style=\"padding-left: 30px;\"><span style=\"color: #333333;\">La formaci\u00f3n a distancia es una opci\u00f3n eficaz para formarse con el material formativo elaborado por nuestro tutores y nuestro departamento pedag\u00f3gico, tanto en soporte papel como en soporte digital.<\/span><\/p>\n<p style=\"padding-left: 30px;\"><span style=\"color: #333333;\"><b>E-learning.<\/b><\/span><\/p>\n<p style=\"padding-left: 30px;\"><span style=\"color: #333333;\">Nuestros cursos se adaptan a las nuevas tecnolog\u00edas, tanto para ordenadores, como para dispositivos m\u00f3viles.<\/span><\/p>\n<\/div>\n<p>[\/et_pb_text][\/et_pb_column_inner][\/et_pb_row_inner][et_pb_row_inner _builder_version=\u00bb4.9.0&#8243; _module_preset=\u00bbdefault\u00bb locked=\u00bboff\u00bb][et_pb_column_inner saved_specialty_column_type=\u00bb3_4&#8243; _builder_version=\u00bb4.9.0&#8243; _module_preset=\u00bbdefault\u00bb][et_pb_text _builder_version=\u00bb4.9.0&#8243; _module_preset=\u00bbdefault\u00bb]<\/p>\n<h1 style=\"text-align: center;\"><span style=\"color: #99cc00;\"><strong>Teleformaci\u00f3n<\/strong><\/span><\/h1>\n<div style=\"text-align: justify;\">Consciente de las nuevas tecnolog\u00edas y de la adaptaci\u00f3n de la formaci\u00f3n a los nuevos medios tecnol\u00f3gicos le ofrecemos las plataformas educativas a trav\u00e9s de nuestros campus virtuales.<\/div>\n<div style=\"text-align: justify;\"><\/div>\n<p>[\/et_pb_text][et_pb_text _builder_version=\u00bb4.9.0&#8243; _module_preset=\u00bbdefault\u00bb]<\/p>\n<h4 style=\"text-align: justify;\"><span style=\"color: #008000;\"><strong>CAMPUS VIRTUAL DEL CONTRATO PARA LA FORMACI\u00d3N Y EL APRENDIZAJE<\/strong><\/span><\/h4>\n<div style=\"text-align: justify;\">Disponemos de un campus virtual para impartir la formaci\u00f3n de los contratos de formaci\u00f3n y aprendizaje, adaptado a la nueva legislaci\u00f3n. Desde cualquier dispositivo se puede acceder a todos los contenidos en cualquier momento y lugar, facilitando el aprendizaje a los alumnos\/as que compagina la formaci\u00f3n te\u00f3rica con la formaci\u00f3n pr\u00e1ctica de su puesto de trabajo conforme a las exigencias de este tipo de contrato.<\/div>\n<p><b>ENTRAR AL CAMPUS VIRTUAL<\/b>[\/et_pb_text][et_pb_text _builder_version=\u00bb4.9.0&#8243; _module_preset=\u00bbdefault\u00bb]<\/p>\n<h4><span style=\"color: #008000;\"><strong>CAMPUS VIRTUAL PARA FORMACI\u00d3N PROGRAMADA POR LAS EMPRESA<\/strong><\/span><\/h4>\n<div>Las acciones formativas bonificadas se impartir\u00e1n a trav\u00e9s de plataforma on-line. De esta manera los alumnos\/as pueden realizar sus cursos en cualquier lugar y en cualquier momento, con cualquier dispositivo.<\/div>\n<p><b>ENTRAR AL CAMPUS VIRTUAL<\/b>[\/et_pb_text][et_pb_text _builder_version=\u00bb4.9.0&#8243; _module_preset=\u00bbdefault\u00bb]<\/p>\n<h4><span style=\"color: #008000;\"><strong>CAMPUS VIRTUAL PARA FORMACI\u00d3N PRIVADA. CURSOS PARA AUT\u00d3NOMOS Y PARTICULARES<\/strong><\/span><\/h4>\n<div>Impartimos cursos on-line de formaci\u00f3n privada para aut\u00f3nomos y particulares a trav\u00e9s de una plataforma que ofrece un alto grado de interactividad a trav\u00e9s de las \u00faltimas herramientas tecnol\u00f3gicas.<\/div>\n<p>[\/et_pb_text][\/et_pb_column_inner][\/et_pb_row_inner][\/et_pb_column][et_pb_column type=\u00bb1_4&#8243; _builder_version=\u00bb3.25&#8243; custom_padding=\u00bb|||\u00bb custom_padding__hover=\u00bb|||\u00bb][et_pb_image src=\u00bbhttp:\/\/highleveleducation.com\/old\/wp-content\/uploads\/2022\/10\/coding-iconArtboard-19-copy-8.jpg\u00bb title_text=\u00bbcoding-iconArtboard-19-copy-8&#8243; align=\u00bbcenter\u00bb _builder_version=\u00bb4.9.0&#8243; _module_preset=\u00bbdefault\u00bb][\/et_pb_image][et_pb_text _builder_version=\u00bb4.9.0&#8243; _module_preset=\u00bbdefault\u00bb]<\/p>\n<h3 style=\"text-align: center;\"><strong>\u00bfQU\u00c9 HACEMOS?<\/strong><\/h3>\n<p>[\/et_pb_text][et_pb_toggle title=\u00bbFORMAMOS\u00bb _builder_version=\u00bb4.9.0&#8243; _module_preset=\u00bbdefault\u00bb title_font=\u00bb|700|||||||\u00bb title_font_size=\u00bb14px\u00bb custom_margin=\u00bb||0px|||\u00bb link_option_url=\u00bbhttp:\/\/highleveleducation.com\/old\/formamos\/\u00bb locked=\u00bboff\u00bb][\/et_pb_toggle][et_pb_toggle title=\u00bbAGENCIA DE COLOCACI\u00d3N\u00bb _builder_version=\u00bb4.9.0&#8243; _module_preset=\u00bbdefault\u00bb title_font=\u00bb|700|||||||\u00bb title_font_size=\u00bb14px\u00bb custom_margin=\u00bb||0px|||\u00bb link_option_url=\u00bbhttp:\/\/highleveleducation.com\/old\/agencia-de-colocacion\/\u00bb locked=\u00bboff\u00bb][\/et_pb_toggle][et_pb_toggle title=\u00bbMATERIAL DID\u00c1CTICO\u00bb _builder_version=\u00bb4.9.0&#8243; _module_preset=\u00bbdefault\u00bb title_font=\u00bb|700|||||||\u00bb title_font_size=\u00bb14px\u00bb custom_margin=\u00bb||0px|||\u00bb link_option_url=\u00bbhttp:\/\/highleveleducation.com\/old\/material-didactico\/\u00bb locked=\u00bboff\u00bb][\/et_pb_toggle][et_pb_toggle title=\u00bbHLE OFERTAS\u00bb _builder_version=\u00bb4.9.0&#8243; _module_preset=\u00bbdefault\u00bb title_font=\u00bb|700|||||||\u00bb title_font_size=\u00bb14px\u00bb custom_margin=\u00bb||0px|||\u00bb link_option_url=\u00bb#\u00bb locked=\u00bboff\u00bb][\/et_pb_toggle][et_pb_toggle title=\u00bbHLE EDICIONES\u00bb _builder_version=\u00bb4.9.0&#8243; _module_preset=\u00bbdefault\u00bb title_font=\u00bb|700|||||||\u00bb title_font_size=\u00bb14px\u00bb custom_margin=\u00bb||0px|||\u00bb link_option_url=\u00bb#\u00bb locked=\u00bboff\u00bb][\/et_pb_toggle][et_pb_toggle title=\u00bbSERVICIO P\u00daBLICO DE EMPLEO EN GALICIA\u00bb _builder_version=\u00bb4.9.0&#8243; _module_preset=\u00bbdefault\u00bb title_font=\u00bb|700|||||||\u00bb title_font_size=\u00bb14px\u00bb custom_margin=\u00bb||0px|||\u00bb link_option_url=\u00bbhttp:\/\/highleveleducation.com\/old\/servico-publico-de-empleo-de-galicia\/\u00bb locked=\u00bboff\u00bb][\/et_pb_toggle][et_pb_toggle title=\u00bbTRABAJA CON NOSOTROS\u00bb _builder_version=\u00bb4.9.0&#8243; _module_preset=\u00bbdefault\u00bb title_font=\u00bb|700|||||||\u00bb title_font_size=\u00bb14px\u00bb custom_margin=\u00bb||0px|||\u00bb link_option_url=\u00bb#\u00bb locked=\u00bboff\u00bb][\/et_pb_toggle][\/et_pb_column][\/et_pb_section]<\/p>\n","protected":false},"excerpt":{"rendered":"<p>HIGH LEVEL EDUCATIONFormamos HIGH LEVEL EDUCATION dispone de varias modalidades de impartici\u00f3n de la formaci\u00f3n, adapt\u00e1ndonos a las necesidades educativas de los alumnos\/as y a las nuevas tecnolog\u00edas que facilitan el poder formarse en cualquier lugar, a cualquier hora y en cualquier tipos de dispositivo. &nbsp; Formaci\u00f3n presencial. Si la necesidad formativa de la empresa [&hellip;]<\/p>\n","protected":false},"author":1,"featured_media":0,"parent":0,"menu_order":0,"comment_status":"closed","ping_status":"closed","template":"","meta":{"_et_pb_use_builder":"on","_et_pb_old_content":"","_et_gb_content_width":"","footnotes":""},"class_list":["post-189","page","type-page","status-publish","hentry"],"_links":{"self":[{"href":"http:\/\/highleveleducation.com\/old\/wp-json\/wp\/v2\/pages\/189","targetHints":{"allow":["GET"]}}],"collection":[{"href":"http:\/\/highleveleducation.com\/old\/wp-json\/wp\/v2\/pages"}],"about":[{"href":"http:\/\/highleveleducation.com\/old\/wp-json\/wp\/v2\/types\/page"}],"author":[{"embeddable":true,"href":"http:\/\/highleveleducation.com\/old\/wp-json\/wp\/v2\/users\/1"}],"replies":[{"embeddable":true,"href":"http:\/\/highleveleducation.com\/old\/wp-json\/wp\/v2\/comments?post=189"}],"version-history":[{"count":11,"href":"http:\/\/highleveleducation.com\/old\/wp-json\/wp\/v2\/pages\/189\/revisions"}],"predecessor-version":[{"id":235,"href":"http:\/\/highleveleducation.com\/old\/wp-json\/wp\/v2\/pages\/189\/revisions\/235"}],"wp:attachment":[{"href":"http:\/\/highleveleducation.com\/old\/wp-json\/wp\/v2\/media?parent=189"}],"curies":[{"name":"wp","href":"https:\/\/api.w.org\/{rel}","templated":true}]}}