{"id":181,"date":"2022-10-20T00:20:28","date_gmt":"2022-10-20T00:20:28","guid":{"rendered":"http:\/\/highleveleducation.com\/old\/?page_id=181"},"modified":"2022-10-20T00:49:14","modified_gmt":"2022-10-20T00:49:14","slug":"formacion-programada-covid-19","status":"publish","type":"page","link":"http:\/\/highleveleducation.com\/old\/formacion-programada-covid-19\/","title":{"rendered":"Formaci\u00f3n Programada COVID-19"},"content":{"rendered":"<p>[et_pb_section fb_built=\u00bb1&#8243; admin_label=\u00bbMarketing Hero\u00bb _builder_version=\u00bb3.22&#8243; background_enable_color=\u00bboff\u00bb use_background_color_gradient=\u00bbon\u00bb background_color_gradient_start=\u00bb#34ba00&#8243; background_color_gradient_end=\u00bbrgba(158,216,104,0.46)\u00bb background_image=\u00bbhttp:\/\/highleveleducation.com\/old\/wp-content\/uploads\/2022\/10\/coding-background-texture.jpg\u00bb background_blend=\u00bboverlay\u00bb custom_padding=\u00bb52px|0px|39px|0px||\u00bb animation_style=\u00bbslide\u00bb animation_direction=\u00bbtop\u00bb animation_intensity_slide=\u00bb2%\u00bb][et_pb_row _builder_version=\u00bb3.25&#8243; background_size=\u00bbinitial\u00bb background_position=\u00bbtop_left\u00bb background_repeat=\u00bbrepeat\u00bb animation_style=\u00bbzoom\u00bb animation_direction=\u00bbbottom\u00bb animation_intensity_zoom=\u00bb6%\u00bb][et_pb_column type=\u00bb4_4&#8243; _builder_version=\u00bb3.25&#8243; custom_padding=\u00bb|||\u00bb custom_padding__hover=\u00bb|||\u00bb][et_pb_text _builder_version=\u00bb4.9.0&#8243; header_font=\u00bb|on|||\u00bb header_font_size=\u00bb45px\u00bb header_line_height=\u00bb1.3em\u00bb background_size=\u00bbinitial\u00bb background_position=\u00bbtop_left\u00bb background_repeat=\u00bbrepeat\u00bb background_layout=\u00bbdark\u00bb custom_margin=\u00bb||20px|\u00bb animation_style=\u00bbslide\u00bb animation_direction=\u00bbbottom\u00bb animation_intensity_slide=\u00bb10%\u00bb hover_enabled=\u00bb0&#8243; header_text_shadow_style=\u00bbpreset4&#8243; locked=\u00bboff\u00bb sticky_enabled=\u00bb0&#8243;]<\/p>\n<h1 style=\"text-align: center;\">Formaci\u00f3n Programada COVID-19<\/h1>\n<p>[\/et_pb_text][et_pb_divider color=\u00bb#09e1c0&#8243; divider_weight=\u00bb4px\u00bb disabled_on=\u00bboff|off|off\u00bb _builder_version=\u00bb3.2&#8243; background_size=\u00bbinitial\u00bb background_position=\u00bbtop_left\u00bb background_repeat=\u00bbrepeat\u00bb max_width=\u00bb40px\u00bb module_alignment=\u00bbleft\u00bb custom_margin=\u00bb||10px|\u00bb animation_style=\u00bbzoom\u00bb animation_direction=\u00bbleft\u00bb saved_tabs=\u00bball\u00bb locked=\u00bboff\u00bb][\/et_pb_divider][\/et_pb_column][\/et_pb_row][\/et_pb_section][et_pb_section fb_built=\u00bb1&#8243; specialty=\u00bbon\u00bb _builder_version=\u00bb4.9.0&#8243; _module_preset=\u00bbdefault\u00bb][et_pb_column type=\u00bb3_4&#8243; specialty_columns=\u00bb3&#8243; _builder_version=\u00bb3.25&#8243; custom_padding=\u00bb|||\u00bb custom_padding__hover=\u00bb|||\u00bb][et_pb_row_inner _builder_version=\u00bb4.9.0&#8243; _module_preset=\u00bbdefault\u00bb][et_pb_column_inner saved_specialty_column_type=\u00bb3_4&#8243; _builder_version=\u00bb4.9.0&#8243; _module_preset=\u00bbdefault\u00bb][et_pb_text _builder_version=\u00bb4.9.0&#8243; header_font=\u00bb||||||||\u00bb header_2_font=\u00bb|700|||||||\u00bb header_2_text_color=\u00bb#7272ff\u00bb header_2_font_size=\u00bb36px\u00bb header_2_line_height=\u00bb1.3em\u00bb background_size=\u00bbinitial\u00bb background_position=\u00bbtop_left\u00bb background_repeat=\u00bbrepeat\u00bb text_orientation=\u00bbcenter\u00bb module_alignment=\u00bbcenter\u00bb custom_margin=\u00bb||20px|\u00bb animation_style=\u00bbslide\u00bb animation_direction=\u00bbbottom\u00bb animation_intensity_slide=\u00bb10%\u00bb hover_enabled=\u00bb0&#8243; locked=\u00bboff\u00bb header_font_size__hover=\u00bb30px\u00bb header_font_size__hover_enabled=\u00bb30px\u00bb header_letter_spacing__hover=\u00bb0px\u00bb header_letter_spacing__hover_enabled=\u00bb0px\u00bb header_text_shadow_style__hover=\u00bbnone\u00bb header_text_shadow_style__hover_enabled=\u00bbnone\u00bb header_text_shadow_color__hover=\u00bbrgba(0,0,0,0.4)\u00bb header_text_shadow_color__hover_enabled=\u00bbrgba(0,0,0,0.4)\u00bb sticky_enabled=\u00bb0&#8243;]<\/p>\n<h2><span style=\"color: #000000;\">Formaci\u00f3n Programada &#8211; Cursos<\/span><\/h2>\n<p>[\/et_pb_text][et_pb_divider color=\u00bb#09e1c0&#8243; divider_weight=\u00bb4px\u00bb disabled_on=\u00bboff|off|off\u00bb _builder_version=\u00bb3.19.3&#8243; background_size=\u00bbinitial\u00bb background_position=\u00bbtop_left\u00bb background_repeat=\u00bbrepeat\u00bb max_width=\u00bb40px\u00bb module_alignment=\u00bbcenter\u00bb custom_margin=\u00bb||10px|\u00bb animation_style=\u00bbzoom\u00bb animation_direction=\u00bbleft\u00bb saved_tabs=\u00bball\u00bb locked=\u00bboff\u00bb][\/et_pb_divider][et_pb_blurb title=\u00bbCOVID-19&#8243; image=\u00bbhttp:\/\/highleveleducation.com\/old\/wp-content\/uploads\/2022\/10\/COVID.png\u00bb _builder_version=\u00bb4.9.0&#8243; _module_preset=\u00bbdefault\u00bb header_font=\u00bb|700|||||||\u00bb custom_padding=\u00bb10px||10px||false|false\u00bb hover_enabled=\u00bb0&#8243; border_color_all=\u00bb#7CDA24&#8243; locked=\u00bboff\u00bb header_text_align=\u00bbcenter\u00bb sticky_enabled=\u00bb0&#8243;][\/et_pb_blurb][\/et_pb_column_inner][\/et_pb_row_inner][et_pb_row_inner _builder_version=\u00bb4.9.0&#8243; _module_preset=\u00bbdefault\u00bb][et_pb_column_inner saved_specialty_column_type=\u00bb3_4&#8243; _builder_version=\u00bb4.9.0&#8243; _module_preset=\u00bbdefault\u00bb][et_pb_text _builder_version=\u00bb4.9.0&#8243; _module_preset=\u00bbdefault\u00bb hover_enabled=\u00bb0&#8243; sticky_enabled=\u00bb0&#8243;]<\/p>\n<table border=\"3\">\n<tbody>\n<tr style=\"height: 97px;\">\n<td style=\"width: 57.0469px; height: 97px; text-align: center;\">\n<h4><strong>COVID-19<\/strong><\/h4>\n<\/td>\n<td style=\"width: 55.8906px; height: 97px; text-align: center;\">\n<h4><strong>HORAS<\/strong><\/h4>\n<\/td>\n<td style=\"width: 117.781px; height: 97px; text-align: center;\">\n<h4><strong>CERTIFICADOS<\/strong><\/h4>\n<\/td>\n<td style=\"width: 97px; height: 97px; text-align: center;\">\n<h4><strong>PROGRAMA<\/strong><\/h4>\n<h4><strong>FORMATIVO<\/strong><\/h4>\n<\/td>\n<\/tr>\n<tr style=\"height: 18px;\">\n<td style=\"width: 57.0469px; height: 18px;\">COVID-19 EN GERI\u00c1TRICOS<\/td>\n<td style=\"width: 55.8906px; height: 18px;\">60<\/td>\n<td style=\"width: 117.781px; height: 18px;\">&#8212;<\/td>\n<td style=\"width: 97px; height: 18px;\"><a href=\"http:\/\/highleveleducation.com\/old\/wp-content\/uploads\/2022\/10\/documento.png\"><img loading=\"lazy\" decoding=\"async\" src=\"http:\/\/highleveleducation.com\/old\/wp-content\/uploads\/2022\/10\/documento.png\" width=\"80\" height=\"80\" alt=\"\" class=\"wp-image-185 alignnone size-full\" \/><\/a><\/td>\n<\/tr>\n<tr style=\"height: 10px;\">\n<td style=\"width: 57.0469px; height: 10px;\">COVID-19 EN EL AULA<\/td>\n<td style=\"width: 55.8906px; height: 10px;\">60<\/td>\n<td style=\"width: 117.781px; height: 10px;\">&#8212;<\/td>\n<td style=\"width: 97px; height: 10px;\"><a href=\"http:\/\/highleveleducation.com\/old\/wp-content\/uploads\/2022\/10\/documento.png\"><img loading=\"lazy\" decoding=\"async\" src=\"http:\/\/highleveleducation.com\/old\/wp-content\/uploads\/2022\/10\/documento.png\" width=\"80\" height=\"80\" alt=\"\" class=\"wp-image-185 alignnone size-full\" \/><\/a><\/td>\n<\/tr>\n<tr style=\"height: 10px;\">\n<td style=\"width: 57.0469px; height: 10px;\">COVID-19 EN LA EMPRESA<\/td>\n<td style=\"width: 55.8906px; height: 10px;\">20<\/td>\n<td style=\"width: 117.781px; height: 10px;\">&#8212;<\/td>\n<td style=\"width: 97px; height: 10px;\"><a href=\"http:\/\/highleveleducation.com\/old\/wp-content\/uploads\/2022\/10\/documento.png\"><img loading=\"lazy\" decoding=\"async\" src=\"http:\/\/highleveleducation.com\/old\/wp-content\/uploads\/2022\/10\/documento.png\" width=\"80\" height=\"80\" alt=\"\" class=\"wp-image-185 alignnone size-full\" \/><\/a><\/td>\n<\/tr>\n<tr style=\"height: 10px;\">\n<td style=\"width: 57.0469px; height: 10px;\">RESTAURANTE COVID-19 FREE<\/td>\n<td style=\"width: 55.8906px; height: 10px;\">60<\/td>\n<td style=\"width: 117.781px; height: 10px;\">&#8212;<\/td>\n<td style=\"width: 97px; height: 10px;\"><a href=\"http:\/\/highleveleducation.com\/old\/wp-content\/uploads\/2022\/10\/documento.png\"><img loading=\"lazy\" decoding=\"async\" src=\"http:\/\/highleveleducation.com\/old\/wp-content\/uploads\/2022\/10\/documento.png\" width=\"80\" height=\"80\" alt=\"\" class=\"wp-image-185 alignnone size-full\" \/><\/a><\/td>\n<\/tr>\n<tr style=\"height: 10px;\">\n<td style=\"width: 57.0469px; height: 10px;\">COVID-19 EN SUPERMERCADOS<\/td>\n<td style=\"width: 55.8906px; height: 10px;\">30<\/td>\n<td style=\"width: 117.781px; height: 10px;\">&#8212;<\/td>\n<td style=\"width: 97px; height: 10px;\"><a href=\"http:\/\/highleveleducation.com\/old\/wp-content\/uploads\/2022\/10\/documento.png\"><img loading=\"lazy\" decoding=\"async\" src=\"http:\/\/highleveleducation.com\/old\/wp-content\/uploads\/2022\/10\/documento.png\" width=\"80\" height=\"80\" alt=\"\" class=\"wp-image-185 alignnone size-full\" \/><\/a><\/td>\n<\/tr>\n<tr style=\"height: 10px;\">\n<td style=\"width: 57.0469px; height: 10px;\">COVID-19 EN BODEGAS<\/td>\n<td style=\"width: 55.8906px; height: 10px;\">30<\/td>\n<td style=\"width: 117.781px; height: 10px;\">&#8212;<\/td>\n<td style=\"width: 97px; height: 10px;\"><a href=\"http:\/\/highleveleducation.com\/old\/wp-content\/uploads\/2022\/10\/documento.png\"><img loading=\"lazy\" decoding=\"async\" src=\"http:\/\/highleveleducation.com\/old\/wp-content\/uploads\/2022\/10\/documento.png\" width=\"80\" height=\"80\" alt=\"\" class=\"wp-image-185 alignnone size-full\" \/><\/a><\/td>\n<\/tr>\n<\/tbody>\n<\/table>\n<p>[\/et_pb_text][\/et_pb_column_inner][\/et_pb_row_inner][et_pb_row_inner _builder_version=\u00bb4.9.0&#8243; _module_preset=\u00bbdefault\u00bb][et_pb_column_inner saved_specialty_column_type=\u00bb3_4&#8243; _builder_version=\u00bb4.9.0&#8243; _module_preset=\u00bbdefault\u00bb][et_pb_button button_url=\u00bbhttp:\/\/highleveleducation.com\/old\/formacion-programada-2\/\u00bb button_text=\u00bbVOLVER\u00bb button_alignment=\u00bbcenter\u00bb _builder_version=\u00bb4.9.0&#8243; custom_button=\u00bbon\u00bb button_text_size=\u00bb16px\u00bb button_text_color=\u00bb#FFFFFF\u00bb button_bg_color=\u00bb#000000&#8243; button_border_width=\u00bb10px\u00bb button_border_color=\u00bb#000000&#8243; button_border_radius=\u00bb100px\u00bb button_letter_spacing=\u00bb1px\u00bb button_font=\u00bb|on||on|\u00bb button_icon=\u00bb%%36%%\u00bb button_on_hover=\u00bboff\u00bb custom_margin=\u00bb20px|||\u00bb animation_style=\u00bbzoom\u00bb animation_delay=\u00bb100ms\u00bb animation_intensity_zoom=\u00bb6%\u00bb hover_enabled=\u00bb0&#8243; box_shadow_style=\u00bbpreset1&#8243; box_shadow_vertical=\u00bb10px\u00bb box_shadow_blur=\u00bb50px\u00bb box_shadow_spread=\u00bb5px\u00bb box_shadow_color=\u00bbrgba(114,114,255,0.4)\u00bb button_letter_spacing_hover=\u00bb2px\u00bb saved_tabs=\u00bball\u00bb locked=\u00bboff\u00bb button_text_size__hover_enabled=\u00bboff\u00bb button_text_size__hover=\u00bbnull\u00bb button_one_text_size__hover_enabled=\u00bboff\u00bb button_one_text_size__hover=\u00bbnull\u00bb button_two_text_size__hover_enabled=\u00bboff\u00bb button_two_text_size__hover=\u00bbnull\u00bb button_text_color__hover_enabled=\u00bboff\u00bb button_text_color__hover=\u00bbnull\u00bb button_one_text_color__hover_enabled=\u00bboff\u00bb button_one_text_color__hover=\u00bbnull\u00bb button_two_text_color__hover_enabled=\u00bboff\u00bb button_two_text_color__hover=\u00bbnull\u00bb button_border_width__hover_enabled=\u00bboff\u00bb button_border_width__hover=\u00bbnull\u00bb button_one_border_width__hover_enabled=\u00bboff\u00bb button_one_border_width__hover=\u00bbnull\u00bb button_two_border_width__hover_enabled=\u00bboff\u00bb button_two_border_width__hover=\u00bbnull\u00bb button_border_color__hover_enabled=\u00bboff\u00bb button_border_color__hover=\u00bbnull\u00bb button_one_border_color__hover_enabled=\u00bboff\u00bb button_one_border_color__hover=\u00bbnull\u00bb button_two_border_color__hover_enabled=\u00bboff\u00bb button_two_border_color__hover=\u00bbnull\u00bb button_border_radius__hover_enabled=\u00bboff\u00bb button_border_radius__hover=\u00bbnull\u00bb button_one_border_radius__hover_enabled=\u00bboff\u00bb button_one_border_radius__hover=\u00bbnull\u00bb button_two_border_radius__hover_enabled=\u00bboff\u00bb button_two_border_radius__hover=\u00bbnull\u00bb button_letter_spacing__hover_enabled=\u00bbon\u00bb button_letter_spacing__hover=\u00bb2px\u00bb button_one_letter_spacing__hover_enabled=\u00bboff\u00bb button_one_letter_spacing__hover=\u00bbnull\u00bb button_two_letter_spacing__hover_enabled=\u00bboff\u00bb button_two_letter_spacing__hover=\u00bbnull\u00bb button_bg_color__hover_enabled=\u00bboff\u00bb button_bg_color__hover=\u00bbnull\u00bb button_one_bg_color__hover_enabled=\u00bboff\u00bb button_one_bg_color__hover=\u00bbnull\u00bb button_two_bg_color__hover_enabled=\u00bboff\u00bb button_two_bg_color__hover=\u00bbnull\u00bb sticky_enabled=\u00bb0&#8243;][\/et_pb_button][\/et_pb_column_inner][\/et_pb_row_inner][\/et_pb_column][et_pb_column type=\u00bb1_4&#8243; _builder_version=\u00bb3.25&#8243; custom_padding=\u00bb|||\u00bb custom_padding__hover=\u00bb|||\u00bb][et_pb_blurb title=\u00bbCURSOS EN FORMACI\u00d3N\u00bb image=\u00bbhttp:\/\/highleveleducation.com\/old\/wp-content\/uploads\/2022\/10\/coding-icon_15.jpg\u00bb _builder_version=\u00bb4.9.0&#8243; _module_preset=\u00bbdefault\u00bb header_font=\u00bb|700|||||||\u00bb header_text_align=\u00bbcenter\u00bb][\/et_pb_blurb][et_pb_toggle title=\u00bbINTRODUCCI\u00d3N\u00bb _builder_version=\u00bb4.9.0&#8243; _module_preset=\u00bbdefault\u00bb title_font=\u00bb|700|||||||\u00bb title_font_size=\u00bb14px\u00bb custom_margin=\u00bb||0px|||\u00bb link_option_url=\u00bb#\u00bb][\/et_pb_toggle][et_pb_toggle title=\u00bbINFORMACI\u00d3N EN F. PROGRAMADA\u00bb _builder_version=\u00bb4.9.0&#8243; _module_preset=\u00bbdefault\u00bb title_font=\u00bb|700|||||||\u00bb title_font_size=\u00bb14px\u00bb title_line_height=\u00bb1.2em\u00bb custom_margin=\u00bb||-1px|||\u00bb link_option_url=\u00bb#\u00bb][\/et_pb_toggle][et_pb_toggle title=\u00bbCURSOS DE F. PROGRAMADA\u00bb _builder_version=\u00bb4.9.0&#8243; _module_preset=\u00bbdefault\u00bb title_font=\u00bb|700|||||||\u00bb title_font_size=\u00bb14px\u00bb title_line_height=\u00bb1.2em\u00bb link_option_url=\u00bb#\u00bb][\/et_pb_toggle][et_pb_toggle title=\u00bbC\u00d3MO TRAMITAR UN CURSO\u00bb _builder_version=\u00bb4.9.0&#8243; _module_preset=\u00bbdefault\u00bb title_font=\u00bb|700|||||||\u00bb title_font_size=\u00bb14px\u00bb title_line_height=\u00bb1.2em\u00bb custom_margin=\u00bb-34px|||||\u00bb link_option_url=\u00bb#\u00bb][\/et_pb_toggle][et_pb_toggle title=\u00bbBONIFICACI\u00d3N Y CONTABILIZACI\u00d3N\u00bb _builder_version=\u00bb4.9.0&#8243; _module_preset=\u00bbdefault\u00bb title_font=\u00bb|700|||||||\u00bb title_font_size=\u00bb14px\u00bb title_line_height=\u00bb1.2em\u00bb custom_margin=\u00bb-34px|||||\u00bb link_option_url=\u00bb#\u00bb][\/et_pb_toggle][et_pb_toggle title=\u00bbNORMATIVA Y DOCUMENTACI\u00d3N\u00bb _builder_version=\u00bb4.9.0&#8243; _module_preset=\u00bbdefault\u00bb title_font=\u00bb|700|||||||\u00bb title_font_size=\u00bb14px\u00bb title_line_height=\u00bb1.2em\u00bb custom_margin=\u00bb-34px|||||\u00bb link_option_url=\u00bb#\u00bb][\/et_pb_toggle][et_pb_toggle title=\u00bbCALCULE SU CR\u00c9DITO\u00bb _builder_version=\u00bb4.9.0&#8243; _module_preset=\u00bbdefault\u00bb title_font=\u00bb|700|||||||\u00bb title_font_size=\u00bb14px\u00bb title_line_height=\u00bb1.2em\u00bb custom_margin=\u00bb-34px|||||\u00bb link_option_url=\u00bb#\u00bb][\/et_pb_toggle][et_pb_toggle title=\u00bbPREGUNTAS FRECUENTES\u00bb _builder_version=\u00bb4.9.0&#8243; _module_preset=\u00bbdefault\u00bb title_font=\u00bb|700|||||||\u00bb title_font_size=\u00bb14px\u00bb title_line_height=\u00bb1.2em\u00bb custom_margin=\u00bb-34px||-1px|||\u00bb link_option_url=\u00bb#\u00bb][\/et_pb_toggle][et_pb_text _builder_version=\u00bb4.9.0&#8243; _module_preset=\u00bbdefault\u00bb text_font=\u00bb|700|||||||\u00bb text_text_color=\u00bb#FFFFFF\u00bb background_color=\u00bb#7CDA24&#8243; text_orientation=\u00bbcenter\u00bb text_text_shadow_style=\u00bbpreset2&#8243;]<\/p>\n<p>PRIVADA<\/p>\n<p>[\/et_pb_text][et_pb_toggle title=\u00bbCURSOS DE AUT\u00d3NOMOS Y PARTICULARES\u00bb _builder_version=\u00bb4.9.0&#8243; _module_preset=\u00bbdefault\u00bb title_font=\u00bb|700|||||||\u00bb title_font_size=\u00bb14px\u00bb title_line_height=\u00bb1.2em\u00bb custom_margin=\u00bb-34px||-1px|||\u00bb link_option_url=\u00bb#\u00bb locked=\u00bboff\u00bb][\/et_pb_toggle][et_pb_text _builder_version=\u00bb4.9.0&#8243; _module_preset=\u00bbdefault\u00bb text_font=\u00bb|700|||||||\u00bb text_text_color=\u00bb#FFFFFF\u00bb background_color=\u00bb#7CDA24&#8243; text_orientation=\u00bbcenter\u00bb text_text_shadow_style=\u00bbpreset2&#8243; locked=\u00bboff\u00bb]<\/p>\n<p>OTROS<\/p>\n<p>[\/et_pb_text][et_pb_toggle title=\u00bbREGISTRO DE HORARIO\u00bb _builder_version=\u00bb4.9.0&#8243; _module_preset=\u00bbdefault\u00bb title_font=\u00bb|700|||||||\u00bb title_font_size=\u00bb14px\u00bb title_line_height=\u00bb1.2em\u00bb custom_margin=\u00bb-34px||-1px|||\u00bb link_option_url=\u00bb#\u00bb locked=\u00bboff\u00bb][\/et_pb_toggle][et_pb_text _builder_version=\u00bb4.9.0&#8243; _module_preset=\u00bbdefault\u00bb text_font=\u00bb|700|||||||\u00bb text_text_color=\u00bb#FFFFFF\u00bb background_color=\u00bb#7CDA24&#8243; text_orientation=\u00bbcenter\u00bb text_text_shadow_style=\u00bbpreset2&#8243; locked=\u00bboff\u00bb]<\/p>\n<p>GENERAL<\/p>\n<p>[\/et_pb_text][et_pb_toggle title=\u00bbZONA PRIVADA PARA EMPRESAS Y ASESOR\u00cdAS\u00bb _builder_version=\u00bb4.9.0&#8243; _module_preset=\u00bbdefault\u00bb title_font=\u00bb|700|||||||\u00bb title_font_size=\u00bb14px\u00bb title_line_height=\u00bb1.2em\u00bb custom_margin=\u00bb-34px||-1px|||\u00bb link_option_url=\u00bb#\u00bb locked=\u00bboff\u00bb][\/et_pb_toggle][\/et_pb_column][\/et_pb_section]<\/p>\n","protected":false},"excerpt":{"rendered":"<p>Formaci\u00f3n Programada COVID-19Formaci\u00f3n Programada &#8211; Cursos COVID-19 HORAS CERTIFICADOS PROGRAMA FORMATIVO COVID-19 EN GERI\u00c1TRICOS 60 &#8212; COVID-19 EN EL AULA 60 &#8212; COVID-19 EN LA EMPRESA 20 &#8212; RESTAURANTE COVID-19 FREE 60 &#8212; COVID-19 EN SUPERMERCADOS 30 &#8212; COVID-19 EN BODEGAS 30 &#8212; PRIVADAOTROSGENERAL<\/p>\n","protected":false},"author":1,"featured_media":0,"parent":0,"menu_order":0,"comment_status":"closed","ping_status":"closed","template":"","meta":{"_et_pb_use_builder":"on","_et_pb_old_content":"","_et_gb_content_width":"","footnotes":""},"class_list":["post-181","page","type-page","status-publish","hentry"],"_links":{"self":[{"href":"http:\/\/highleveleducation.com\/old\/wp-json\/wp\/v2\/pages\/181","targetHints":{"allow":["GET"]}}],"collection":[{"href":"http:\/\/highleveleducation.com\/old\/wp-json\/wp\/v2\/pages"}],"about":[{"href":"http:\/\/highleveleducation.com\/old\/wp-json\/wp\/v2\/types\/page"}],"author":[{"embeddable":true,"href":"http:\/\/highleveleducation.com\/old\/wp-json\/wp\/v2\/users\/1"}],"replies":[{"embeddable":true,"href":"http:\/\/highleveleducation.com\/old\/wp-json\/wp\/v2\/comments?post=181"}],"version-history":[{"count":3,"href":"http:\/\/highleveleducation.com\/old\/wp-json\/wp\/v2\/pages\/181\/revisions"}],"predecessor-version":[{"id":186,"href":"http:\/\/highleveleducation.com\/old\/wp-json\/wp\/v2\/pages\/181\/revisions\/186"}],"wp:attachment":[{"href":"http:\/\/highleveleducation.com\/old\/wp-json\/wp\/v2\/media?parent=181"}],"curies":[{"name":"wp","href":"https:\/\/api.w.org\/{rel}","templated":true}]}}